{"id":13014,"date":"2022-03-06T16:33:13","date_gmt":"2022-03-06T16:33:13","guid":{"rendered":"http:\/\/safariredsea.com\/?page_id=13014"},"modified":"2022-03-15T12:39:16","modified_gmt":"2022-03-15T12:39:16","slug":"safari-dans-la-baie-de-makadi","status":"publish","type":"page","link":"https:\/\/www.safariredsea.com\/fr\/safari-dans-la-baie-de-makadi\/","title":{"rendered":"Safari dans la baie de Makadi"},"content":{"rendered":"<h2 style=\"text-align: center;\"><strong>Safari dans la baie de Makadi<\/strong><\/h2>\n<p>&nbsp;<\/p>\n<p style=\"text-align: center;\">En ce qui concerne le mode de vie et l&rsquo;histoire de ce meilleur, Makadi Bay Safari Trip reste heureux toute la journ\u00e9e. Parall\u00e8lement \u00e0 cela, nous apportons beaucoup de choses plus excitantes qui vous \u00e9tonneront par leur charme et leur frisson.<\/p>\n","protected":false},"excerpt":{"rendered":"<p>Safari dans la baie de Makadi &nbsp; En ce qui concerne le mode de vie et l&rsquo;histoire de ce meilleur, Makadi Bay Safari Trip reste heureux toute la journ\u00e9e. Parall\u00e8lement \u00e0 cela, nous apportons beaucoup de choses plus excitantes qui vous \u00e9tonneront par leur charme et leur frisson.<\/p>\n","protected":false},"author":1,"featured_media":7346,"parent":0,"menu_order":0,"comment_status":"closed","ping_status":"closed","template":"page-template-city.php","meta":{"_acf_changed":false,"footnotes":""},"class_list":["post-13014","page","type-page","status-publish","has-post-thumbnail","hentry","entry"],"acf":[],"_links":{"self":[{"href":"https:\/\/www.safariredsea.com\/fr\/wp-json\/wp\/v2\/pages\/13014","targetHints":{"allow":["GET"]}}],"collection":[{"href":"https:\/\/www.safariredsea.com\/fr\/wp-json\/wp\/v2\/pages"}],"about":[{"href":"https:\/\/www.safariredsea.com\/fr\/wp-json\/wp\/v2\/types\/page"}],"author":[{"embeddable":true,"href":"https:\/\/www.safariredsea.com\/fr\/wp-json\/wp\/v2\/users\/1"}],"replies":[{"embeddable":true,"href":"https:\/\/www.safariredsea.com\/fr\/wp-json\/wp\/v2\/comments?post=13014"}],"version-history":[{"count":5,"href":"https:\/\/www.safariredsea.com\/fr\/wp-json\/wp\/v2\/pages\/13014\/revisions"}],"predecessor-version":[{"id":15286,"href":"https:\/\/www.safariredsea.com\/fr\/wp-json\/wp\/v2\/pages\/13014\/revisions\/15286"}],"wp:featuredmedia":[{"embeddable":true,"href":"https:\/\/www.safariredsea.com\/fr\/wp-json\/wp\/v2\/media\/7346"}],"wp:attachment":[{"href":"https:\/\/www.safariredsea.com\/fr\/wp-json\/wp\/v2\/media?parent=13014"}],"curies":[{"name":"wp","href":"https:\/\/api.w.org\/{rel}","templated":true}]}}