{"id":13072,"date":"2022-03-07T10:03:20","date_gmt":"2022-03-07T10:03:20","guid":{"rendered":"http:\/\/safariredsea.com\/?page_id=13072"},"modified":"2022-03-15T12:08:29","modified_gmt":"2022-03-15T12:08:29","slug":"safari-marsa-alam","status":"publish","type":"page","link":"https:\/\/www.safariredsea.com\/fr\/safari-marsa-alam\/","title":{"rendered":"Safari Marsa Alam"},"content":{"rendered":"<h2 style=\"text-align: center;\"><span style=\"color: #ffcc00;\">Safari Marsa Alam &#8211; Quad Bike Tours Marsa Alam, Jeep Safari Marsa Alam, Dune Buggy Marsa Alam<\/span><\/h2>\n<p>&nbsp;<\/p>\n<p>En ce qui concerne le mode de vie et l&rsquo;histoire de ce meilleur, Marsa Alam garde le plaisir toute la journ\u00e9e. Parall\u00e8lement \u00e0 cela, nous apportons beaucoup de choses plus excitantes qui vous \u00e9tonneront par leur charme et leur frisson.<\/p>\n<p>&nbsp;<\/p>\n","protected":false},"excerpt":{"rendered":"<p>Safari Marsa Alam &#8211; Quad Bike Tours Marsa Alam, Jeep Safari Marsa Alam, Dune Buggy Marsa Alam &nbsp; En ce qui concerne le mode de vie et l&rsquo;histoire de ce meilleur, Marsa Alam garde le plaisir toute la journ\u00e9e. Parall\u00e8lement \u00e0 cela, nous apportons beaucoup de choses plus excitantes qui vous \u00e9tonneront par leur charme [&hellip;]<\/p>\n","protected":false},"author":1,"featured_media":16815,"parent":0,"menu_order":0,"comment_status":"closed","ping_status":"closed","template":"page-template.php","meta":{"_acf_changed":false,"footnotes":""},"class_list":["post-13072","page","type-page","status-publish","has-post-thumbnail","hentry","entry"],"acf":[],"_links":{"self":[{"href":"https:\/\/www.safariredsea.com\/fr\/wp-json\/wp\/v2\/pages\/13072","targetHints":{"allow":["GET"]}}],"collection":[{"href":"https:\/\/www.safariredsea.com\/fr\/wp-json\/wp\/v2\/pages"}],"about":[{"href":"https:\/\/www.safariredsea.com\/fr\/wp-json\/wp\/v2\/types\/page"}],"author":[{"embeddable":true,"href":"https:\/\/www.safariredsea.com\/fr\/wp-json\/wp\/v2\/users\/1"}],"replies":[{"embeddable":true,"href":"https:\/\/www.safariredsea.com\/fr\/wp-json\/wp\/v2\/comments?post=13072"}],"version-history":[{"count":6,"href":"https:\/\/www.safariredsea.com\/fr\/wp-json\/wp\/v2\/pages\/13072\/revisions"}],"predecessor-version":[{"id":15252,"href":"https:\/\/www.safariredsea.com\/fr\/wp-json\/wp\/v2\/pages\/13072\/revisions\/15252"}],"wp:featuredmedia":[{"embeddable":true,"href":"https:\/\/www.safariredsea.com\/fr\/wp-json\/wp\/v2\/media\/16815"}],"wp:attachment":[{"href":"https:\/\/www.safariredsea.com\/fr\/wp-json\/wp\/v2\/media?parent=13072"}],"curies":[{"name":"wp","href":"https:\/\/api.w.org\/{rel}","templated":true}]}}