{"id":13110,"date":"2022-03-07T12:19:25","date_gmt":"2022-03-07T12:19:25","guid":{"rendered":"http:\/\/safariredsea.com\/?page_id=13110"},"modified":"2022-03-16T16:04:55","modified_gmt":"2022-03-16T16:04:55","slug":"safari-en-jeep-a-marsa-alam","status":"publish","type":"page","link":"https:\/\/www.safariredsea.com\/fr\/safari-marsa-alam\/safari-en-jeep-a-marsa-alam\/","title":{"rendered":"Safari en jeep \u00e0 Marsa Alam"},"content":{"rendered":"<h2 style=\"text-align: center;\"><strong>Safari en jeep \u00e0 Marsa Alam<\/strong><\/h2>\n<p>&nbsp;<\/p>\n<p style=\"text-align: center;\">En ce qui concerne le mode de vie et l&rsquo;histoire de ce Best, Marsa Alam Jeep Safari garde le plaisir toute la journ\u00e9e. Parall\u00e8lement \u00e0 cela, nous apportons beaucoup de choses plus excitantes qui vous \u00e9tonneront par leur charme et leur frisson.<\/p>\n<p>&nbsp;<\/p>\n","protected":false},"excerpt":{"rendered":"<p>Safari en jeep \u00e0 Marsa Alam &nbsp; En ce qui concerne le mode de vie et l&rsquo;histoire de ce Best, Marsa Alam Jeep Safari garde le plaisir toute la journ\u00e9e. Parall\u00e8lement \u00e0 cela, nous apportons beaucoup de choses plus excitantes qui vous \u00e9tonneront par leur charme et leur frisson. &nbsp;<\/p>\n","protected":false},"author":1,"featured_media":7076,"parent":13072,"menu_order":0,"comment_status":"closed","ping_status":"closed","template":"page-template-city.php","meta":{"_acf_changed":false,"footnotes":""},"class_list":["post-13110","page","type-page","status-publish","has-post-thumbnail","hentry","entry"],"acf":[],"_links":{"self":[{"href":"https:\/\/www.safariredsea.com\/fr\/wp-json\/wp\/v2\/pages\/13110","targetHints":{"allow":["GET"]}}],"collection":[{"href":"https:\/\/www.safariredsea.com\/fr\/wp-json\/wp\/v2\/pages"}],"about":[{"href":"https:\/\/www.safariredsea.com\/fr\/wp-json\/wp\/v2\/types\/page"}],"author":[{"embeddable":true,"href":"https:\/\/www.safariredsea.com\/fr\/wp-json\/wp\/v2\/users\/1"}],"replies":[{"embeddable":true,"href":"https:\/\/www.safariredsea.com\/fr\/wp-json\/wp\/v2\/comments?post=13110"}],"version-history":[{"count":6,"href":"https:\/\/www.safariredsea.com\/fr\/wp-json\/wp\/v2\/pages\/13110\/revisions"}],"predecessor-version":[{"id":15647,"href":"https:\/\/www.safariredsea.com\/fr\/wp-json\/wp\/v2\/pages\/13110\/revisions\/15647"}],"up":[{"embeddable":true,"href":"https:\/\/www.safariredsea.com\/fr\/wp-json\/wp\/v2\/pages\/13072"}],"wp:featuredmedia":[{"embeddable":true,"href":"https:\/\/www.safariredsea.com\/fr\/wp-json\/wp\/v2\/media\/7076"}],"wp:attachment":[{"href":"https:\/\/www.safariredsea.com\/fr\/wp-json\/wp\/v2\/media?parent=13110"}],"curies":[{"name":"wp","href":"https:\/\/api.w.org\/{rel}","templated":true}]}}