{"id":13197,"date":"2022-03-07T20:10:57","date_gmt":"2022-03-07T20:10:57","guid":{"rendered":"http:\/\/safariredsea.com\/?page_id=13197"},"modified":"2022-03-13T21:32:18","modified_gmt":"2022-03-13T21:32:18","slug":"safari-el-gouna","status":"publish","type":"page","link":"https:\/\/www.safariredsea.com\/fr\/safari-el-gouna\/","title":{"rendered":"Safari El Gouna"},"content":{"rendered":"<h1 style=\"text-align: center;\"><strong><span style=\"color: #ffcc00;\">Safari El Gouna &#8211; Quad Bike Tours El Gouna, Jeep Safari El Gouna, Dune Buggy El Gouna<\/span><\/strong><\/h1>\n<p>&nbsp;<\/p>\n<p>Le point El Gouna Desert Safari n&rsquo;est pas long avant le d\u00e9but du safari. Il y a une pause pour se d\u00e9tendre. Des salles de bains pour hommes et femmes sont m\u00eame l\u00e0 pour votre confort. Quads Bike et Dune buggy vous y attendent \u00e9galement. En supposant que vous souhaitiez participer au trajet, vous pouvez rouler pendant 20 \u00e0 30 minutes.<\/p>\n","protected":false},"excerpt":{"rendered":"<p>Safari El Gouna &#8211; Quad Bike Tours El Gouna, Jeep Safari El Gouna, Dune Buggy El Gouna &nbsp; Le point El Gouna Desert Safari n&rsquo;est pas long avant le d\u00e9but du safari. Il y a une pause pour se d\u00e9tendre. Des salles de bains pour hommes et femmes sont m\u00eame l\u00e0 pour votre confort. Quads [&hellip;]<\/p>\n","protected":false},"author":1,"featured_media":6586,"parent":0,"menu_order":0,"comment_status":"closed","ping_status":"closed","template":"page-template.php","meta":{"_acf_changed":false,"footnotes":""},"class_list":["post-13197","page","type-page","status-publish","has-post-thumbnail","hentry","entry"],"acf":[],"_links":{"self":[{"href":"https:\/\/www.safariredsea.com\/fr\/wp-json\/wp\/v2\/pages\/13197","targetHints":{"allow":["GET"]}}],"collection":[{"href":"https:\/\/www.safariredsea.com\/fr\/wp-json\/wp\/v2\/pages"}],"about":[{"href":"https:\/\/www.safariredsea.com\/fr\/wp-json\/wp\/v2\/types\/page"}],"author":[{"embeddable":true,"href":"https:\/\/www.safariredsea.com\/fr\/wp-json\/wp\/v2\/users\/1"}],"replies":[{"embeddable":true,"href":"https:\/\/www.safariredsea.com\/fr\/wp-json\/wp\/v2\/comments?post=13197"}],"version-history":[{"count":7,"href":"https:\/\/www.safariredsea.com\/fr\/wp-json\/wp\/v2\/pages\/13197\/revisions"}],"predecessor-version":[{"id":14715,"href":"https:\/\/www.safariredsea.com\/fr\/wp-json\/wp\/v2\/pages\/13197\/revisions\/14715"}],"wp:featuredmedia":[{"embeddable":true,"href":"https:\/\/www.safariredsea.com\/fr\/wp-json\/wp\/v2\/media\/6586"}],"wp:attachment":[{"href":"https:\/\/www.safariredsea.com\/fr\/wp-json\/wp\/v2\/media?parent=13197"}],"curies":[{"name":"wp","href":"https:\/\/api.w.org\/{rel}","templated":true}]}}