{"id":13218,"date":"2022-03-07T20:58:10","date_gmt":"2022-03-07T20:58:10","guid":{"rendered":"http:\/\/safariredsea.com\/?page_id=13218"},"modified":"2022-03-16T16:36:44","modified_gmt":"2022-03-16T16:36:44","slug":"quad-sahl-hasheesh","status":"publish","type":"page","link":"https:\/\/www.safariredsea.com\/fr\/safari-sahl-hashesh\/quad-sahl-hasheesh\/","title":{"rendered":"Quad Sahl Hasheesh"},"content":{"rendered":"<h2 style=\"text-align: center;\">Quad Sahl Hasheesh<\/h2>\n<p>&nbsp;<\/p>\n<p style=\"text-align: center;\">En ce qui concerne le mode de vie et l&rsquo;histoire de ce Best, <strong>Quad Sahl Hasheesh<\/strong> garde le plaisir toute la journ\u00e9e. Parall\u00e8lement \u00e0 cela, nous apportons beaucoup de choses plus excitantes qui vous \u00e9tonneront par leur charme et leur frisson.<\/p>\n","protected":false},"excerpt":{"rendered":"<p>Quad Sahl Hasheesh &nbsp; En ce qui concerne le mode de vie et l&rsquo;histoire de ce Best, Quad Sahl Hasheesh garde le plaisir toute la journ\u00e9e. Parall\u00e8lement \u00e0 cela, nous apportons beaucoup de choses plus excitantes qui vous \u00e9tonneront par leur charme et leur frisson.<\/p>\n","protected":false},"author":1,"featured_media":6998,"parent":13150,"menu_order":0,"comment_status":"closed","ping_status":"closed","template":"page-template-city.php","meta":{"_acf_changed":false,"footnotes":""},"class_list":["post-13218","page","type-page","status-publish","has-post-thumbnail","hentry","entry"],"acf":[],"_links":{"self":[{"href":"https:\/\/www.safariredsea.com\/fr\/wp-json\/wp\/v2\/pages\/13218","targetHints":{"allow":["GET"]}}],"collection":[{"href":"https:\/\/www.safariredsea.com\/fr\/wp-json\/wp\/v2\/pages"}],"about":[{"href":"https:\/\/www.safariredsea.com\/fr\/wp-json\/wp\/v2\/types\/page"}],"author":[{"embeddable":true,"href":"https:\/\/www.safariredsea.com\/fr\/wp-json\/wp\/v2\/users\/1"}],"replies":[{"embeddable":true,"href":"https:\/\/www.safariredsea.com\/fr\/wp-json\/wp\/v2\/comments?post=13218"}],"version-history":[{"count":6,"href":"https:\/\/www.safariredsea.com\/fr\/wp-json\/wp\/v2\/pages\/13218\/revisions"}],"predecessor-version":[{"id":15669,"href":"https:\/\/www.safariredsea.com\/fr\/wp-json\/wp\/v2\/pages\/13218\/revisions\/15669"}],"up":[{"embeddable":true,"href":"https:\/\/www.safariredsea.com\/fr\/wp-json\/wp\/v2\/pages\/13150"}],"wp:featuredmedia":[{"embeddable":true,"href":"https:\/\/www.safariredsea.com\/fr\/wp-json\/wp\/v2\/media\/6998"}],"wp:attachment":[{"href":"https:\/\/www.safariredsea.com\/fr\/wp-json\/wp\/v2\/media?parent=13218"}],"curies":[{"name":"wp","href":"https:\/\/api.w.org\/{rel}","templated":true}]}}