{"id":13238,"date":"2022-03-07T21:33:02","date_gmt":"2022-03-07T21:33:02","guid":{"rendered":"http:\/\/safariredsea.com\/?page_id=13238"},"modified":"2022-03-14T12:20:56","modified_gmt":"2022-03-14T12:20:56","slug":"safari-en-jeep-a-sahl-hasheesh","status":"publish","type":"page","link":"https:\/\/www.safariredsea.com\/fr\/safari-sahl-hashesh\/safari-en-jeep-a-sahl-hasheesh\/","title":{"rendered":"Safari en jeep \u00e0 Sahl Hasheesh"},"content":{"rendered":"<h2 style=\"text-align: center;\"><strong>Safari en jeep \u00e0 Sahl Hasheesh<\/strong><\/h2>\n<p>&nbsp;<\/p>\n<p style=\"text-align: center;\">Cr\u00e9ez les meilleurs souvenirs avec votre famille et vos proches dans <strong>Safari en jeep \u00e0 Sahl Hasheesh<\/strong>. Le coucher et le lever du soleil sont les meilleures vues que vous devez capturer dans le d\u00e9sert de la baie de Makadi.<\/p>\n","protected":false},"excerpt":{"rendered":"<p>Safari en jeep \u00e0 Sahl Hasheesh &nbsp; Cr\u00e9ez les meilleurs souvenirs avec votre famille et vos proches dans Safari en jeep \u00e0 Sahl Hasheesh. Le coucher et le lever du soleil sont les meilleures vues que vous devez capturer dans le d\u00e9sert de la baie de Makadi.<\/p>\n","protected":false},"author":1,"featured_media":7086,"parent":13150,"menu_order":0,"comment_status":"closed","ping_status":"closed","template":"page-template-city.php","meta":{"_acf_changed":false,"footnotes":""},"class_list":["post-13238","page","type-page","status-publish","has-post-thumbnail","hentry","entry"],"acf":[],"_links":{"self":[{"href":"https:\/\/www.safariredsea.com\/fr\/wp-json\/wp\/v2\/pages\/13238","targetHints":{"allow":["GET"]}}],"collection":[{"href":"https:\/\/www.safariredsea.com\/fr\/wp-json\/wp\/v2\/pages"}],"about":[{"href":"https:\/\/www.safariredsea.com\/fr\/wp-json\/wp\/v2\/types\/page"}],"author":[{"embeddable":true,"href":"https:\/\/www.safariredsea.com\/fr\/wp-json\/wp\/v2\/users\/1"}],"replies":[{"embeddable":true,"href":"https:\/\/www.safariredsea.com\/fr\/wp-json\/wp\/v2\/comments?post=13238"}],"version-history":[{"count":5,"href":"https:\/\/www.safariredsea.com\/fr\/wp-json\/wp\/v2\/pages\/13238\/revisions"}],"predecessor-version":[{"id":14887,"href":"https:\/\/www.safariredsea.com\/fr\/wp-json\/wp\/v2\/pages\/13238\/revisions\/14887"}],"up":[{"embeddable":true,"href":"https:\/\/www.safariredsea.com\/fr\/wp-json\/wp\/v2\/pages\/13150"}],"wp:featuredmedia":[{"embeddable":true,"href":"https:\/\/www.safariredsea.com\/fr\/wp-json\/wp\/v2\/media\/7086"}],"wp:attachment":[{"href":"https:\/\/www.safariredsea.com\/fr\/wp-json\/wp\/v2\/media?parent=13238"}],"curies":[{"name":"wp","href":"https:\/\/api.w.org\/{rel}","templated":true}]}}