{"id":13256,"date":"2022-03-07T21:56:04","date_gmt":"2022-03-07T21:56:04","guid":{"rendered":"http:\/\/safariredsea.com\/?page_id=13256"},"modified":"2022-03-16T16:32:23","modified_gmt":"2022-03-16T16:32:23","slug":"safari-en-buggy-sahl-hasheesh","status":"publish","type":"page","link":"https:\/\/www.safariredsea.com\/fr\/safari-sahl-hashesh\/safari-en-buggy-sahl-hasheesh\/","title":{"rendered":"Safari en buggy Sahl Hasheesh"},"content":{"rendered":"<h2 style=\"text-align: center;\"><strong>Safari en buggy Sahl Hasheesh<\/strong><\/h2>\n<p>&nbsp;<\/p>\n<p style=\"text-align: center;\">En ce qui concerne le mode de vie et l&rsquo;histoire de ce Best, <strong>Safari en buggy Sahl Hasheesh<\/strong> garde le plaisir toute la journ\u00e9e. Parall\u00e8lement \u00e0 cela, nous apportons beaucoup de choses plus excitantes qui vous \u00e9tonneront par leur charme et leur frisson.<\/p>\n","protected":false},"excerpt":{"rendered":"<p>Safari en buggy Sahl Hasheesh &nbsp; En ce qui concerne le mode de vie et l&rsquo;histoire de ce Best, Safari en buggy Sahl Hasheesh garde le plaisir toute la journ\u00e9e. Parall\u00e8lement \u00e0 cela, nous apportons beaucoup de choses plus excitantes qui vous \u00e9tonneront par leur charme et leur frisson.<\/p>\n","protected":false},"author":1,"featured_media":7034,"parent":13150,"menu_order":0,"comment_status":"closed","ping_status":"closed","template":"page-template-city.php","meta":{"_acf_changed":false,"footnotes":""},"class_list":["post-13256","page","type-page","status-publish","has-post-thumbnail","hentry","entry"],"acf":[],"_links":{"self":[{"href":"https:\/\/www.safariredsea.com\/fr\/wp-json\/wp\/v2\/pages\/13256","targetHints":{"allow":["GET"]}}],"collection":[{"href":"https:\/\/www.safariredsea.com\/fr\/wp-json\/wp\/v2\/pages"}],"about":[{"href":"https:\/\/www.safariredsea.com\/fr\/wp-json\/wp\/v2\/types\/page"}],"author":[{"embeddable":true,"href":"https:\/\/www.safariredsea.com\/fr\/wp-json\/wp\/v2\/users\/1"}],"replies":[{"embeddable":true,"href":"https:\/\/www.safariredsea.com\/fr\/wp-json\/wp\/v2\/comments?post=13256"}],"version-history":[{"count":5,"href":"https:\/\/www.safariredsea.com\/fr\/wp-json\/wp\/v2\/pages\/13256\/revisions"}],"predecessor-version":[{"id":15667,"href":"https:\/\/www.safariredsea.com\/fr\/wp-json\/wp\/v2\/pages\/13256\/revisions\/15667"}],"up":[{"embeddable":true,"href":"https:\/\/www.safariredsea.com\/fr\/wp-json\/wp\/v2\/pages\/13150"}],"wp:featuredmedia":[{"embeddable":true,"href":"https:\/\/www.safariredsea.com\/fr\/wp-json\/wp\/v2\/media\/7034"}],"wp:attachment":[{"href":"https:\/\/www.safariredsea.com\/fr\/wp-json\/wp\/v2\/media?parent=13256"}],"curies":[{"name":"wp","href":"https:\/\/api.w.org\/{rel}","templated":true}]}}