{"id":13515,"date":"2022-03-08T11:25:56","date_gmt":"2022-03-08T11:25:56","guid":{"rendered":"http:\/\/safariredsea.com\/?page_id=13515"},"modified":"2022-03-15T16:09:39","modified_gmt":"2022-03-15T16:09:39","slug":"safari-en-buggy-a-charm-el-cheikh","status":"publish","type":"page","link":"https:\/\/www.safariredsea.com\/fr\/safari-en-buggy-a-charm-el-cheikh\/","title":{"rendered":"Safari en buggy \u00e0 Charm el-Cheikh"},"content":{"rendered":"<h2 style=\"text-align: center;\">Safari en buggy \u00e0 Charm el-Cheikh<\/h2>\n<p>&nbsp;<\/p>\n<p style=\"text-align: center;\">Cr\u00e9ez les meilleurs souvenirs avec votre famille et vos proches \u00e0 Sharm El Sheikh Buggy Safari. Le coucher et le lever du soleil sont les meilleures vues que vous devez capturer dans le d\u00e9sert de la baie de Makadi.<\/p>\n","protected":false},"excerpt":{"rendered":"<p>Safari en buggy \u00e0 Charm el-Cheikh &nbsp; Cr\u00e9ez les meilleurs souvenirs avec votre famille et vos proches \u00e0 Sharm El Sheikh Buggy Safari. Le coucher et le lever du soleil sont les meilleures vues que vous devez capturer dans le d\u00e9sert de la baie de Makadi.<\/p>\n","protected":false},"author":1,"featured_media":7314,"parent":0,"menu_order":0,"comment_status":"closed","ping_status":"closed","template":"page-template-city.php","meta":{"_acf_changed":false,"footnotes":""},"class_list":["post-13515","page","type-page","status-publish","has-post-thumbnail","hentry","entry"],"acf":[],"_links":{"self":[{"href":"https:\/\/www.safariredsea.com\/fr\/wp-json\/wp\/v2\/pages\/13515","targetHints":{"allow":["GET"]}}],"collection":[{"href":"https:\/\/www.safariredsea.com\/fr\/wp-json\/wp\/v2\/pages"}],"about":[{"href":"https:\/\/www.safariredsea.com\/fr\/wp-json\/wp\/v2\/types\/page"}],"author":[{"embeddable":true,"href":"https:\/\/www.safariredsea.com\/fr\/wp-json\/wp\/v2\/users\/1"}],"replies":[{"embeddable":true,"href":"https:\/\/www.safariredsea.com\/fr\/wp-json\/wp\/v2\/comments?post=13515"}],"version-history":[{"count":5,"href":"https:\/\/www.safariredsea.com\/fr\/wp-json\/wp\/v2\/pages\/13515\/revisions"}],"predecessor-version":[{"id":15415,"href":"https:\/\/www.safariredsea.com\/fr\/wp-json\/wp\/v2\/pages\/13515\/revisions\/15415"}],"wp:featuredmedia":[{"embeddable":true,"href":"https:\/\/www.safariredsea.com\/fr\/wp-json\/wp\/v2\/media\/7314"}],"wp:attachment":[{"href":"https:\/\/www.safariredsea.com\/fr\/wp-json\/wp\/v2\/media?parent=13515"}],"curies":[{"name":"wp","href":"https:\/\/api.w.org\/{rel}","templated":true}]}}