{"id":13821,"date":"2022-03-09T10:26:11","date_gmt":"2022-03-09T10:26:11","guid":{"rendered":"http:\/\/safariredsea.com\/?page_id=13821"},"modified":"2022-03-15T17:53:26","modified_gmt":"2022-03-15T17:53:26","slug":"safari-dune-journee-dans-le-desert-au-coucher-du-soleil-de-marsa-alam","status":"publish","type":"page","link":"https:\/\/www.safariredsea.com\/fr\/safari-dune-journee-dans-le-desert-au-coucher-du-soleil-de-marsa-alam\/","title":{"rendered":"Safari d&rsquo;une journ\u00e9e dans le d\u00e9sert au coucher du soleil de Marsa Alam"},"content":{"rendered":"<h2 style=\"text-align: center;\"><strong>Safari d&rsquo;une journ\u00e9e dans le d\u00e9sert au coucher du soleil de Marsa Alam<\/strong><\/h2>\n<p>&nbsp;<\/p>\n<p style=\"text-align: center;\">En ce qui concerne le mode de vie et l&rsquo;histoire de ce meilleur, <strong>Safari d&rsquo;une journ\u00e9e dans le d\u00e9sert au coucher du soleil de Marsa Alam<\/strong> reste heureux toute la journ\u00e9e. Parall\u00e8lement \u00e0 cela, nous apportons beaucoup de choses plus excitantes qui vous \u00e9tonneront par leur charme et leur frisson.<\/p>\n","protected":false},"excerpt":{"rendered":"<p>Safari d&rsquo;une journ\u00e9e dans le d\u00e9sert au coucher du soleil de Marsa Alam &nbsp; En ce qui concerne le mode de vie et l&rsquo;histoire de ce meilleur, Safari d&rsquo;une journ\u00e9e dans le d\u00e9sert au coucher du soleil de Marsa Alam reste heureux toute la journ\u00e9e. Parall\u00e8lement \u00e0 cela, nous apportons beaucoup de choses plus excitantes [&hellip;]<\/p>\n","protected":false},"author":1,"featured_media":7250,"parent":0,"menu_order":0,"comment_status":"closed","ping_status":"closed","template":"page-template-city.php","meta":{"_acf_changed":false,"footnotes":""},"class_list":["post-13821","page","type-page","status-publish","has-post-thumbnail","hentry","entry"],"acf":[],"_links":{"self":[{"href":"https:\/\/www.safariredsea.com\/fr\/wp-json\/wp\/v2\/pages\/13821","targetHints":{"allow":["GET"]}}],"collection":[{"href":"https:\/\/www.safariredsea.com\/fr\/wp-json\/wp\/v2\/pages"}],"about":[{"href":"https:\/\/www.safariredsea.com\/fr\/wp-json\/wp\/v2\/types\/page"}],"author":[{"embeddable":true,"href":"https:\/\/www.safariredsea.com\/fr\/wp-json\/wp\/v2\/users\/1"}],"replies":[{"embeddable":true,"href":"https:\/\/www.safariredsea.com\/fr\/wp-json\/wp\/v2\/comments?post=13821"}],"version-history":[{"count":6,"href":"https:\/\/www.safariredsea.com\/fr\/wp-json\/wp\/v2\/pages\/13821\/revisions"}],"predecessor-version":[{"id":15489,"href":"https:\/\/www.safariredsea.com\/fr\/wp-json\/wp\/v2\/pages\/13821\/revisions\/15489"}],"wp:featuredmedia":[{"embeddable":true,"href":"https:\/\/www.safariredsea.com\/fr\/wp-json\/wp\/v2\/media\/7250"}],"wp:attachment":[{"href":"https:\/\/www.safariredsea.com\/fr\/wp-json\/wp\/v2\/media?parent=13821"}],"curies":[{"name":"wp","href":"https:\/\/api.w.org\/{rel}","templated":true}]}}