{"id":13877,"date":"2022-03-09T12:01:05","date_gmt":"2022-03-09T12:01:05","guid":{"rendered":"http:\/\/safariredsea.com\/?page_id=13877"},"modified":"2022-03-16T13:17:59","modified_gmt":"2022-03-16T13:17:59","slug":"quad-el-gouna","status":"publish","type":"page","link":"https:\/\/www.safariredsea.com\/fr\/safari-el-gouna\/quad-el-gouna\/","title":{"rendered":"Quad El Gouna"},"content":{"rendered":"<h2 style=\"text-align: center;\"><strong>Quad El Gouna<\/strong><\/h2>\n<p>&nbsp;<\/p>\n<p style=\"text-align: center;\">Concernant le mode de vie et l&rsquo;histoire de ce Best, <strong>Quad El Gouna<\/strong> garde le plaisir toute la journ\u00e9e. Parall\u00e8lement \u00e0 cela, nous apportons beaucoup de choses plus excitantes qui vous \u00e9tonneront par leur charme et leur frisson.<\/p>\n","protected":false},"excerpt":{"rendered":"<p>Quad El Gouna &nbsp; Concernant le mode de vie et l&rsquo;histoire de ce Best, Quad El Gouna garde le plaisir toute la journ\u00e9e. Parall\u00e8lement \u00e0 cela, nous apportons beaucoup de choses plus excitantes qui vous \u00e9tonneront par leur charme et leur frisson.<\/p>\n","protected":false},"author":1,"featured_media":6955,"parent":13197,"menu_order":0,"comment_status":"closed","ping_status":"closed","template":"page-template-city.php","meta":{"_acf_changed":false,"footnotes":""},"class_list":["post-13877","page","type-page","status-publish","has-post-thumbnail","hentry","entry"],"acf":[],"_links":{"self":[{"href":"https:\/\/www.safariredsea.com\/fr\/wp-json\/wp\/v2\/pages\/13877","targetHints":{"allow":["GET"]}}],"collection":[{"href":"https:\/\/www.safariredsea.com\/fr\/wp-json\/wp\/v2\/pages"}],"about":[{"href":"https:\/\/www.safariredsea.com\/fr\/wp-json\/wp\/v2\/types\/page"}],"author":[{"embeddable":true,"href":"https:\/\/www.safariredsea.com\/fr\/wp-json\/wp\/v2\/users\/1"}],"replies":[{"embeddable":true,"href":"https:\/\/www.safariredsea.com\/fr\/wp-json\/wp\/v2\/comments?post=13877"}],"version-history":[{"count":7,"href":"https:\/\/www.safariredsea.com\/fr\/wp-json\/wp\/v2\/pages\/13877\/revisions"}],"predecessor-version":[{"id":15581,"href":"https:\/\/www.safariredsea.com\/fr\/wp-json\/wp\/v2\/pages\/13877\/revisions\/15581"}],"up":[{"embeddable":true,"href":"https:\/\/www.safariredsea.com\/fr\/wp-json\/wp\/v2\/pages\/13197"}],"wp:featuredmedia":[{"embeddable":true,"href":"https:\/\/www.safariredsea.com\/fr\/wp-json\/wp\/v2\/media\/6955"}],"wp:attachment":[{"href":"https:\/\/www.safariredsea.com\/fr\/wp-json\/wp\/v2\/media?parent=13877"}],"curies":[{"name":"wp","href":"https:\/\/api.w.org\/{rel}","templated":true}]}}