{"id":13916,"date":"2022-03-09T12:23:28","date_gmt":"2022-03-09T12:23:28","guid":{"rendered":"http:\/\/safariredsea.com\/?page_id=13916"},"modified":"2022-03-16T13:13:26","modified_gmt":"2022-03-16T13:13:26","slug":"safari-en-jeep-a-el-gouna","status":"publish","type":"page","link":"https:\/\/www.safariredsea.com\/fr\/safari-el-gouna\/safari-en-jeep-a-el-gouna\/","title":{"rendered":"Safari en jeep \u00e0 El Gouna"},"content":{"rendered":"<h2 style=\"text-align: center;\"><strong>Safari en jeep \u00e0 El Gouna<\/strong><\/h2>\n<p>&nbsp;<\/p>\n<p>&nbsp;<\/p>\n<p style=\"text-align: center;\">Cr\u00e9ez les meilleurs souvenirs avec votre famille et vos proches \u00e0 <strong>Safari en jeep \u00e0 El Gouna<\/strong>. Le coucher et le lever du soleil sont les meilleures vues que vous devez capturer dans le d\u00e9sert de la baie de Makadi.<\/p>\n","protected":false},"excerpt":{"rendered":"<p>Safari en jeep \u00e0 El Gouna &nbsp; &nbsp; Cr\u00e9ez les meilleurs souvenirs avec votre famille et vos proches \u00e0 Safari en jeep \u00e0 El Gouna. Le coucher et le lever du soleil sont les meilleures vues que vous devez capturer dans le d\u00e9sert de la baie de Makadi.<\/p>\n","protected":false},"author":1,"featured_media":7019,"parent":13197,"menu_order":0,"comment_status":"closed","ping_status":"closed","template":"page-template-city.php","meta":{"_acf_changed":false,"footnotes":""},"class_list":["post-13916","page","type-page","status-publish","has-post-thumbnail","hentry","entry"],"acf":[],"_links":{"self":[{"href":"https:\/\/www.safariredsea.com\/fr\/wp-json\/wp\/v2\/pages\/13916","targetHints":{"allow":["GET"]}}],"collection":[{"href":"https:\/\/www.safariredsea.com\/fr\/wp-json\/wp\/v2\/pages"}],"about":[{"href":"https:\/\/www.safariredsea.com\/fr\/wp-json\/wp\/v2\/types\/page"}],"author":[{"embeddable":true,"href":"https:\/\/www.safariredsea.com\/fr\/wp-json\/wp\/v2\/users\/1"}],"replies":[{"embeddable":true,"href":"https:\/\/www.safariredsea.com\/fr\/wp-json\/wp\/v2\/comments?post=13916"}],"version-history":[{"count":6,"href":"https:\/\/www.safariredsea.com\/fr\/wp-json\/wp\/v2\/pages\/13916\/revisions"}],"predecessor-version":[{"id":15574,"href":"https:\/\/www.safariredsea.com\/fr\/wp-json\/wp\/v2\/pages\/13916\/revisions\/15574"}],"up":[{"embeddable":true,"href":"https:\/\/www.safariredsea.com\/fr\/wp-json\/wp\/v2\/pages\/13197"}],"wp:featuredmedia":[{"embeddable":true,"href":"https:\/\/www.safariredsea.com\/fr\/wp-json\/wp\/v2\/media\/7019"}],"wp:attachment":[{"href":"https:\/\/www.safariredsea.com\/fr\/wp-json\/wp\/v2\/media?parent=13916"}],"curies":[{"name":"wp","href":"https:\/\/api.w.org\/{rel}","templated":true}]}}