{"id":14050,"date":"2022-03-10T11:47:46","date_gmt":"2022-03-10T11:47:46","guid":{"rendered":"http:\/\/safariredsea.com\/?page_id=14050"},"modified":"2022-03-15T18:33:19","modified_gmt":"2022-03-15T18:33:19","slug":"safari-a-marsa-alam","status":"publish","type":"page","link":"https:\/\/www.safariredsea.com\/fr\/safari-a-marsa-alam\/","title":{"rendered":"Safari \u00e0 Marsa Alam"},"content":{"rendered":"<h2 style=\"text-align: center;\"><strong>Safari \u00e0 Marsa Alam<\/strong><\/h2>\n<p>&nbsp;<\/p>\n<p style=\"text-align: center;\">Cr\u00e9ez les meilleurs souvenirs avec votre famille et vos proches lors du voyage <strong>Safari \u00e0 Marsa Alam<\/strong>. Le coucher et le lever du soleil sont les meilleures vues que vous devez capturer dans le d\u00e9sert de la baie de Makadi.<\/p>\n<p>&nbsp;<\/p>\n","protected":false},"excerpt":{"rendered":"<p>Safari \u00e0 Marsa Alam &nbsp; Cr\u00e9ez les meilleurs souvenirs avec votre famille et vos proches lors du voyage Safari \u00e0 Marsa Alam. Le coucher et le lever du soleil sont les meilleures vues que vous devez capturer dans le d\u00e9sert de la baie de Makadi. &nbsp;<\/p>\n","protected":false},"author":1,"featured_media":7545,"parent":0,"menu_order":0,"comment_status":"closed","ping_status":"closed","template":"page-template-cat.php","meta":{"_acf_changed":false,"footnotes":""},"class_list":["post-14050","page","type-page","status-publish","has-post-thumbnail","hentry","entry"],"acf":[],"_links":{"self":[{"href":"https:\/\/www.safariredsea.com\/fr\/wp-json\/wp\/v2\/pages\/14050","targetHints":{"allow":["GET"]}}],"collection":[{"href":"https:\/\/www.safariredsea.com\/fr\/wp-json\/wp\/v2\/pages"}],"about":[{"href":"https:\/\/www.safariredsea.com\/fr\/wp-json\/wp\/v2\/types\/page"}],"author":[{"embeddable":true,"href":"https:\/\/www.safariredsea.com\/fr\/wp-json\/wp\/v2\/users\/1"}],"replies":[{"embeddable":true,"href":"https:\/\/www.safariredsea.com\/fr\/wp-json\/wp\/v2\/comments?post=14050"}],"version-history":[{"count":7,"href":"https:\/\/www.safariredsea.com\/fr\/wp-json\/wp\/v2\/pages\/14050\/revisions"}],"predecessor-version":[{"id":15506,"href":"https:\/\/www.safariredsea.com\/fr\/wp-json\/wp\/v2\/pages\/14050\/revisions\/15506"}],"wp:featuredmedia":[{"embeddable":true,"href":"https:\/\/www.safariredsea.com\/fr\/wp-json\/wp\/v2\/media\/7545"}],"wp:attachment":[{"href":"https:\/\/www.safariredsea.com\/fr\/wp-json\/wp\/v2\/media?parent=14050"}],"curies":[{"name":"wp","href":"https:\/\/api.w.org\/{rel}","templated":true}]}}