{"id":14241,"date":"2022-03-10T19:11:41","date_gmt":"2022-03-10T19:11:41","guid":{"rendered":"http:\/\/safariredsea.com\/?page_id=14241"},"modified":"2022-03-15T09:15:03","modified_gmt":"2022-03-15T09:15:03","slug":"safari-baie-de-soma","status":"publish","type":"page","link":"https:\/\/www.safariredsea.com\/fr\/safari-baie-de-soma\/","title":{"rendered":"Safari Baie de Soma"},"content":{"rendered":"<h1 style=\"text-align: center;\"><span style=\"color: #ffcc00;\"><strong>Safari Soma Bay &#8211; Quad Bike Tours Soma Bay, Jeep Safari Soma Bay, Dune Buggy Soma Bay<\/strong><\/span><\/h1>\n<p>&nbsp;<\/p>\n<p>Desert Safari Soma Bay est une rencontre merveilleuse car, \u00e0 tout moment, vous vous aidez \u00e0 garder le temps o\u00f9 vous vous sentez revigor\u00e9 une fois de plus.<\/p>\n<p>Le soutien de millions de personnes lors de cette visite avec les familles et les conjoints garantit que Desert Safari est Soma Bay la meilleure visite parmi le large \u00e9ventail de visites diverses.<\/p>\n","protected":false},"excerpt":{"rendered":"<p>Safari Soma Bay &#8211; Quad Bike Tours Soma Bay, Jeep Safari Soma Bay, Dune Buggy Soma Bay &nbsp; Desert Safari Soma Bay est une rencontre merveilleuse car, \u00e0 tout moment, vous vous aidez \u00e0 garder le temps o\u00f9 vous vous sentez revigor\u00e9 une fois de plus. Le soutien de millions de personnes lors de cette [&hellip;]<\/p>\n","protected":false},"author":1,"featured_media":16829,"parent":0,"menu_order":0,"comment_status":"closed","ping_status":"closed","template":"page-template.php","meta":{"_acf_changed":false,"footnotes":""},"class_list":["post-14241","page","type-page","status-publish","has-post-thumbnail","hentry","entry"],"acf":[],"_links":{"self":[{"href":"https:\/\/www.safariredsea.com\/fr\/wp-json\/wp\/v2\/pages\/14241","targetHints":{"allow":["GET"]}}],"collection":[{"href":"https:\/\/www.safariredsea.com\/fr\/wp-json\/wp\/v2\/pages"}],"about":[{"href":"https:\/\/www.safariredsea.com\/fr\/wp-json\/wp\/v2\/types\/page"}],"author":[{"embeddable":true,"href":"https:\/\/www.safariredsea.com\/fr\/wp-json\/wp\/v2\/users\/1"}],"replies":[{"embeddable":true,"href":"https:\/\/www.safariredsea.com\/fr\/wp-json\/wp\/v2\/comments?post=14241"}],"version-history":[{"count":6,"href":"https:\/\/www.safariredsea.com\/fr\/wp-json\/wp\/v2\/pages\/14241\/revisions"}],"predecessor-version":[{"id":15123,"href":"https:\/\/www.safariredsea.com\/fr\/wp-json\/wp\/v2\/pages\/14241\/revisions\/15123"}],"wp:featuredmedia":[{"embeddable":true,"href":"https:\/\/www.safariredsea.com\/fr\/wp-json\/wp\/v2\/media\/16829"}],"wp:attachment":[{"href":"https:\/\/www.safariredsea.com\/fr\/wp-json\/wp\/v2\/media?parent=14241"}],"curies":[{"name":"wp","href":"https:\/\/api.w.org\/{rel}","templated":true}]}}