{"id":14243,"date":"2022-03-11T09:58:16","date_gmt":"2022-03-11T09:58:16","guid":{"rendered":"http:\/\/safariredsea.com\/?page_id=14243"},"modified":"2022-03-15T10:45:10","modified_gmt":"2022-03-15T10:45:10","slug":"quad-a-soma-bay","status":"publish","type":"page","link":"https:\/\/www.safariredsea.com\/fr\/safari-baie-de-soma\/quad-a-soma-bay\/","title":{"rendered":"Quad \u00e0 Soma Bay"},"content":{"rendered":"<h2 style=\"text-align: center;\"><strong>Quad \u00e0 Soma Bay<\/strong><\/h2>\n<p>&nbsp;<\/p>\n<p>Pour les personnes qui veulent plus d&rsquo;\u00e9nergie dans leur safari de n\u00e9gligence, nous proposons la d\u00e9cision de fusionner Quad Bike Safari Soma Bay comme l&rsquo;une des activit\u00e9s. Si vous n&rsquo;avez jamais pilot\u00e9 le navire d&rsquo;un quad \u00e0 quatre roues \u00e0 Safari Soma Bay, vous trouverez s\u00fbrement une base passionnante. Nous d\u00e9ploierons un effort vaillant pour rendre l&rsquo;aventure Quad Biking amusante et s\u00fbre pour vous<\/p>\n","protected":false},"excerpt":{"rendered":"<p>Quad \u00e0 Soma Bay &nbsp; Pour les personnes qui veulent plus d&rsquo;\u00e9nergie dans leur safari de n\u00e9gligence, nous proposons la d\u00e9cision de fusionner Quad Bike Safari Soma Bay comme l&rsquo;une des activit\u00e9s. Si vous n&rsquo;avez jamais pilot\u00e9 le navire d&rsquo;un quad \u00e0 quatre roues \u00e0 Safari Soma Bay, vous trouverez s\u00fbrement une base passionnante. Nous [&hellip;]<\/p>\n","protected":false},"author":1,"featured_media":8038,"parent":14241,"menu_order":0,"comment_status":"closed","ping_status":"closed","template":"page-template-city.php","meta":{"_acf_changed":false,"footnotes":""},"class_list":["post-14243","page","type-page","status-publish","has-post-thumbnail","hentry","entry"],"acf":[],"_links":{"self":[{"href":"https:\/\/www.safariredsea.com\/fr\/wp-json\/wp\/v2\/pages\/14243","targetHints":{"allow":["GET"]}}],"collection":[{"href":"https:\/\/www.safariredsea.com\/fr\/wp-json\/wp\/v2\/pages"}],"about":[{"href":"https:\/\/www.safariredsea.com\/fr\/wp-json\/wp\/v2\/types\/page"}],"author":[{"embeddable":true,"href":"https:\/\/www.safariredsea.com\/fr\/wp-json\/wp\/v2\/users\/1"}],"replies":[{"embeddable":true,"href":"https:\/\/www.safariredsea.com\/fr\/wp-json\/wp\/v2\/comments?post=14243"}],"version-history":[{"count":7,"href":"https:\/\/www.safariredsea.com\/fr\/wp-json\/wp\/v2\/pages\/14243\/revisions"}],"predecessor-version":[{"id":15192,"href":"https:\/\/www.safariredsea.com\/fr\/wp-json\/wp\/v2\/pages\/14243\/revisions\/15192"}],"up":[{"embeddable":true,"href":"https:\/\/www.safariredsea.com\/fr\/wp-json\/wp\/v2\/pages\/14241"}],"wp:featuredmedia":[{"embeddable":true,"href":"https:\/\/www.safariredsea.com\/fr\/wp-json\/wp\/v2\/media\/8038"}],"wp:attachment":[{"href":"https:\/\/www.safariredsea.com\/fr\/wp-json\/wp\/v2\/media?parent=14243"}],"curies":[{"name":"wp","href":"https:\/\/api.w.org\/{rel}","templated":true}]}}