{"id":14283,"date":"2022-03-11T10:49:21","date_gmt":"2022-03-11T10:49:21","guid":{"rendered":"http:\/\/safariredsea.com\/?page_id=14283"},"modified":"2022-03-15T11:25:43","modified_gmt":"2022-03-15T11:25:43","slug":"safari-en-jeep-dans-la-baie-de-soma","status":"publish","type":"page","link":"https:\/\/www.safariredsea.com\/fr\/safari-baie-de-soma\/safari-en-jeep-dans-la-baie-de-soma\/","title":{"rendered":"Safari en jeep dans la baie de Soma"},"content":{"rendered":"<h2 style=\"text-align: center;\"><strong>Safari en jeep dans la baie de Soma<\/strong><\/h2>\n<p>&nbsp;<\/p>\n<p>En ce qui concerne le mode de vie et l&rsquo;histoire de ce Best, Soma Bay Jeep Safari garde le plaisir toute la journ\u00e9e. Parall\u00e8lement \u00e0 cela, nous apportons beaucoup de choses plus excitantes qui vous \u00e9tonneront par leur charme et leur frisson.<\/p>\n","protected":false},"excerpt":{"rendered":"<p>Safari en jeep dans la baie de Soma &nbsp; En ce qui concerne le mode de vie et l&rsquo;histoire de ce Best, Soma Bay Jeep Safari garde le plaisir toute la journ\u00e9e. Parall\u00e8lement \u00e0 cela, nous apportons beaucoup de choses plus excitantes qui vous \u00e9tonneront par leur charme et leur frisson.<\/p>\n","protected":false},"author":1,"featured_media":7093,"parent":14241,"menu_order":0,"comment_status":"closed","ping_status":"closed","template":"page-template-city.php","meta":{"_acf_changed":false,"footnotes":""},"class_list":["post-14283","page","type-page","status-publish","has-post-thumbnail","hentry","entry"],"acf":[],"_links":{"self":[{"href":"https:\/\/www.safariredsea.com\/fr\/wp-json\/wp\/v2\/pages\/14283","targetHints":{"allow":["GET"]}}],"collection":[{"href":"https:\/\/www.safariredsea.com\/fr\/wp-json\/wp\/v2\/pages"}],"about":[{"href":"https:\/\/www.safariredsea.com\/fr\/wp-json\/wp\/v2\/types\/page"}],"author":[{"embeddable":true,"href":"https:\/\/www.safariredsea.com\/fr\/wp-json\/wp\/v2\/users\/1"}],"replies":[{"embeddable":true,"href":"https:\/\/www.safariredsea.com\/fr\/wp-json\/wp\/v2\/comments?post=14283"}],"version-history":[{"count":6,"href":"https:\/\/www.safariredsea.com\/fr\/wp-json\/wp\/v2\/pages\/14283\/revisions"}],"predecessor-version":[{"id":15212,"href":"https:\/\/www.safariredsea.com\/fr\/wp-json\/wp\/v2\/pages\/14283\/revisions\/15212"}],"up":[{"embeddable":true,"href":"https:\/\/www.safariredsea.com\/fr\/wp-json\/wp\/v2\/pages\/14241"}],"wp:featuredmedia":[{"embeddable":true,"href":"https:\/\/www.safariredsea.com\/fr\/wp-json\/wp\/v2\/media\/7093"}],"wp:attachment":[{"href":"https:\/\/www.safariredsea.com\/fr\/wp-json\/wp\/v2\/media?parent=14283"}],"curies":[{"name":"wp","href":"https:\/\/api.w.org\/{rel}","templated":true}]}}