{"id":15823,"date":"2022-03-24T03:59:41","date_gmt":"2022-03-24T03:59:41","guid":{"rendered":"http:\/\/safariredsea.com\/?page_id=15823"},"modified":"2022-03-24T08:41:53","modified_gmt":"2022-03-24T08:41:53","slug":"devenir-un-partenaire","status":"publish","type":"page","link":"https:\/\/www.safariredsea.com\/fr\/devenir-un-partenaire\/","title":{"rendered":"Devenir un partenaire"},"content":{"rendered":"<hr \/>\n<p>&nbsp;<\/p>\n<h1><\/h1>\n<h1 style=\"text-align: center;\"><strong><span style=\"text-shadow: -2px 1px 17px rgba(136, 136, 136, 1);\">Comment travailler avec nous<\/span><\/strong><\/h1>\n<p>&nbsp;<\/p>\n<p class=\"headline\"><span style=\"font-size: 17px;\">Montrez \u00e0 vos clients le meilleur des voyages Safari en mer Rouge et aidez-les \u00e0 planifier et r\u00e9server les meilleurs circuits.<\/span><\/p>\n<p class=\"headline\"><span style=\"font-size: 17px;\"><strong>Safari Red Sea<\/strong> offre de nombreuses fa\u00e7ons \u00e0 tous les partenaires de vendre nos produits. Si vous \u00eates un agent de voyage, une entreprise de tourisme, un magasin g\u00e9n\u00e9ral en \u00c9gypte ou une grande entreprise, une compagnie a\u00e9rienne, un h\u00f4tel, un concierge, une influence, un cr\u00e9ateur de contenu ou toute autre entreprise qui souhaite offrir \u00e0 ses clients une fa\u00e7on amusante de d\u00e9couvrir l&rsquo;\u00c9gypte , nous sommes heureux de travailler avec vous\u00a0!<\/span><\/p>\n<div class=\"mceTemp\"><span style=\"font-size: 17px;\">\u00a0<\/span><\/div>\n<p><span style=\"font-size: 17px;\">Nous travaillons avec des <strong>agents de voyage en ligne (OTA)<\/strong> \/ <strong>compagnies a\u00e9riennes<\/strong> \/ <strong>concierges d&rsquo;h\u00f4tel<\/strong> \/ <strong>Agents de voyage<\/strong> \/ <strong>Guides de voyage. <\/strong><\/span><\/p>\n<p><span style=\"font-size: 17px;\">Connectez vos clients \u00e0 des exp\u00e9riences incroyables avec <strong>Safari Red Sea<\/strong>. <\/span><\/p>\n<p><span style=\"font-size: 17px;\">B\u00e9n\u00e9ficiez de notre int\u00e9gration en marque blanche ou point de vente, d&rsquo;un flux de r\u00e9servation rapide et d&rsquo;une communication client fluide. En \u00e9change de la promotion des produits <strong>Safari Red Sea<\/strong> sur votre site Web, vous toucherez une commission pour chaque r\u00e9servation r\u00e9ussie. Contactez-nous simplement via l&rsquo;une des options ci-dessous et nous vous contacterons sous peu.<\/span><\/p>\n<p style=\"text-align: center;\"><span style=\"font-size: 17px;\">Soumettez votre demande ici ou envoyez un e-mail \u00e0 notre \u00e9quipe commerciale \u00e0 <a href=\"mailto:partner@safariredsea.com\"><span style=\"font-size: 19px;\">partner@safariredsea.com<\/span><\/a><\/span><\/p>\n<p style=\"text-align: center;\">\n<div class=\"wpcf7 no-js\" id=\"wpcf7-f2130-o1\" lang=\"en-US\" dir=\"ltr\" data-wpcf7-id=\"2130\">\n<div class=\"screen-reader-response\"><p role=\"status\" aria-live=\"polite\" aria-atomic=\"true\"><\/p> <ul><\/ul><\/div>\n<form action=\"\/fr\/wp-json\/wp\/v2\/pages\/15823#wpcf7-f2130-o1\" method=\"post\" class=\"wpcf7-form init\" aria-label=\"Contact form\" novalidate=\"novalidate\" data-status=\"init\">\n<fieldset class=\"hidden-fields-container\"><input type=\"hidden\" name=\"_wpcf7\" value=\"2130\" \/><input type=\"hidden\" name=\"_wpcf7_version\" value=\"6.1.1\" \/><input type=\"hidden\" name=\"_wpcf7_locale\" value=\"en_US\" \/><input type=\"hidden\" name=\"_wpcf7_unit_tag\" value=\"wpcf7-f2130-o1\" \/><input type=\"hidden\" name=\"_wpcf7_container_post\" value=\"0\" \/><input type=\"hidden\" name=\"_wpcf7_posted_data_hash\" value=\"\" \/>\n<\/fieldset>\n<div class=\"row\">\n\t<div class=\"col-md-12 col-lg-12 col-sm-12 col-xs-12\">\n\t\t<div class=\"form-group\">\n\t\t\t<p><span class=\"wpcf7-form-control-wrap\" data-name=\"your-name\"><input size=\"40\" maxlength=\"400\" class=\"wpcf7-form-control wpcf7-text wpcf7-validates-as-required form-control\" aria-required=\"true\" aria-invalid=\"false\" placeholder=\"Your Name\" value=\"\" type=\"text\" name=\"your-name\" \/><\/span>\n\t\t\t<\/p>\n\t\t<\/div>\n\t<\/div>\n\t<div class=\"col-md-12 col-lg-12 col-sm-12 col-xs-12\">\n\t\t<div class=\"form-group\">\n\t\t\t<p><span class=\"wpcf7-form-control-wrap\" data-name=\"your-email\"><input size=\"40\" maxlength=\"400\" class=\"wpcf7-form-control wpcf7-email wpcf7-validates-as-required wpcf7-text wpcf7-validates-as-email form-control\" aria-required=\"true\" aria-invalid=\"false\" placeholder=\"Your Email\" value=\"\" type=\"email\" name=\"your-email\" \/><\/span>\n\t\t\t<\/p>\n\t\t<\/div>\n\t<\/div>\n\t<div class=\"col-md-12 col-lg-12 col-sm-12 col-xs-12\">\n\t\t<div class=\"form-group\">\n\t\t\t<p><span class=\"wpcf7-form-control-wrap\" data-name=\"your-subject\"><select class=\"wpcf7-form-control wpcf7-select wpcf7-validates-as-required form-control\" aria-required=\"true\" aria-invalid=\"false\" name=\"your-subject\"><option value=\"\">Business Type<\/option><option value=\"Online Travel agents (OTA)\">Online Travel agents (OTA)<\/option><option value=\"Airline\">Airline<\/option><option value=\"Hotel Concierge\">Hotel Concierge<\/option><option value=\"Travel Agent\">Travel Agent<\/option><option value=\"Travel Guide\">Travel Guide<\/option><option value=\"Travel Writer\">Travel Writer<\/option><option value=\"Travel News Website\">Travel News Website<\/option><option value=\"Other\">Other<\/option><\/select><\/span>\n\t\t\t<\/p>\n\t\t<\/div>\n\t<\/div>\n\t<div class=\"col-md-12 col-lg-12 col-sm-12 col-xs-12\">\n\t\t<div class=\"form-group\">\n\t\t\t<p><span class=\"wpcf7-form-control-wrap\" data-name=\"your-message\"><textarea cols=\"40\" rows=\"10\" maxlength=\"2000\" class=\"wpcf7-form-control wpcf7-textarea form-control\" aria-invalid=\"false\" placeholder=\"Tell us more about you and How you would like to sell our tours\" name=\"your-message\"><\/textarea><\/span>\n\t\t\t<\/p>\n\t\t<\/div>\n\t<\/div>\n\t<div class=\"col-md-12 col-lg-12 col-sm-12 col-xs-12\">\n\t\t<div class=\"form-group\">\n\t\t\t<p><input type=\"hidden\" name=\"_wpcf7_captcha_challenge_captcha-1\" value=\"1117592179\" \/><img decoding=\"async\" class=\"wpcf7-form-control wpcf7-captchac wpcf7-captcha-captcha-1\" width=\"72\" height=\"24\" alt=\"captcha\" src=\"https:\/\/www.safariredsea.com\/wp-content\/uploads\/wpcf7_captcha\/1117592179.png\" \/><span class=\"wpcf7-form-control-wrap\" data-name=\"captcha-1\"><input size=\"40\" class=\"wpcf7-form-control wpcf7-captchar\" autocomplete=\"off\" aria-invalid=\"false\" value=\"\" type=\"text\" name=\"captcha-1\" \/><\/span>\n\t\t\t<\/p>\n\t\t<\/div>\n\t<\/div>\n\t<div class=\"col-md-12 col-lg-12 col-sm-12 col-xs-12\">\n\t\t<div class=\"form-group\">\n\t\t\t<p><input class=\"wpcf7-form-control wpcf7-submit has-spinner btn_sub\" type=\"submit\" value=\"Submit Request\" \/>\n\t\t\t<\/p>\n\t\t<\/div>\n\t<\/div>\n<\/div><p style=\"display: none !important;\" class=\"akismet-fields-container\" data-prefix=\"_wpcf7_ak_\"><label>&#916;<textarea name=\"_wpcf7_ak_hp_textarea\" cols=\"45\" rows=\"8\" maxlength=\"100\"><\/textarea><\/label><input type=\"hidden\" id=\"ak_js_1\" name=\"_wpcf7_ak_js\" value=\"25\"\/><script>document.getElementById( \"ak_js_1\" ).setAttribute( \"value\", ( new Date() ).getTime() );<\/script><\/p><div class=\"wpcf7-response-output\" aria-hidden=\"true\"><\/div>\n<\/form>\n<\/div>\n<\/p>\n","protected":false},"excerpt":{"rendered":"<p>&nbsp; Comment travailler avec nous &nbsp; Montrez \u00e0 vos clients le meilleur des voyages Safari en mer Rouge et aidez-les \u00e0 planifier et r\u00e9server les meilleurs circuits. Safari Red Sea offre de nombreuses fa\u00e7ons \u00e0 tous les partenaires de vendre nos produits. Si vous \u00eates un agent de voyage, une entreprise de tourisme, un magasin [&hellip;]<\/p>\n","protected":false},"author":1,"featured_media":0,"parent":0,"menu_order":0,"comment_status":"closed","ping_status":"closed","template":"","meta":{"_acf_changed":false,"footnotes":""},"class_list":["post-15823","page","type-page","status-publish","hentry","entry"],"acf":[],"_links":{"self":[{"href":"https:\/\/www.safariredsea.com\/fr\/wp-json\/wp\/v2\/pages\/15823","targetHints":{"allow":["GET"]}}],"collection":[{"href":"https:\/\/www.safariredsea.com\/fr\/wp-json\/wp\/v2\/pages"}],"about":[{"href":"https:\/\/www.safariredsea.com\/fr\/wp-json\/wp\/v2\/types\/page"}],"author":[{"embeddable":true,"href":"https:\/\/www.safariredsea.com\/fr\/wp-json\/wp\/v2\/users\/1"}],"replies":[{"embeddable":true,"href":"https:\/\/www.safariredsea.com\/fr\/wp-json\/wp\/v2\/comments?post=15823"}],"version-history":[{"count":2,"href":"https:\/\/www.safariredsea.com\/fr\/wp-json\/wp\/v2\/pages\/15823\/revisions"}],"predecessor-version":[{"id":15973,"href":"https:\/\/www.safariredsea.com\/fr\/wp-json\/wp\/v2\/pages\/15823\/revisions\/15973"}],"wp:attachment":[{"href":"https:\/\/www.safariredsea.com\/fr\/wp-json\/wp\/v2\/media?parent=15823"}],"curies":[{"name":"wp","href":"https:\/\/api.w.org\/{rel}","templated":true}]}}