{"id":15861,"date":"2022-03-24T04:41:00","date_gmt":"2022-03-24T04:41:00","guid":{"rendered":"http:\/\/safariredsea.com\/?page_id=15861"},"modified":"2022-03-24T09:03:45","modified_gmt":"2022-03-24T09:03:45","slug":"termes-et-conditions","status":"publish","type":"page","link":"https:\/\/www.safariredsea.com\/fr\/termes-et-conditions\/","title":{"rendered":"Termes et conditions"},"content":{"rendered":"<p>Merci de votre int\u00e9r\u00eat pour <strong>Safari Red Sea<\/strong>, la r\u00e9servation de votre Safari Tour peut \u00eatre effectu\u00e9e via notre site Web en ligne. Une fois que vous avez termin\u00e9 la r\u00e9servation de votre forfait Safari, il sera consid\u00e9r\u00e9 comme vous avez lu les termes et conditions associ\u00e9s \u00e0 votre visite. Veuillez lire les termes et conditions en d\u00e9tail avant de profiter de votre r\u00e9servation. Nous nous r\u00e9servons le droit de changer\/modifier toute politique, \u00e0 tout moment, en tenant compte des circonstances.<\/p>\n<p><strong>1. TARIFS ET TARIFS<\/strong><br \/>\nNotre politique est l&rsquo;assurance d&rsquo;une valorisation r\u00e9glementaire, outre l&rsquo;h\u00e9bergement et la r\u00e9servation de lieu de prise en charge sur le web. Le plan de co\u00fbt indiqu\u00e9 pour le voyage organis\u00e9, sur notre site Web, est calcul\u00e9 par individu \/ par personne. Ces co\u00fbts n&rsquo;incluent aucune sorte de pourboire pour les travailleurs de l&rsquo;\u00e9quipage \/ le personnel et les chauffeurs. Les tarifs mentionn\u00e9s sur notre site peuvent \u00eatre modifi\u00e9s sans pr\u00e9avis. Cette augmentation ou diminution ne sera effectu\u00e9e que lorsque les prix du carburant, le taux de main-d&rsquo;\u0153uvre, les taux d&rsquo;h\u00e9bergement ou tout autre taux de transport seront \u00e9conomiquement affect\u00e9s.<\/p>\n<p><strong>2. MODE DE PAIEMENT<\/strong><br \/>\nAu moment du ramassage, le client doit payer la totalit\u00e9 en esp\u00e8ces. Les clients peuvent \u00e9galement utiliser pour payer par carte de cr\u00e9dit en ligne.<\/p>\n<p><strong>3. CONFIRMATION<\/strong><br \/>\nLorsque vous r\u00e9servez avec nous, notre personnel d&rsquo;excursion vous r\u00e9pondra avec un e-mail de confirmation. Il vous est demand\u00e9 de passer par le plan qui vous est propos\u00e9, car notre staff propose le meilleur plan de match selon la saison.<\/p>\n<p><strong>4. ANNULATION &amp; POLITIQUE DE NON-PR\u00c9SENTATION<\/strong><br \/>\n<strong>4.1 Annulation<\/strong><br \/>\n\u2022 En cas d&rsquo;annulation, des frais peuvent \u00eatre appliqu\u00e9s.<br \/>\n\u2022 Aucun frais ne sera appliqu\u00e9 en cas de changement ou de r\u00e9vision du plan avant 24h.<br \/>\n\u2022 En cas de modification ou d&rsquo;annulation du tour dans les 24 heures, des frais de 50% seront d\u00e9duits.<br \/>\n\u2022 En cas de modification, de modification ou d&rsquo;annulation de la visite quelques heures avant, des frais de 100% seront d\u00e9duits. Et aucun argent ne sera restitu\u00e9.<br \/>\n<strong>4.2 Non pr\u00e9sentation<\/strong><br \/>\nSi vous ne vous pr\u00e9sentez pas \u00e0 la visite, toutes les r\u00e9ductions propos\u00e9es entra\u00eeneront une annulation et ne pourront pas \u00eatre utilis\u00e9es la prochaine fois. En cas de report, il sera consid\u00e9r\u00e9 comme votre visite confirm\u00e9e.<\/p>\n<p><strong>5. PROC\u00c9DURES D&rsquo;ANNULATION<\/strong><br \/>\nAvant de proc\u00e9der \u00e0 une annulation, nous vous sugg\u00e9rons de lire attentivement les r\u00e8gles et r\u00e9glementations d&rsquo;annulation qui s&rsquo;appliquent \u00e0 votre circuit Safari s\u00e9lectionn\u00e9. Afin d&rsquo;annuler tout ou partie de l&rsquo;activit\u00e9 r\u00e9serv\u00e9e, assurez-vous d&rsquo;en informer Safari Red Sea, sinon, elle sera consid\u00e9r\u00e9e comme votre derni\u00e8re r\u00e9servation finalis\u00e9e avec nous. Lorsque vous g\u00e9n\u00e9rez une demande d&rsquo;annulation, nous vous r\u00e9pondrons par e-mail ou par t\u00e9l\u00e9phone pour confirmer que nous avons accus\u00e9 r\u00e9ception de votre demande et \u00e9galement si des frais s&rsquo;appliquent lors de l&rsquo;annulation. Safari Red Sea n&rsquo;est pas responsable des frais d&rsquo;annulation ou de ceux qui n&rsquo;ont pas \u00e9t\u00e9 confirm\u00e9s par nous.<\/p>\n<p><strong>6. MODIFICATIONS D&rsquo;ITIN\u00c9RAIRE<\/strong><br \/>\nLa radiogoniom\u00e9trie et les instructions s\u00e9curis\u00e9es dans votre colis sont susceptibles de changer de captivant en fonction des conditions m\u00e9t\u00e9orologiques\/voisines, des plans de direction routi\u00e8re et d&rsquo;autres \u00e9l\u00e9ments qui s&rsquo;y rapportent. En cas d&rsquo;ambigu\u00eft\u00e9, vous pouvez contacter directement la direction afin de vous proposer la meilleure alternative en fonction des disponibilit\u00e9s. Safari Red Sea se r\u00e9serve le droit d&rsquo;effectuer de l\u00e9gers changements \/ ajustements du calendrier chaque fois que cela est n\u00e9cessaire, sans aucun remboursement associ\u00e9. En outre, aucune indemnisation ne serait vers\u00e9e en cas de catastrophe naturelle, comme les inondations et les tremblements de terre.<\/p>\n<p><strong>7. ASSURANCE VOYAGE<\/strong><br \/>\nSafari Red Sea n&rsquo;est pas responsable de tout incident ou de tout dommage r\u00e9sultant d&rsquo;un accident, d&rsquo;une maladie, d&rsquo;un dommage ou de la perte d&rsquo;effets personnels ou m\u00eame de l&rsquo;annulation de la visite. Il est fortement sugg\u00e9r\u00e9 que le Voyageur doit passer par une politique de protection de voyage pour g\u00e9rer les incidents impr\u00e9vus.<\/p>\n<p><strong>9. LIMITES D&rsquo;UTILISATION DU SITE WEB<\/strong><br \/>\nTout le mat\u00e9riel de ce site appartient uniquement \u00e0 Safari Red Sea, y compris son logo, ses images, les donn\u00e9es fournies sur les voyages organis\u00e9s, l&rsquo;\u00e9valuation des points d&rsquo;int\u00e9r\u00eat et d&rsquo;autres \u00e9l\u00e9ments d\u00e9licats importants, appartenant enti\u00e8rement \u00e0 Safari Red Sea. Vous acceptez de ne pas abuser de ce site ou de tout mat\u00e9riel \u00e0 des fins non personnelles, commerciales ou ill\u00e9gales.<\/p>\n<p>&nbsp;<\/p>\n","protected":false},"excerpt":{"rendered":"<p>Merci de votre int\u00e9r\u00eat pour Safari Red Sea, la r\u00e9servation de votre Safari Tour peut \u00eatre effectu\u00e9e via notre site Web en ligne. Une fois que vous avez termin\u00e9 la r\u00e9servation de votre forfait Safari, il sera consid\u00e9r\u00e9 comme vous avez lu les termes et conditions associ\u00e9s \u00e0 votre visite. Veuillez lire les termes et [&hellip;]<\/p>\n","protected":false},"author":1,"featured_media":0,"parent":0,"menu_order":0,"comment_status":"closed","ping_status":"closed","template":"","meta":{"_acf_changed":false,"footnotes":""},"class_list":["post-15861","page","type-page","status-publish","hentry","entry"],"acf":[],"_links":{"self":[{"href":"https:\/\/www.safariredsea.com\/fr\/wp-json\/wp\/v2\/pages\/15861","targetHints":{"allow":["GET"]}}],"collection":[{"href":"https:\/\/www.safariredsea.com\/fr\/wp-json\/wp\/v2\/pages"}],"about":[{"href":"https:\/\/www.safariredsea.com\/fr\/wp-json\/wp\/v2\/types\/page"}],"author":[{"embeddable":true,"href":"https:\/\/www.safariredsea.com\/fr\/wp-json\/wp\/v2\/users\/1"}],"replies":[{"embeddable":true,"href":"https:\/\/www.safariredsea.com\/fr\/wp-json\/wp\/v2\/comments?post=15861"}],"version-history":[{"count":3,"href":"https:\/\/www.safariredsea.com\/fr\/wp-json\/wp\/v2\/pages\/15861\/revisions"}],"predecessor-version":[{"id":15988,"href":"https:\/\/www.safariredsea.com\/fr\/wp-json\/wp\/v2\/pages\/15861\/revisions\/15988"}],"wp:attachment":[{"href":"https:\/\/www.safariredsea.com\/fr\/wp-json\/wp\/v2\/media?parent=15861"}],"curies":[{"name":"wp","href":"https:\/\/api.w.org\/{rel}","templated":true}]}}