{"id":15911,"date":"2022-03-24T05:40:54","date_gmt":"2022-03-24T05:40:54","guid":{"rendered":"http:\/\/safariredsea.com\/?page_id=15911"},"modified":"2022-03-24T09:15:08","modified_gmt":"2022-03-24T09:15:08","slug":"politique-de-confidentialite","status":"publish","type":"page","link":"https:\/\/www.safariredsea.com\/fr\/politique-de-confidentialite\/","title":{"rendered":"Politique de confidentialit\u00e9"},"content":{"rendered":"<p><em><strong>Derni\u00e8re mise \u00e0 jour\u00a0: 2022-03-15<\/strong><\/em><\/p>\n<p><strong>POLITIQUE DE CONFIDENTIALIT\u00c9<\/strong><br \/>\nLe site Web <strong>Safariredsea.com<\/strong> indique uniquement la s\u00e9curit\u00e9 de ses clients qui l&rsquo;utilisent. Cette politique de confidentialit\u00e9 n&rsquo;appartient qu&rsquo;\u00e0 <strong>Safari Red Sea<\/strong> La s\u00e9curit\u00e9 des clients est notre premi\u00e8re priorit\u00e9, et fait partie de la politique, nous donnons la priorit\u00e9 absolue \u00e0 nos clients, r\u00e9pondant \u00e0 leurs exigences respectives, y compris les droits des propri\u00e9taires de sites Web et de sites . De plus, la mani\u00e8re dont ce site utilise, stocke et prot\u00e8ge les documents des clients est \u00e9galement enregistr\u00e9e dans cette proc\u00e9dure.<\/p>\n<p><strong>LE SITE WEB<\/strong><br \/>\nCe site Web et ses d\u00e9tenteurs exclusifs adoptent une approche pratique pour g\u00e9rer la protection des clients et s&rsquo;assurer que le voyage dynamique a pris pour confirmer la s\u00e9curit\u00e9 de ses clients tout au long de leur exp\u00e9rience de voyage aventureuse.<\/p>\n<p><strong>UTILISATION DES COOKIES<\/strong><br \/>\nPour am\u00e9liorer la relation client, ce site contient des cookies, lors de la navigation sur ce site. Le cas \u00e9ch\u00e9ant, ce site utilise un cadre organis\u00e9 de cookies autorisant le client, lors de sa premi\u00e8re navigation sur le site Web et lui permettant \u00e9galement d&rsquo;autoriser ou d&rsquo;\u00e9viter l&rsquo;utilisation de cookies sur ses ordinateurs ou autres appareils intelligents. Afin d&rsquo;\u00e9viter tout cookie de ce site Web, il est sugg\u00e9r\u00e9 aux clients que s&rsquo;ils souhaitent refuser l&rsquo;utilisation de cookies et \u00e9galement le partage des cookies du site Web Safariredsea.com, ils doivent utiliser les param\u00e8tres de confidentialit\u00e9 des programmes Web dans ce cas.<\/p>\n<p>Ce site Web utilise un logiciel de suivi, \u00e9galement un logiciel a \u00e9t\u00e9 d\u00e9velopp\u00e9 sous Google Analytics, qui utilise des cookies pour suivre l&rsquo;activit\u00e9 des utilisateurs. Ce logiciel stocke un cookie sur le p\u00e9riph\u00e9rique de stockage de l&rsquo;ordinateur avec un certain r\u00e9sultat pour suivre et surveiller vos mouvements et tout ce que vous faites en consommant et en utilisant le site Web, mais ne stockera ni ne collectera de donn\u00e9es individuelles. Pour toute ambigu\u00eft\u00e9, il vous est sugg\u00e9r\u00e9 de passer par l&rsquo;accord de s\u00e9curit\u00e9 de Google. Dans tous les cas, nous ne collectons aucune sorte de donn\u00e9es ou ne les sauvegardons pour aucune r\u00e9f\u00e9rence future.<\/p>\n<p><strong>CONTACT &amp; COMMUNICATION<\/strong><br \/>\nVos donn\u00e9es priv\u00e9es sont r\u00e9serv\u00e9es de mani\u00e8re confidentielle et conserv\u00e9es avec soin dans notre base de donn\u00e9es, et ces donn\u00e9es ne sont valables que pour la p\u00e9riode, pour notre utilisation requise, comme indiqu\u00e9 dans la protection des donn\u00e9es.<\/p>\n<p><strong>BULLETIN D&rsquo;INFORMATION PAR COURRIEL<\/strong><br \/>\nNous communiquons et utilisons les informations mises \u00e0 jour via nos lettres \u00e9lectroniques, les abonn\u00e9s sont mis \u00e0 jour via nos produits et services fournis par ce site Web. Les clients \u00e0 part enti\u00e8re peuvent s&rsquo;abonner via notre processus programm\u00e9 en ligne.<\/p>\n<p><strong>CONTENU EXTERNE<\/strong><br \/>\nLes photos prises proviennent du tiers. Tout le contenu appartient \u00e0 <strong>Safari Red Sea<\/strong>. Le site ne saurait \u00eatre d\u00e9lib\u00e9r\u00e9ment responsable de tout dommage sous quelque forme que ce soit \u00e0 un moment donn\u00e9. PUBLICIT\u00c9S ET LIENS SPONSORIS\u00c9S Ce site Web contient de la publicit\u00e9 et quelques liens pris en charge qui sont g\u00e9n\u00e9ralement aid\u00e9s par nos relations publicitaires, qui suivent les politiques de confidentialit\u00e9 relatives aux publicit\u00e9s qu&rsquo;elles diffusent. Chaque fois que vous cliquez sur le lien ou sur une publicit\u00e9, cela vous renverra sur leur page publicitaire principale. Celui-ci peut \u00e9galement contenir la consommation de cookies qui peuvent en retour \u00eatre conserv\u00e9s sur le disque de stockage de votre ordinateur. PLATEFORMES DE M\u00c9DIAS SOCIAUX Il est conseill\u00e9 aux clients d&rsquo;utiliser les plateformes de r\u00e9seautage en ligne avec prudence et de contribuer avec une attitude r\u00e9active et de partager soigneusement des informations personnelles ou sensibles sur les plateformes de r\u00e9seautage en ligne. Il est fortement recommand\u00e9 de partager des informations en utilisant un canal authentique solide.<\/p>\n","protected":false},"excerpt":{"rendered":"<p>Derni\u00e8re mise \u00e0 jour\u00a0: 2022-03-15 POLITIQUE DE CONFIDENTIALIT\u00c9 Le site Web Safariredsea.com indique uniquement la s\u00e9curit\u00e9 de ses clients qui l&rsquo;utilisent. Cette politique de confidentialit\u00e9 n&rsquo;appartient qu&rsquo;\u00e0 Safari Red Sea La s\u00e9curit\u00e9 des clients est notre premi\u00e8re priorit\u00e9, et fait partie de la politique, nous donnons la priorit\u00e9 absolue \u00e0 nos clients, r\u00e9pondant \u00e0 leurs [&hellip;]<\/p>\n","protected":false},"author":1,"featured_media":0,"parent":0,"menu_order":0,"comment_status":"closed","ping_status":"closed","template":"","meta":{"_acf_changed":false,"footnotes":""},"class_list":["post-15911","page","type-page","status-publish","hentry","entry"],"acf":[],"_links":{"self":[{"href":"https:\/\/www.safariredsea.com\/fr\/wp-json\/wp\/v2\/pages\/15911","targetHints":{"allow":["GET"]}}],"collection":[{"href":"https:\/\/www.safariredsea.com\/fr\/wp-json\/wp\/v2\/pages"}],"about":[{"href":"https:\/\/www.safariredsea.com\/fr\/wp-json\/wp\/v2\/types\/page"}],"author":[{"embeddable":true,"href":"https:\/\/www.safariredsea.com\/fr\/wp-json\/wp\/v2\/users\/1"}],"replies":[{"embeddable":true,"href":"https:\/\/www.safariredsea.com\/fr\/wp-json\/wp\/v2\/comments?post=15911"}],"version-history":[{"count":2,"href":"https:\/\/www.safariredsea.com\/fr\/wp-json\/wp\/v2\/pages\/15911\/revisions"}],"predecessor-version":[{"id":16003,"href":"https:\/\/www.safariredsea.com\/fr\/wp-json\/wp\/v2\/pages\/15911\/revisions\/16003"}],"wp:attachment":[{"href":"https:\/\/www.safariredsea.com\/fr\/wp-json\/wp\/v2\/media?parent=15911"}],"curies":[{"name":"wp","href":"https:\/\/api.w.org\/{rel}","templated":true}]}}