{"id":9268,"date":"2022-02-03T10:14:00","date_gmt":"2022-02-03T10:14:00","guid":{"rendered":"http:\/\/safariredsea.com\/?page_id=9268"},"modified":"2025-08-17T23:52:23","modified_gmt":"2025-08-17T20:52:23","slug":"safari-en-buggy-dhurghada-dans-la-vallee-bedouine","status":"publish","type":"page","link":"https:\/\/www.safariredsea.com\/fr\/safari-en-buggy-dhurghada-dans-la-vallee-bedouine\/","title":{"rendered":"Safari en buggy d&rsquo;Hurghada dans la vall\u00e9e b\u00e9douine"},"content":{"rendered":"<p><strong>Safari en buggy d&rsquo;Hurghada dans la vall\u00e9e <\/strong><\/p>\n","protected":false},"excerpt":{"rendered":"<p>Safari en buggy d&rsquo;Hurghada dans la vall\u00e9e<\/p>\n","protected":false},"author":1,"featured_media":16878,"parent":0,"menu_order":0,"comment_status":"closed","ping_status":"closed","template":"page-tours.php","meta":{"_acf_changed":false,"footnotes":""},"class_list":["post-9268","page","type-page","status-publish","has-post-thumbnail","hentry","entry"],"acf":[],"_links":{"self":[{"href":"https:\/\/www.safariredsea.com\/fr\/wp-json\/wp\/v2\/pages\/9268","targetHints":{"allow":["GET"]}}],"collection":[{"href":"https:\/\/www.safariredsea.com\/fr\/wp-json\/wp\/v2\/pages"}],"about":[{"href":"https:\/\/www.safariredsea.com\/fr\/wp-json\/wp\/v2\/types\/page"}],"author":[{"embeddable":true,"href":"https:\/\/www.safariredsea.com\/fr\/wp-json\/wp\/v2\/users\/1"}],"replies":[{"embeddable":true,"href":"https:\/\/www.safariredsea.com\/fr\/wp-json\/wp\/v2\/comments?post=9268"}],"version-history":[{"count":17,"href":"https:\/\/www.safariredsea.com\/fr\/wp-json\/wp\/v2\/pages\/9268\/revisions"}],"predecessor-version":[{"id":18809,"href":"https:\/\/www.safariredsea.com\/fr\/wp-json\/wp\/v2\/pages\/9268\/revisions\/18809"}],"wp:featuredmedia":[{"embeddable":true,"href":"https:\/\/www.safariredsea.com\/fr\/wp-json\/wp\/v2\/media\/16878"}],"wp:attachment":[{"href":"https:\/\/www.safariredsea.com\/fr\/wp-json\/wp\/v2\/media?parent=9268"}],"curies":[{"name":"wp","href":"https:\/\/api.w.org\/{rel}","templated":true}]}}