{"id":9686,"date":"2022-02-09T16:00:23","date_gmt":"2022-02-09T16:00:23","guid":{"rendered":"http:\/\/safariredsea.com\/?page_id=9686"},"modified":"2025-08-15T15:05:25","modified_gmt":"2025-08-15T12:05:25","slug":"safari-en-jeep-dhurghada-a-la-grande-vallee","status":"publish","type":"page","link":"https:\/\/www.safariredsea.com\/fr\/safari-en-jeep-dhurghada-a-la-grande-vallee\/","title":{"rendered":"Safari en jeep d&rsquo;Hurghada \u00e0 la Grande Vall\u00e9e"},"content":{"rendered":"<p>Safari en jeep d&rsquo;Hurghada \u00e0 la Grande Vall\u00e9e<\/p>\n","protected":false},"excerpt":{"rendered":"<p>Safari en jeep d&rsquo;Hurghada \u00e0 la Grande Vall\u00e9e<\/p>\n","protected":false},"author":1,"featured_media":4045,"parent":0,"menu_order":0,"comment_status":"closed","ping_status":"closed","template":"page-tours.php","meta":{"_acf_changed":false,"footnotes":""},"class_list":["post-9686","page","type-page","status-publish","has-post-thumbnail","hentry","entry"],"acf":[],"_links":{"self":[{"href":"https:\/\/www.safariredsea.com\/fr\/wp-json\/wp\/v2\/pages\/9686","targetHints":{"allow":["GET"]}}],"collection":[{"href":"https:\/\/www.safariredsea.com\/fr\/wp-json\/wp\/v2\/pages"}],"about":[{"href":"https:\/\/www.safariredsea.com\/fr\/wp-json\/wp\/v2\/types\/page"}],"author":[{"embeddable":true,"href":"https:\/\/www.safariredsea.com\/fr\/wp-json\/wp\/v2\/users\/1"}],"replies":[{"embeddable":true,"href":"https:\/\/www.safariredsea.com\/fr\/wp-json\/wp\/v2\/comments?post=9686"}],"version-history":[{"count":13,"href":"https:\/\/www.safariredsea.com\/fr\/wp-json\/wp\/v2\/pages\/9686\/revisions"}],"predecessor-version":[{"id":18605,"href":"https:\/\/www.safariredsea.com\/fr\/wp-json\/wp\/v2\/pages\/9686\/revisions\/18605"}],"wp:featuredmedia":[{"embeddable":true,"href":"https:\/\/www.safariredsea.com\/fr\/wp-json\/wp\/v2\/media\/4045"}],"wp:attachment":[{"href":"https:\/\/www.safariredsea.com\/fr\/wp-json\/wp\/v2\/media?parent=9686"}],"curies":[{"name":"wp","href":"https:\/\/api.w.org\/{rel}","templated":true}]}}