{"id":9800,"date":"2022-02-10T00:35:31","date_gmt":"2022-02-10T00:35:31","guid":{"rendered":"http:\/\/safariredsea.com\/?page_id=9800"},"modified":"2025-08-17T23:37:38","modified_gmt":"2025-08-17T20:37:38","slug":"evenement-de-pleine-lune-marsa-alam","status":"publish","type":"page","link":"https:\/\/www.safariredsea.com\/fr\/evenement-de-pleine-lune-marsa-alam\/","title":{"rendered":"\u00c9v\u00e9nement de pleine lune Marsa Alam"},"content":{"rendered":"<p>\u00c9v\u00e9nement de pleine lune Marsa Alam<\/p>\n","protected":false},"excerpt":{"rendered":"<p>\u00c9v\u00e9nement de pleine lune Marsa Alam<\/p>\n","protected":false},"author":1,"featured_media":6125,"parent":0,"menu_order":0,"comment_status":"closed","ping_status":"closed","template":"page-tours.php","meta":{"_acf_changed":false,"footnotes":""},"class_list":["post-9800","page","type-page","status-publish","has-post-thumbnail","hentry","entry"],"acf":[],"_links":{"self":[{"href":"https:\/\/www.safariredsea.com\/fr\/wp-json\/wp\/v2\/pages\/9800","targetHints":{"allow":["GET"]}}],"collection":[{"href":"https:\/\/www.safariredsea.com\/fr\/wp-json\/wp\/v2\/pages"}],"about":[{"href":"https:\/\/www.safariredsea.com\/fr\/wp-json\/wp\/v2\/types\/page"}],"author":[{"embeddable":true,"href":"https:\/\/www.safariredsea.com\/fr\/wp-json\/wp\/v2\/users\/1"}],"replies":[{"embeddable":true,"href":"https:\/\/www.safariredsea.com\/fr\/wp-json\/wp\/v2\/comments?post=9800"}],"version-history":[{"count":9,"href":"https:\/\/www.safariredsea.com\/fr\/wp-json\/wp\/v2\/pages\/9800\/revisions"}],"predecessor-version":[{"id":18802,"href":"https:\/\/www.safariredsea.com\/fr\/wp-json\/wp\/v2\/pages\/9800\/revisions\/18802"}],"wp:featuredmedia":[{"embeddable":true,"href":"https:\/\/www.safariredsea.com\/fr\/wp-json\/wp\/v2\/media\/6125"}],"wp:attachment":[{"href":"https:\/\/www.safariredsea.com\/fr\/wp-json\/wp\/v2\/media?parent=9800"}],"curies":[{"name":"wp","href":"https:\/\/api.w.org\/{rel}","templated":true}]}}