{"id":9863,"date":"2022-02-10T12:23:11","date_gmt":"2022-02-10T12:23:11","guid":{"rendered":"http:\/\/safariredsea.com\/?page_id=9863"},"modified":"2025-08-16T14:04:10","modified_gmt":"2025-08-16T11:04:10","slug":"makadi-bay-safari-en-quad-jusqua-la-vallee-bedouine-avec-coucher-de-soleil","status":"publish","type":"page","link":"https:\/\/www.safariredsea.com\/fr\/makadi-bay-safari-en-quad-jusqua-la-vallee-bedouine-avec-coucher-de-soleil\/","title":{"rendered":"Makadi Bay Safari en quad jusqu&rsquo;\u00e0 la vall\u00e9e b\u00e9douine avec coucher de soleil"},"content":{"rendered":"<p>Makadi Bay Safari en quad jusqu&rsquo;\u00e0 la vall\u00e9e b\u00e9douine avec coucher de soleil<\/p>\n","protected":false},"excerpt":{"rendered":"<p>Makadi Bay Safari en quad jusqu&rsquo;\u00e0 la vall\u00e9e b\u00e9douine avec coucher de soleil<\/p>\n","protected":false},"author":1,"featured_media":16864,"parent":0,"menu_order":0,"comment_status":"closed","ping_status":"closed","template":"page-tours.php","meta":{"_acf_changed":false,"footnotes":""},"class_list":["post-9863","page","type-page","status-publish","has-post-thumbnail","hentry","entry"],"acf":[],"_links":{"self":[{"href":"https:\/\/www.safariredsea.com\/fr\/wp-json\/wp\/v2\/pages\/9863","targetHints":{"allow":["GET"]}}],"collection":[{"href":"https:\/\/www.safariredsea.com\/fr\/wp-json\/wp\/v2\/pages"}],"about":[{"href":"https:\/\/www.safariredsea.com\/fr\/wp-json\/wp\/v2\/types\/page"}],"author":[{"embeddable":true,"href":"https:\/\/www.safariredsea.com\/fr\/wp-json\/wp\/v2\/users\/1"}],"replies":[{"embeddable":true,"href":"https:\/\/www.safariredsea.com\/fr\/wp-json\/wp\/v2\/comments?post=9863"}],"version-history":[{"count":14,"href":"https:\/\/www.safariredsea.com\/fr\/wp-json\/wp\/v2\/pages\/9863\/revisions"}],"predecessor-version":[{"id":18671,"href":"https:\/\/www.safariredsea.com\/fr\/wp-json\/wp\/v2\/pages\/9863\/revisions\/18671"}],"wp:featuredmedia":[{"embeddable":true,"href":"https:\/\/www.safariredsea.com\/fr\/wp-json\/wp\/v2\/media\/16864"}],"wp:attachment":[{"href":"https:\/\/www.safariredsea.com\/fr\/wp-json\/wp\/v2\/media?parent=9863"}],"curies":[{"name":"wp","href":"https:\/\/api.w.org\/{rel}","templated":true}]}}