{"id":9902,"date":"2022-02-10T14:00:27","date_gmt":"2022-02-10T14:00:27","guid":{"rendered":"http:\/\/safariredsea.com\/?page_id=9902"},"modified":"2025-08-16T13:52:30","modified_gmt":"2025-08-16T10:52:30","slug":"makadi-bay-quad-moto-a-la-vallee-bedouine-avec-le-lever-du-soleil","status":"publish","type":"page","link":"https:\/\/www.safariredsea.com\/fr\/makadi-bay-quad-moto-a-la-vallee-bedouine-avec-le-lever-du-soleil\/","title":{"rendered":"Makadi Bay Quad Moto \u00e0 la vall\u00e9e b\u00e9douine avec le lever du soleil"},"content":{"rendered":"<p>Makadi Bay Quad Moto \u00e0 la vall\u00e9e b\u00e9douine avec le lever du soleil<\/p>\n","protected":false},"excerpt":{"rendered":"<p>Makadi Bay Quad Moto \u00e0 la vall\u00e9e b\u00e9douine avec le lever du soleil<\/p>\n","protected":false},"author":1,"featured_media":4774,"parent":0,"menu_order":0,"comment_status":"closed","ping_status":"closed","template":"page-tours.php","meta":{"_acf_changed":false,"footnotes":""},"class_list":["post-9902","page","type-page","status-publish","has-post-thumbnail","hentry","entry"],"acf":[],"_links":{"self":[{"href":"https:\/\/www.safariredsea.com\/fr\/wp-json\/wp\/v2\/pages\/9902","targetHints":{"allow":["GET"]}}],"collection":[{"href":"https:\/\/www.safariredsea.com\/fr\/wp-json\/wp\/v2\/pages"}],"about":[{"href":"https:\/\/www.safariredsea.com\/fr\/wp-json\/wp\/v2\/types\/page"}],"author":[{"embeddable":true,"href":"https:\/\/www.safariredsea.com\/fr\/wp-json\/wp\/v2\/users\/1"}],"replies":[{"embeddable":true,"href":"https:\/\/www.safariredsea.com\/fr\/wp-json\/wp\/v2\/comments?post=9902"}],"version-history":[{"count":11,"href":"https:\/\/www.safariredsea.com\/fr\/wp-json\/wp\/v2\/pages\/9902\/revisions"}],"predecessor-version":[{"id":18659,"href":"https:\/\/www.safariredsea.com\/fr\/wp-json\/wp\/v2\/pages\/9902\/revisions\/18659"}],"wp:featuredmedia":[{"embeddable":true,"href":"https:\/\/www.safariredsea.com\/fr\/wp-json\/wp\/v2\/media\/4774"}],"wp:attachment":[{"href":"https:\/\/www.safariredsea.com\/fr\/wp-json\/wp\/v2\/media?parent=9902"}],"curies":[{"name":"wp","href":"https:\/\/api.w.org\/{rel}","templated":true}]}}