{"id":12388,"date":"2022-03-05T15:32:16","date_gmt":"2022-03-05T15:32:16","guid":{"rendered":"http:\/\/safariredsea.com\/?page_id=12388"},"modified":"2022-03-15T14:54:28","modified_gmt":"2022-03-15T14:54:28","slug":"safari-a-sharm-el-sheik","status":"publish","type":"page","link":"https:\/\/www.safariredsea.com\/it\/safari-a-sharm-el-sheik\/","title":{"rendered":"Safari a Sharm el Sheik"},"content":{"rendered":"<h1 style=\"text-align: center;\"><span style=\"color: #ffcc00;\"><strong>Safari a Sharm el Sheik &#8211; Tour in quad Sharm El Sheikh, Dune Buggy Sharm El Sheikh<\/strong><\/span><\/h1>\n<p>&nbsp;<\/p>\n<p>Il punto di Sharm El Sheikh Desert Safari non passa molto tempo prima dell&#8217;inizio del safari. C&#8217;\u00e8 una pausa per rilassarsi abbastanza. I bagni per ragazzi e donne sono anche l\u00ec per la tua comodit\u00e0.<\/p>\n<p>Anche Quads Bike e Dune buggy ti aspettano l\u00ec. Supponendo che tu voglia prendere parte alla corsa, puoi guidare per 20-30 minuti.<\/p>\n","protected":false},"excerpt":{"rendered":"<p>Safari a Sharm el Sheik &#8211; Tour in quad Sharm El Sheikh, Dune Buggy Sharm El Sheikh &nbsp; Il punto di Sharm El Sheikh Desert Safari non passa molto tempo prima dell&#8217;inizio del safari. C&#8217;\u00e8 una pausa per rilassarsi abbastanza. I bagni per ragazzi e donne sono anche l\u00ec per la tua comodit\u00e0. Anche Quads [&hellip;]<\/p>\n","protected":false},"author":1,"featured_media":16859,"parent":0,"menu_order":0,"comment_status":"closed","ping_status":"closed","template":"page-template.php","meta":{"_acf_changed":false,"footnotes":""},"class_list":["post-12388","page","type-page","status-publish","has-post-thumbnail","hentry","entry"],"acf":[],"_links":{"self":[{"href":"https:\/\/www.safariredsea.com\/it\/wp-json\/wp\/v2\/pages\/12388","targetHints":{"allow":["GET"]}}],"collection":[{"href":"https:\/\/www.safariredsea.com\/it\/wp-json\/wp\/v2\/pages"}],"about":[{"href":"https:\/\/www.safariredsea.com\/it\/wp-json\/wp\/v2\/types\/page"}],"author":[{"embeddable":true,"href":"https:\/\/www.safariredsea.com\/it\/wp-json\/wp\/v2\/users\/1"}],"replies":[{"embeddable":true,"href":"https:\/\/www.safariredsea.com\/it\/wp-json\/wp\/v2\/comments?post=12388"}],"version-history":[{"count":5,"href":"https:\/\/www.safariredsea.com\/it\/wp-json\/wp\/v2\/pages\/12388\/revisions"}],"predecessor-version":[{"id":15394,"href":"https:\/\/www.safariredsea.com\/it\/wp-json\/wp\/v2\/pages\/12388\/revisions\/15394"}],"wp:featuredmedia":[{"embeddable":true,"href":"https:\/\/www.safariredsea.com\/it\/wp-json\/wp\/v2\/media\/16859"}],"wp:attachment":[{"href":"https:\/\/www.safariredsea.com\/it\/wp-json\/wp\/v2\/media?parent=12388"}],"curies":[{"name":"wp","href":"https:\/\/api.w.org\/{rel}","templated":true}]}}