{"id":13206,"date":"2022-03-07T20:26:35","date_gmt":"2022-03-07T20:26:35","guid":{"rendered":"http:\/\/safariredsea.com\/?page_id=13206"},"modified":"2022-03-13T21:32:45","modified_gmt":"2022-03-13T21:32:45","slug":"safari-el-gouna","status":"publish","type":"page","link":"https:\/\/www.safariredsea.com\/it\/safari-el-gouna\/","title":{"rendered":"Safari El Gouna"},"content":{"rendered":"<h1 style=\"text-align: center;\"><span style=\"color: #ffcc00;\"><strong>Safari El Gouna &#8211; Tour in quad El Gouna, Jeep Safari El Gouna, Dune Buggy El Gouna<\/strong><\/span><\/h1>\n<p>&nbsp;<\/p>\n<p>Il punto di El Gouna Desert Safari non passa molto tempo prima dell&#8217;inizio del safari. C&#8217;\u00e8 una pausa per rilassarsi abbastanza. I bagni per ragazzi e donne sono anche l\u00ec per la tua comodit\u00e0. Anche Quads Bike e Dune buggy ti aspettano l\u00ec. Supponendo che tu voglia prendere parte alla corsa, puoi guidare per 20-30 minuti.<\/p>\n<p>&nbsp;<\/p>\n<p>&nbsp;<\/p>\n","protected":false},"excerpt":{"rendered":"<p>Safari El Gouna &#8211; Tour in quad El Gouna, Jeep Safari El Gouna, Dune Buggy El Gouna &nbsp; Il punto di El Gouna Desert Safari non passa molto tempo prima dell&#8217;inizio del safari. C&#8217;\u00e8 una pausa per rilassarsi abbastanza. I bagni per ragazzi e donne sono anche l\u00ec per la tua comodit\u00e0. Anche Quads Bike [&hellip;]<\/p>\n","protected":false},"author":1,"featured_media":6590,"parent":0,"menu_order":0,"comment_status":"closed","ping_status":"closed","template":"page-template.php","meta":{"_acf_changed":false,"footnotes":""},"class_list":["post-13206","page","type-page","status-publish","has-post-thumbnail","hentry","entry"],"acf":[],"_links":{"self":[{"href":"https:\/\/www.safariredsea.com\/it\/wp-json\/wp\/v2\/pages\/13206","targetHints":{"allow":["GET"]}}],"collection":[{"href":"https:\/\/www.safariredsea.com\/it\/wp-json\/wp\/v2\/pages"}],"about":[{"href":"https:\/\/www.safariredsea.com\/it\/wp-json\/wp\/v2\/types\/page"}],"author":[{"embeddable":true,"href":"https:\/\/www.safariredsea.com\/it\/wp-json\/wp\/v2\/users\/1"}],"replies":[{"embeddable":true,"href":"https:\/\/www.safariredsea.com\/it\/wp-json\/wp\/v2\/comments?post=13206"}],"version-history":[{"count":6,"href":"https:\/\/www.safariredsea.com\/it\/wp-json\/wp\/v2\/pages\/13206\/revisions"}],"predecessor-version":[{"id":14713,"href":"https:\/\/www.safariredsea.com\/it\/wp-json\/wp\/v2\/pages\/13206\/revisions\/14713"}],"wp:featuredmedia":[{"embeddable":true,"href":"https:\/\/www.safariredsea.com\/it\/wp-json\/wp\/v2\/media\/6590"}],"wp:attachment":[{"href":"https:\/\/www.safariredsea.com\/it\/wp-json\/wp\/v2\/media?parent=13206"}],"curies":[{"name":"wp","href":"https:\/\/api.w.org\/{rel}","templated":true}]}}