{"id":15913,"date":"2022-03-24T05:41:46","date_gmt":"2022-03-24T05:41:46","guid":{"rendered":"http:\/\/safariredsea.com\/?page_id=15913"},"modified":"2022-03-24T09:14:53","modified_gmt":"2022-03-24T09:14:53","slug":"politica-sulla-riservatezza","status":"publish","type":"page","link":"https:\/\/www.safariredsea.com\/it\/politica-sulla-riservatezza\/","title":{"rendered":"politica sulla riservatezza"},"content":{"rendered":"<p><em><strong>Ultimo aggiornamento: 15-03-2022<\/strong><\/em><\/p>\n<p><strong>INFORMATIVA SULLA PRIVACY<\/strong><br \/>\nIl sito <strong>Safariredsea.com<\/strong> indica solo la sicurezza dei propri clienti che lo utilizzano. Questa politica sulla privacy appartiene solo a <strong>Safari Red Sea<\/strong> La sicurezza dei clienti \u00e8 la nostra prima priorit\u00e0 ed \u00e8 parte della nostra politica, diamo la massima priorit\u00e0 ai nostri clienti, soddisfacendo i loro rispettivi requisiti inclusi i diritti dei proprietari del sito Web e del sito . Inoltre, il modo in cui questo sito utilizza, immagazzina e salvaguarda i documenti dei clienti \u00e8 registrato in modo simile all&#8217;interno di questa procedura.<\/p>\n<p><strong>IL SITO<\/strong><br \/>\nQuesto sito Web e i suoi proprietari esclusivi adottano un approccio pratico per affrontare la tutela dei clienti e assicurarsi che il viaggio dinamico abbia adottato per confermare la sicurezza dei suoi clienti durante la loro avventurosa esperienza di viaggio.<\/p>\n<p><strong>UTILIZZO DI COOKIE<\/strong><br \/>\nPer migliorare le relazioni con i clienti, questo sito contiene cookie durante la navigazione in questo sito. Ove applicabile questo sito utilizza cookie organizzati framework che autorizzano il cliente, ogni volta che naviga inizialmente sul sito web e consente inoltre allo stesso di autorizzare o evitare l&#8217;uso dei cookie sul proprio computer o altri dispositivi intelligenti. Al fine di evitare l&#8217;utilizzo di cookie da questo sito Web, si suggerisce ai clienti che se desiderano negare l&#8217;uso dei cookie e anche la condivisione dei cookie dal sito Web Safariredsea.com, devono utilizzare le impostazioni sulla privacy dei programmi Web in tal caso.<\/p>\n<p>Questo sito web pratica software di tracciamento, anche il software \u00e8 stato sviluppato sotto Google Analytics, che pratica cookie per tracciare l&#8217;attivit\u00e0 dell&#8217;utente. Questo software memorizza un cookie sul dispositivo di archiviazione del computer con un determinato risultato per tracciare e monitorare i tuoi movimenti e qualsiasi cosa tu stia facendo durante il consumo e l&#8217;utilizzo del sito Web, sebbene non memorizzer\u00e0 o raccoglier\u00e0 dati individuali. Per qualsiasi ambiguit\u00e0, ti consigliamo di seguire il contratto di sicurezza di Google. In ogni caso, non raccogliamo alcun tipo di dato n\u00e9 lo salviamo per riferimenti futuri.<\/p>\n<p><strong>CONTATTO &amp; COMUNICAZIONE<\/strong><br \/>\nI tuoi dati privati \u200b\u200bsono riservati e conservati con cura nel nostro database e tali dati sono solo per il periodo di tempo, per il nostro utilizzo richiesto, come indicato nella Protezione dei dati.<\/p>\n<p><strong>NEWSLETTER EMAIL<\/strong><br \/>\nComunichiamo e utilizziamo le informazioni aggiornate tramite le nostre lettere e-mail, gli abbonati vengono aggiornati tramite i nostri prodotti e servizi forniti da questo sito web. I clienti completi disponibili possono iscriversi attraverso il nostro processo programmato online.<\/p>\n<p><strong>CONTENUTI ESTERNI<\/strong><br \/>\nLe foto scattate sono di terze parti. Tutti i contenuti sono di propriet\u00e0 di <strong>Safari Red Sea<\/strong>. Il sito non deve essere deliberato nella responsabilit\u00e0 di qualsiasi danno in qualsiasi forma in qualsiasi punto specificato. PUBBLICIT\u00c0 E LINK SPONSORIZZATI Questo sito Web ha pubblicit\u00e0 e pochi collegamenti supportati che sono generalmente aiutati dai nostri collegamenti pubblicitari, che seguono le politiche sulla privacy relative agli annunci che pubblicano. Ogni volta che fai clic sul collegamento o su qualsiasi pubblicit\u00e0, ti rifletter\u00e0 sulla loro pagina pubblicitaria principale. Questo pu\u00f2 anche contenere il consumo di cookie che possono in cambio essere conservati sul disco di archiviazione del tuo computer. PIATTAFORME DI SOCIAL MEDIA Si consiglia ai clienti di utilizzare le piattaforme di networking online con prudenza e di contribuire con un atteggiamento reattivo e di condividere attentamente le informazioni personali o sensibili sulle piattaforme di networking online. Si consiglia vivamente di condividere le informazioni utilizzando un solido canale autentico.<\/p>\n","protected":false},"excerpt":{"rendered":"<p>Ultimo aggiornamento: 15-03-2022 INFORMATIVA SULLA PRIVACY Il sito Safariredsea.com indica solo la sicurezza dei propri clienti che lo utilizzano. Questa politica sulla privacy appartiene solo a Safari Red Sea La sicurezza dei clienti \u00e8 la nostra prima priorit\u00e0 ed \u00e8 parte della nostra politica, diamo la massima priorit\u00e0 ai nostri clienti, soddisfacendo i loro rispettivi [&hellip;]<\/p>\n","protected":false},"author":1,"featured_media":0,"parent":0,"menu_order":0,"comment_status":"closed","ping_status":"closed","template":"","meta":{"_acf_changed":false,"footnotes":""},"class_list":["post-15913","page","type-page","status-publish","hentry","entry"],"acf":[],"_links":{"self":[{"href":"https:\/\/www.safariredsea.com\/it\/wp-json\/wp\/v2\/pages\/15913","targetHints":{"allow":["GET"]}}],"collection":[{"href":"https:\/\/www.safariredsea.com\/it\/wp-json\/wp\/v2\/pages"}],"about":[{"href":"https:\/\/www.safariredsea.com\/it\/wp-json\/wp\/v2\/types\/page"}],"author":[{"embeddable":true,"href":"https:\/\/www.safariredsea.com\/it\/wp-json\/wp\/v2\/users\/1"}],"replies":[{"embeddable":true,"href":"https:\/\/www.safariredsea.com\/it\/wp-json\/wp\/v2\/comments?post=15913"}],"version-history":[{"count":2,"href":"https:\/\/www.safariredsea.com\/it\/wp-json\/wp\/v2\/pages\/15913\/revisions"}],"predecessor-version":[{"id":16001,"href":"https:\/\/www.safariredsea.com\/it\/wp-json\/wp\/v2\/pages\/15913\/revisions\/16001"}],"wp:attachment":[{"href":"https:\/\/www.safariredsea.com\/it\/wp-json\/wp\/v2\/media?parent=15913"}],"curies":[{"name":"wp","href":"https:\/\/api.w.org\/{rel}","templated":true}]}}