{"id":16091,"date":"2022-03-31T10:08:11","date_gmt":"2022-03-31T10:08:11","guid":{"rendered":"http:\/\/safariredsea.com\/?page_id=16091"},"modified":"2023-04-19T13:04:54","modified_gmt":"2023-04-19T13:04:54","slug":"chi-siamo","status":"publish","type":"page","link":"https:\/\/www.safariredsea.com\/it\/chi-siamo\/","title":{"rendered":"Chi siamo"},"content":{"rendered":"<h2>Wer wir sind<\/h2>\n<p><strong>Nr. 1<\/strong> Safarianbieter im Roten Meer, a Hurghada, El Gouna, Makadi Bay, Soma Bay, Marsa Alam e Sharm El Sheikh.<\/p>\n<p><strong>Safari sul Mar Rosso<\/strong> bietet eine gro\u00dfe Auswahl an All-Inclusive-Safaripaketen in \u00c4gypten f\u00fcr verschiedene Arten von W\u00fcstensafaris mit vielen zus\u00e4tzlichen Optionen, wie z .<\/p>\n<p>Alle unsere <strong>4&#215;4-Autos<\/strong>, <strong>Quads<\/strong> e <strong>Dune Buggy<\/strong> sind brandneu und gut gewartet, um mit lizenzierten Fahrern und Guides f\u00fcr Sie bereit zu sein<\/p>\n<p>Wir sind der bevorzugte Online-Agent f\u00fcr Buchungen von <strong>W\u00fcstensafaris in Hurghada<\/strong>, da wir nicht daran glauben, zus\u00e4tzliches Geld zu verdienen, nur weil wir eine Chance haben.<\/p>\n<p>Jawohl! Sie tr\u00e4umen und wir helfen Ihnen dabei, Ihren Traum voller Begeisterung zu erf\u00fcllen. Buchen Sie jetzt und genie\u00dfen Sie den Unterschied mit uns.<\/p>\n<h2><strong>Warum Touren mit Safari Red Sea Buchen?<\/strong><\/h2>\n<div class=\"abtlst\">\n<ul>\n<li><i><img decoding=\"async\" src=\"http:\/\/safariredsea.com\/wp-content\/uploads\/assets\/destination1.png\" alt=\"\" \/><\/i><em>Vielzahl von Safari- Opzioni, Standorte.<\/em><\/li>\n<li><i><img decoding=\"async\" src=\"http:\/\/safariredsea.com\/wp-content\/uploads\/assets\/Group1838.png\" alt=\"\" \/><\/i><em>Online-Buchung und Zahlungen sind sicher und einfach.<\/em><\/li>\n<li><i><img decoding=\"async\" src=\"http:\/\/safariredsea.com\/wp-content\/uploads\/assets\/Group.png\" alt=\"\" \/><\/i><em>Top-Local- Guide. <\/em><\/li>\n<\/ul>\n<ul>\n<li><i><img decoding=\"async\" src=\"http:\/\/safariredsea.com\/wp-content\/uploads\/assets\/offer1.png\" alt=\"\" \/><\/i><em>Bester Preis auf der web.<\/em><\/li>\n<li><i><img decoding=\"async\" src=\"http:\/\/safariredsea.com\/wp-content\/uploads\/assets\/honesty1.png\" alt=\"\" \/><\/i><em>Autorisierte Organisation, die Sie vertrauen k\u00f6nnen.<\/em><\/li>\n<li><i><img decoding=\"async\" src=\"http:\/\/safariredsea.com\/wp-content\/uploads\/assets\/Vector.png\" alt=\"\" \/><\/i><em>Freundlicher Kundenservice rund um die Uhr \/7.<\/em><\/li>\n<\/ul>\n<\/div>\n","protected":false},"excerpt":{"rendered":"<p>Wer wir sind Nr. 1 Safarianbieter im Roten Meer, a Hurghada, El Gouna, Makadi Bay, Soma Bay, Marsa Alam e Sharm El Sheikh. Safari sul Mar Rosso bietet eine gro\u00dfe Auswahl an All-Inclusive-Safaripaketen in \u00c4gypten f\u00fcr verschiedene Arten von W\u00fcstensafaris mit vielen zus\u00e4tzlichen Optionen, wie z . Alle unsere 4&#215;4-Autos, Quads e Dune Buggy sind [&hellip;]<\/p>\n","protected":false},"author":1,"featured_media":16049,"parent":0,"menu_order":0,"comment_status":"closed","ping_status":"closed","template":"","meta":{"_acf_changed":false,"footnotes":""},"class_list":["post-16091","page","type-page","status-publish","has-post-thumbnail","hentry","entry"],"acf":[],"_links":{"self":[{"href":"https:\/\/www.safariredsea.com\/it\/wp-json\/wp\/v2\/pages\/16091","targetHints":{"allow":["GET"]}}],"collection":[{"href":"https:\/\/www.safariredsea.com\/it\/wp-json\/wp\/v2\/pages"}],"about":[{"href":"https:\/\/www.safariredsea.com\/it\/wp-json\/wp\/v2\/types\/page"}],"author":[{"embeddable":true,"href":"https:\/\/www.safariredsea.com\/it\/wp-json\/wp\/v2\/users\/1"}],"replies":[{"embeddable":true,"href":"https:\/\/www.safariredsea.com\/it\/wp-json\/wp\/v2\/comments?post=16091"}],"version-history":[{"count":2,"href":"https:\/\/www.safariredsea.com\/it\/wp-json\/wp\/v2\/pages\/16091\/revisions"}],"predecessor-version":[{"id":17163,"href":"https:\/\/www.safariredsea.com\/it\/wp-json\/wp\/v2\/pages\/16091\/revisions\/17163"}],"wp:featuredmedia":[{"embeddable":true,"href":"https:\/\/www.safariredsea.com\/it\/wp-json\/wp\/v2\/media\/16049"}],"wp:attachment":[{"href":"https:\/\/www.safariredsea.com\/it\/wp-json\/wp\/v2\/media?parent=16091"}],"curies":[{"name":"wp","href":"https:\/\/api.w.org\/{rel}","templated":true}]}}