{"id":10216,"date":"2022-02-11T16:34:43","date_gmt":"2022-02-11T16:34:43","guid":{"rendered":"http:\/\/safariredsea.com\/?page_id=10216"},"modified":"2025-08-16T16:01:48","modified_gmt":"2025-08-16T13:01:48","slug":"tur-de-calarie-pe-marsa-alam","status":"publish","type":"page","link":"https:\/\/www.safariredsea.com\/ro\/tur-de-calarie-pe-marsa-alam\/","title":{"rendered":"Tur de c\u0103l\u0103rie pe Marsa Alam"},"content":{"rendered":"<p>Tur de c\u0103l\u0103rie pe Marsa Alam<\/p>\n","protected":false},"excerpt":{"rendered":"<p>Tur de c\u0103l\u0103rie pe Marsa Alam<\/p>\n","protected":false},"author":1,"featured_media":6458,"parent":0,"menu_order":0,"comment_status":"closed","ping_status":"closed","template":"page-tours.php","meta":{"_acf_changed":false,"footnotes":""},"class_list":["post-10216","page","type-page","status-publish","has-post-thumbnail","hentry","entry"],"acf":[],"_links":{"self":[{"href":"https:\/\/www.safariredsea.com\/ro\/wp-json\/wp\/v2\/pages\/10216","targetHints":{"allow":["GET"]}}],"collection":[{"href":"https:\/\/www.safariredsea.com\/ro\/wp-json\/wp\/v2\/pages"}],"about":[{"href":"https:\/\/www.safariredsea.com\/ro\/wp-json\/wp\/v2\/types\/page"}],"author":[{"embeddable":true,"href":"https:\/\/www.safariredsea.com\/ro\/wp-json\/wp\/v2\/users\/1"}],"replies":[{"embeddable":true,"href":"https:\/\/www.safariredsea.com\/ro\/wp-json\/wp\/v2\/comments?post=10216"}],"version-history":[{"count":13,"href":"https:\/\/www.safariredsea.com\/ro\/wp-json\/wp\/v2\/pages\/10216\/revisions"}],"predecessor-version":[{"id":18691,"href":"https:\/\/www.safariredsea.com\/ro\/wp-json\/wp\/v2\/pages\/10216\/revisions\/18691"}],"wp:featuredmedia":[{"embeddable":true,"href":"https:\/\/www.safariredsea.com\/ro\/wp-json\/wp\/v2\/media\/6458"}],"wp:attachment":[{"href":"https:\/\/www.safariredsea.com\/ro\/wp-json\/wp\/v2\/media?parent=10216"}],"curies":[{"name":"wp","href":"https:\/\/api.w.org\/{rel}","templated":true}]}}