{"id":10253,"date":"2022-02-11T18:37:13","date_gmt":"2022-02-11T18:37:13","guid":{"rendered":"http:\/\/safariredsea.com\/?page_id=10253"},"modified":"2025-08-16T16:07:18","modified_gmt":"2025-08-16T13:07:18","slug":"tur-de-safari-in-camping-peste-noapte-in-marsa-alam","status":"publish","type":"page","link":"https:\/\/www.safariredsea.com\/ro\/tur-de-safari-in-camping-peste-noapte-in-marsa-alam\/","title":{"rendered":"Tur de safari \u00een camping peste noapte \u00een Marsa Alam"},"content":{"rendered":"<p>Tur de safari \u00een camping peste noapte \u00een Marsa Alam<\/p>\n","protected":false},"excerpt":{"rendered":"<p>Tur de safari \u00een camping peste noapte \u00een Marsa Alam<\/p>\n","protected":false},"author":1,"featured_media":9173,"parent":0,"menu_order":0,"comment_status":"closed","ping_status":"closed","template":"page-tours.php","meta":{"_acf_changed":false,"footnotes":""},"class_list":["post-10253","page","type-page","status-publish","has-post-thumbnail","hentry","entry"],"acf":[],"_links":{"self":[{"href":"https:\/\/www.safariredsea.com\/ro\/wp-json\/wp\/v2\/pages\/10253","targetHints":{"allow":["GET"]}}],"collection":[{"href":"https:\/\/www.safariredsea.com\/ro\/wp-json\/wp\/v2\/pages"}],"about":[{"href":"https:\/\/www.safariredsea.com\/ro\/wp-json\/wp\/v2\/types\/page"}],"author":[{"embeddable":true,"href":"https:\/\/www.safariredsea.com\/ro\/wp-json\/wp\/v2\/users\/1"}],"replies":[{"embeddable":true,"href":"https:\/\/www.safariredsea.com\/ro\/wp-json\/wp\/v2\/comments?post=10253"}],"version-history":[{"count":9,"href":"https:\/\/www.safariredsea.com\/ro\/wp-json\/wp\/v2\/pages\/10253\/revisions"}],"predecessor-version":[{"id":18697,"href":"https:\/\/www.safariredsea.com\/ro\/wp-json\/wp\/v2\/pages\/10253\/revisions\/18697"}],"wp:featuredmedia":[{"embeddable":true,"href":"https:\/\/www.safariredsea.com\/ro\/wp-json\/wp\/v2\/media\/9173"}],"wp:attachment":[{"href":"https:\/\/www.safariredsea.com\/ro\/wp-json\/wp\/v2\/media?parent=10253"}],"curies":[{"name":"wp","href":"https:\/\/api.w.org\/{rel}","templated":true}]}}