{"id":10497,"date":"2022-02-12T13:14:00","date_gmt":"2022-02-12T13:14:00","guid":{"rendered":"http:\/\/safariredsea.com\/?page_id=10497"},"modified":"2025-08-16T16:57:26","modified_gmt":"2025-08-16T13:57:26","slug":"rasarit-de-soare-quad-moto-marine-din-hurghada","status":"publish","type":"page","link":"https:\/\/www.safariredsea.com\/ro\/rasarit-de-soare-quad-moto-marine-din-hurghada\/","title":{"rendered":"R\u0103s\u0103rit de soare Quad Moto Marine din Hurghada"},"content":{"rendered":"<p>R\u0103s\u0103rit de soare Quad Moto Marine din Hurghada<\/p>\n","protected":false},"excerpt":{"rendered":"<p>R\u0103s\u0103rit de soare Quad Moto Marine din Hurghada<\/p>\n","protected":false},"author":1,"featured_media":3737,"parent":0,"menu_order":0,"comment_status":"closed","ping_status":"closed","template":"page-tours.php","meta":{"_acf_changed":false,"footnotes":""},"class_list":["post-10497","page","type-page","status-publish","has-post-thumbnail","hentry","entry"],"acf":[],"_links":{"self":[{"href":"https:\/\/www.safariredsea.com\/ro\/wp-json\/wp\/v2\/pages\/10497","targetHints":{"allow":["GET"]}}],"collection":[{"href":"https:\/\/www.safariredsea.com\/ro\/wp-json\/wp\/v2\/pages"}],"about":[{"href":"https:\/\/www.safariredsea.com\/ro\/wp-json\/wp\/v2\/types\/page"}],"author":[{"embeddable":true,"href":"https:\/\/www.safariredsea.com\/ro\/wp-json\/wp\/v2\/users\/1"}],"replies":[{"embeddable":true,"href":"https:\/\/www.safariredsea.com\/ro\/wp-json\/wp\/v2\/comments?post=10497"}],"version-history":[{"count":12,"href":"https:\/\/www.safariredsea.com\/ro\/wp-json\/wp\/v2\/pages\/10497\/revisions"}],"predecessor-version":[{"id":18736,"href":"https:\/\/www.safariredsea.com\/ro\/wp-json\/wp\/v2\/pages\/10497\/revisions\/18736"}],"wp:featuredmedia":[{"embeddable":true,"href":"https:\/\/www.safariredsea.com\/ro\/wp-json\/wp\/v2\/media\/3737"}],"wp:attachment":[{"href":"https:\/\/www.safariredsea.com\/ro\/wp-json\/wp\/v2\/media?parent=10497"}],"curies":[{"name":"wp","href":"https:\/\/api.w.org\/{rel}","templated":true}]}}