{"id":10582,"date":"2022-02-12T15:51:48","date_gmt":"2022-02-12T15:51:48","guid":{"rendered":"http:\/\/safariredsea.com\/?page_id=10582"},"modified":"2025-08-16T17:25:32","modified_gmt":"2025-08-16T14:25:32","slug":"sharm-el-sheikh-quad-bike-safari-la-rasarit","status":"publish","type":"page","link":"https:\/\/www.safariredsea.com\/ro\/sharm-el-sheikh-quad-bike-safari-la-rasarit\/","title":{"rendered":"Sharm El Sheikh Quad Bike Safari la r\u0103s\u0103rit"},"content":{"rendered":"<p>Sharm El Sheikh Quad Bike Safari la r\u0103s\u0103rit<\/p>\n","protected":false},"excerpt":{"rendered":"<p>Sharm El Sheikh Quad Bike Safari la r\u0103s\u0103rit<\/p>\n","protected":false},"author":1,"featured_media":9194,"parent":0,"menu_order":0,"comment_status":"closed","ping_status":"closed","template":"page-tours.php","meta":{"_acf_changed":false,"footnotes":""},"class_list":["post-10582","page","type-page","status-publish","has-post-thumbnail","hentry","entry"],"acf":[],"_links":{"self":[{"href":"https:\/\/www.safariredsea.com\/ro\/wp-json\/wp\/v2\/pages\/10582","targetHints":{"allow":["GET"]}}],"collection":[{"href":"https:\/\/www.safariredsea.com\/ro\/wp-json\/wp\/v2\/pages"}],"about":[{"href":"https:\/\/www.safariredsea.com\/ro\/wp-json\/wp\/v2\/types\/page"}],"author":[{"embeddable":true,"href":"https:\/\/www.safariredsea.com\/ro\/wp-json\/wp\/v2\/users\/1"}],"replies":[{"embeddable":true,"href":"https:\/\/www.safariredsea.com\/ro\/wp-json\/wp\/v2\/comments?post=10582"}],"version-history":[{"count":11,"href":"https:\/\/www.safariredsea.com\/ro\/wp-json\/wp\/v2\/pages\/10582\/revisions"}],"predecessor-version":[{"id":18760,"href":"https:\/\/www.safariredsea.com\/ro\/wp-json\/wp\/v2\/pages\/10582\/revisions\/18760"}],"wp:featuredmedia":[{"embeddable":true,"href":"https:\/\/www.safariredsea.com\/ro\/wp-json\/wp\/v2\/media\/9194"}],"wp:attachment":[{"href":"https:\/\/www.safariredsea.com\/ro\/wp-json\/wp\/v2\/media?parent=10582"}],"curies":[{"name":"wp","href":"https:\/\/api.w.org\/{rel}","templated":true}]}}