{"id":10695,"date":"2022-02-12T20:20:19","date_gmt":"2022-02-12T20:20:19","guid":{"rendered":"http:\/\/safariredsea.com\/?page_id=10695"},"modified":"2025-08-16T17:56:10","modified_gmt":"2025-08-16T14:56:10","slug":"jeep-la-rasarit-de-soare-safari-marsa-alam","status":"publish","type":"page","link":"https:\/\/www.safariredsea.com\/ro\/jeep-la-rasarit-de-soare-safari-marsa-alam\/","title":{"rendered":"Jeep la r\u0103s\u0103rit de soare Safari Marsa Alam"},"content":{"rendered":"<p>Jeep la r\u0103s\u0103rit de soare Safari Marsa Alam<\/p>\n","protected":false},"excerpt":{"rendered":"<p>Jeep la r\u0103s\u0103rit de soare Safari Marsa Alam<\/p>\n","protected":false},"author":1,"featured_media":6010,"parent":0,"menu_order":0,"comment_status":"closed","ping_status":"closed","template":"page-tours.php","meta":{"_acf_changed":false,"footnotes":""},"class_list":["post-10695","page","type-page","status-publish","has-post-thumbnail","hentry","entry"],"acf":[],"_links":{"self":[{"href":"https:\/\/www.safariredsea.com\/ro\/wp-json\/wp\/v2\/pages\/10695","targetHints":{"allow":["GET"]}}],"collection":[{"href":"https:\/\/www.safariredsea.com\/ro\/wp-json\/wp\/v2\/pages"}],"about":[{"href":"https:\/\/www.safariredsea.com\/ro\/wp-json\/wp\/v2\/types\/page"}],"author":[{"embeddable":true,"href":"https:\/\/www.safariredsea.com\/ro\/wp-json\/wp\/v2\/users\/1"}],"replies":[{"embeddable":true,"href":"https:\/\/www.safariredsea.com\/ro\/wp-json\/wp\/v2\/comments?post=10695"}],"version-history":[{"count":10,"href":"https:\/\/www.safariredsea.com\/ro\/wp-json\/wp\/v2\/pages\/10695\/revisions"}],"predecessor-version":[{"id":18778,"href":"https:\/\/www.safariredsea.com\/ro\/wp-json\/wp\/v2\/pages\/10695\/revisions\/18778"}],"wp:featuredmedia":[{"embeddable":true,"href":"https:\/\/www.safariredsea.com\/ro\/wp-json\/wp\/v2\/media\/6010"}],"wp:attachment":[{"href":"https:\/\/www.safariredsea.com\/ro\/wp-json\/wp\/v2\/media?parent=10695"}],"curies":[{"name":"wp","href":"https:\/\/api.w.org\/{rel}","templated":true}]}}