{"id":12049,"date":"2022-03-04T07:16:13","date_gmt":"2022-03-04T07:16:13","guid":{"rendered":"http:\/\/safariredsea.com\/?page_id=12049"},"modified":"2022-03-13T21:26:34","modified_gmt":"2022-03-13T21:26:34","slug":"safari-hurghada","status":"publish","type":"page","link":"https:\/\/www.safariredsea.com\/ro\/safari-hurghada\/","title":{"rendered":"Safari Hurghada"},"content":{"rendered":"<h1 style=\"text-align: center;\"><strong><span style=\"color: #ffcc00;\">Safari Hurghada &#8211; Tururi cu Quad Bike, Jeep Safari, Dune Buggy Hurghada<\/span><\/strong><\/h1>\n<p>&nbsp;<\/p>\n<p>Desert Safari\u00a0Hurghada este o \u00eent\u00e2lnire minunat\u0103, deoarece \u00een orice moment v\u0103 ajuta\u021bi s\u0103 p\u0103stra\u021bi timpul \u00een care v\u0103 sim\u021bi\u021bi din nou revigorat.<\/p>\n<p>Sprijinul a milioane de persoane \u00een aceast\u0103 vizit\u0103 cu familiile \u0219i so\u021bii se angajeaz\u0103 c\u0103 Desert Safari Hurghada este cea mai bun\u0103 vizit\u0103 din gama larg\u0103 de vizite diferite.<\/p>\n<p>Vehicule extrem de perfecte \u0219i curate \u0219i un ghid de safari amabil pentru tine. De asemenea, climatul de familie este vital pentru c\u0103l\u0103toriile noastre de safari.<\/p>\n","protected":false},"excerpt":{"rendered":"<p>Safari Hurghada &#8211; Tururi cu Quad Bike, Jeep Safari, Dune Buggy Hurghada &nbsp; Desert Safari\u00a0Hurghada este o \u00eent\u00e2lnire minunat\u0103, deoarece \u00een orice moment v\u0103 ajuta\u021bi s\u0103 p\u0103stra\u021bi timpul \u00een care v\u0103 sim\u021bi\u021bi din nou revigorat. Sprijinul a milioane de persoane \u00een aceast\u0103 vizit\u0103 cu familiile \u0219i so\u021bii se angajeaz\u0103 c\u0103 Desert Safari Hurghada este cea [&hellip;]<\/p>\n","protected":false},"author":1,"featured_media":16825,"parent":0,"menu_order":0,"comment_status":"closed","ping_status":"closed","template":"page-template.php","meta":{"_acf_changed":false,"footnotes":""},"class_list":["post-12049","page","type-page","status-publish","has-post-thumbnail","hentry","entry"],"acf":[],"_links":{"self":[{"href":"https:\/\/www.safariredsea.com\/ro\/wp-json\/wp\/v2\/pages\/12049","targetHints":{"allow":["GET"]}}],"collection":[{"href":"https:\/\/www.safariredsea.com\/ro\/wp-json\/wp\/v2\/pages"}],"about":[{"href":"https:\/\/www.safariredsea.com\/ro\/wp-json\/wp\/v2\/types\/page"}],"author":[{"embeddable":true,"href":"https:\/\/www.safariredsea.com\/ro\/wp-json\/wp\/v2\/users\/1"}],"replies":[{"embeddable":true,"href":"https:\/\/www.safariredsea.com\/ro\/wp-json\/wp\/v2\/comments?post=12049"}],"version-history":[{"count":5,"href":"https:\/\/www.safariredsea.com\/ro\/wp-json\/wp\/v2\/pages\/12049\/revisions"}],"predecessor-version":[{"id":14706,"href":"https:\/\/www.safariredsea.com\/ro\/wp-json\/wp\/v2\/pages\/12049\/revisions\/14706"}],"wp:featuredmedia":[{"embeddable":true,"href":"https:\/\/www.safariredsea.com\/ro\/wp-json\/wp\/v2\/media\/16825"}],"wp:attachment":[{"href":"https:\/\/www.safariredsea.com\/ro\/wp-json\/wp\/v2\/media?parent=12049"}],"curies":[{"name":"wp","href":"https:\/\/api.w.org\/{rel}","templated":true}]}}