{"id":12391,"date":"2022-03-05T15:38:46","date_gmt":"2022-03-05T15:38:46","guid":{"rendered":"http:\/\/safariredsea.com\/?page_id=12391"},"modified":"2022-03-15T14:57:26","modified_gmt":"2022-03-15T14:57:26","slug":"safari-sharm-el-sheikh","status":"publish","type":"page","link":"https:\/\/www.safariredsea.com\/ro\/safari-sharm-el-sheikh\/","title":{"rendered":"Safari Sharm El Sheikh"},"content":{"rendered":"<h1 style=\"text-align: center;\"><span style=\"color: #ffcc00;\"><strong>Safari Sharm El Sheikh &#8211; Tururi cu Quad Bike Sharm El Sheikh, \u00a0Dune Buggy Sharm El Sheikh<\/strong><\/span><\/h1>\n<p>&nbsp;<\/p>\n<p>Punctul Sharm El Sheikh\u00a0Desert Safari nu este cu mult \u00eenainte de \u00eenceperea safariului. Exist\u0103 o pauz\u0103 pentru relaxare. B\u0103ile pentru b\u0103ie\u021bi \u0219i femei sunt chiar acolo pentru u\u0219urin\u021ba ta.<\/p>\n<p>Acolo v\u0103 a\u0219teapt\u0103 \u0219i Quads Bike \u0219i Dune buggy. Presupun\u00e2nd c\u0103 a\u021bi dori s\u0103 participa\u021bi la c\u0103l\u0103torie, pute\u021bi c\u0103l\u0103tori timp de 20 p\u00e2n\u0103 la 30 de minute.<\/p>\n","protected":false},"excerpt":{"rendered":"<p>Safari Sharm El Sheikh &#8211; Tururi cu Quad Bike Sharm El Sheikh, \u00a0Dune Buggy Sharm El Sheikh &nbsp; Punctul Sharm El Sheikh\u00a0Desert Safari nu este cu mult \u00eenainte de \u00eenceperea safariului. Exist\u0103 o pauz\u0103 pentru relaxare. B\u0103ile pentru b\u0103ie\u021bi \u0219i femei sunt chiar acolo pentru u\u0219urin\u021ba ta. Acolo v\u0103 a\u0219teapt\u0103 \u0219i Quads Bike \u0219i Dune [&hellip;]<\/p>\n","protected":false},"author":1,"featured_media":16860,"parent":0,"menu_order":0,"comment_status":"closed","ping_status":"closed","template":"page-template.php","meta":{"_acf_changed":false,"footnotes":""},"class_list":["post-12391","page","type-page","status-publish","has-post-thumbnail","hentry","entry"],"acf":[],"_links":{"self":[{"href":"https:\/\/www.safariredsea.com\/ro\/wp-json\/wp\/v2\/pages\/12391","targetHints":{"allow":["GET"]}}],"collection":[{"href":"https:\/\/www.safariredsea.com\/ro\/wp-json\/wp\/v2\/pages"}],"about":[{"href":"https:\/\/www.safariredsea.com\/ro\/wp-json\/wp\/v2\/types\/page"}],"author":[{"embeddable":true,"href":"https:\/\/www.safariredsea.com\/ro\/wp-json\/wp\/v2\/users\/1"}],"replies":[{"embeddable":true,"href":"https:\/\/www.safariredsea.com\/ro\/wp-json\/wp\/v2\/comments?post=12391"}],"version-history":[{"count":5,"href":"https:\/\/www.safariredsea.com\/ro\/wp-json\/wp\/v2\/pages\/12391\/revisions"}],"predecessor-version":[{"id":15395,"href":"https:\/\/www.safariredsea.com\/ro\/wp-json\/wp\/v2\/pages\/12391\/revisions\/15395"}],"wp:featuredmedia":[{"embeddable":true,"href":"https:\/\/www.safariredsea.com\/ro\/wp-json\/wp\/v2\/media\/16860"}],"wp:attachment":[{"href":"https:\/\/www.safariredsea.com\/ro\/wp-json\/wp\/v2\/media?parent=12391"}],"curies":[{"name":"wp","href":"https:\/\/api.w.org\/{rel}","templated":true}]}}