{"id":12481,"date":"2022-03-05T18:19:01","date_gmt":"2022-03-05T18:19:01","guid":{"rendered":"http:\/\/safariredsea.com\/?page_id=12481"},"modified":"2022-03-16T13:55:24","modified_gmt":"2022-03-16T13:55:24","slug":"safari-cu-jeep-in-golful-makadi","status":"publish","type":"page","link":"https:\/\/www.safariredsea.com\/ro\/safari-makadi-bay\/safari-cu-jeep-in-golful-makadi\/","title":{"rendered":"Safari cu jeep \u00een golful Makadi"},"content":{"rendered":"<h2 style=\"text-align: center;\"><strong>Safari cu jeep \u00een golful Makadi<\/strong><\/h2>\n<p>&nbsp;<\/p>\n<p style=\"text-align: center;\">Makadi Bay Jeep Safari este o \u00eent\u00e2lnire minunat\u0103, deoarece \u00een orice moment v\u0103 ajuta\u021bi s\u0103 p\u0103stra\u021bi timpul \u00een care v\u0103 sim\u021bi\u021bi din nou revigorat. Sprijinul a milioane de persoane \u00een aceast\u0103 vizit\u0103 cu familiile \u0219i so\u021bii se angajeaz\u0103 c\u0103 Desert Safari\u00a0este\u00a0Hurghada\u00a0cea mai bun\u0103 vizit\u0103 din gama larg\u0103 de vizite diferite.<\/p>\n","protected":false},"excerpt":{"rendered":"<p>Safari cu jeep \u00een golful Makadi &nbsp; Makadi Bay Jeep Safari este o \u00eent\u00e2lnire minunat\u0103, deoarece \u00een orice moment v\u0103 ajuta\u021bi s\u0103 p\u0103stra\u021bi timpul \u00een care v\u0103 sim\u021bi\u021bi din nou revigorat. Sprijinul a milioane de persoane \u00een aceast\u0103 vizit\u0103 cu familiile \u0219i so\u021bii se angajeaz\u0103 c\u0103 Desert Safari\u00a0este\u00a0Hurghada\u00a0cea mai bun\u0103 vizit\u0103 din gama larg\u0103 de [&hellip;]<\/p>\n","protected":false},"author":1,"featured_media":7985,"parent":12445,"menu_order":0,"comment_status":"closed","ping_status":"closed","template":"page-template-city.php","meta":{"_acf_changed":false,"footnotes":""},"class_list":["post-12481","page","type-page","status-publish","has-post-thumbnail","hentry","entry"],"acf":[],"_links":{"self":[{"href":"https:\/\/www.safariredsea.com\/ro\/wp-json\/wp\/v2\/pages\/12481","targetHints":{"allow":["GET"]}}],"collection":[{"href":"https:\/\/www.safariredsea.com\/ro\/wp-json\/wp\/v2\/pages"}],"about":[{"href":"https:\/\/www.safariredsea.com\/ro\/wp-json\/wp\/v2\/types\/page"}],"author":[{"embeddable":true,"href":"https:\/\/www.safariredsea.com\/ro\/wp-json\/wp\/v2\/users\/1"}],"replies":[{"embeddable":true,"href":"https:\/\/www.safariredsea.com\/ro\/wp-json\/wp\/v2\/comments?post=12481"}],"version-history":[{"count":7,"href":"https:\/\/www.safariredsea.com\/ro\/wp-json\/wp\/v2\/pages\/12481\/revisions"}],"predecessor-version":[{"id":15621,"href":"https:\/\/www.safariredsea.com\/ro\/wp-json\/wp\/v2\/pages\/12481\/revisions\/15621"}],"up":[{"embeddable":true,"href":"https:\/\/www.safariredsea.com\/ro\/wp-json\/wp\/v2\/pages\/12445"}],"wp:featuredmedia":[{"embeddable":true,"href":"https:\/\/www.safariredsea.com\/ro\/wp-json\/wp\/v2\/media\/7985"}],"wp:attachment":[{"href":"https:\/\/www.safariredsea.com\/ro\/wp-json\/wp\/v2\/media?parent=12481"}],"curies":[{"name":"wp","href":"https:\/\/api.w.org\/{rel}","templated":true}]}}