{"id":12523,"date":"2022-03-05T19:59:50","date_gmt":"2022-03-05T19:59:50","guid":{"rendered":"http:\/\/safariredsea.com\/?page_id=12523"},"modified":"2022-03-15T07:38:25","modified_gmt":"2022-03-15T07:38:25","slug":"desert-safari-hurghada","status":"publish","type":"page","link":"https:\/\/www.safariredsea.com\/ro\/desert-safari-hurghada\/","title":{"rendered":"Desert Safari Hurghada"},"content":{"rendered":"<h2 style=\"text-align: center;\"><strong>Desert Safari Hurghada<\/strong><\/h2>\n<p>&nbsp;<\/p>\n<p style=\"text-align: center;\">Desert Safari Hurghada Bay este o \u00eent\u00e2lnire minunat\u0103, deoarece \u00een orice moment v\u0103 ajuta\u021bi s\u0103 v\u0103 p\u0103stra\u021bi timpul \u00een care v\u0103 sim\u021bi\u021bi din nou revigorat.<\/p>\n<p style=\"text-align: center;\">Sprijinul a milioane de persoane \u00een aceast\u0103 vizit\u0103 cu familiile \u0219i so\u021bii se angajeaz\u0103 c\u0103 Desert Safari este Hurghada Bay cea mai bun\u0103 vizit\u0103 din gama larg\u0103 de vizite diferite.<\/p>\n<p>&nbsp;<\/p>\n","protected":false},"excerpt":{"rendered":"<p>Desert Safari Hurghada &nbsp; Desert Safari Hurghada Bay este o \u00eent\u00e2lnire minunat\u0103, deoarece \u00een orice moment v\u0103 ajuta\u021bi s\u0103 v\u0103 p\u0103stra\u021bi timpul \u00een care v\u0103 sim\u021bi\u021bi din nou revigorat. Sprijinul a milioane de persoane \u00een aceast\u0103 vizit\u0103 cu familiile \u0219i so\u021bii se angajeaz\u0103 c\u0103 Desert Safari este Hurghada Bay cea mai bun\u0103 vizit\u0103 din gama [&hellip;]<\/p>\n","protected":false},"author":1,"featured_media":7641,"parent":0,"menu_order":0,"comment_status":"closed","ping_status":"closed","template":"page-template-cat.php","meta":{"_acf_changed":false,"footnotes":""},"class_list":["post-12523","page","type-page","status-publish","has-post-thumbnail","hentry","entry"],"acf":[],"_links":{"self":[{"href":"https:\/\/www.safariredsea.com\/ro\/wp-json\/wp\/v2\/pages\/12523","targetHints":{"allow":["GET"]}}],"collection":[{"href":"https:\/\/www.safariredsea.com\/ro\/wp-json\/wp\/v2\/pages"}],"about":[{"href":"https:\/\/www.safariredsea.com\/ro\/wp-json\/wp\/v2\/types\/page"}],"author":[{"embeddable":true,"href":"https:\/\/www.safariredsea.com\/ro\/wp-json\/wp\/v2\/users\/1"}],"replies":[{"embeddable":true,"href":"https:\/\/www.safariredsea.com\/ro\/wp-json\/wp\/v2\/comments?post=12523"}],"version-history":[{"count":6,"href":"https:\/\/www.safariredsea.com\/ro\/wp-json\/wp\/v2\/pages\/12523\/revisions"}],"predecessor-version":[{"id":15031,"href":"https:\/\/www.safariredsea.com\/ro\/wp-json\/wp\/v2\/pages\/12523\/revisions\/15031"}],"wp:featuredmedia":[{"embeddable":true,"href":"https:\/\/www.safariredsea.com\/ro\/wp-json\/wp\/v2\/media\/7641"}],"wp:attachment":[{"href":"https:\/\/www.safariredsea.com\/ro\/wp-json\/wp\/v2\/media?parent=12523"}],"curies":[{"name":"wp","href":"https:\/\/api.w.org\/{rel}","templated":true}]}}