{"id":13161,"date":"2022-03-07T13:56:36","date_gmt":"2022-03-07T13:56:36","guid":{"rendered":"http:\/\/safariredsea.com\/?page_id=13161"},"modified":"2022-03-13T21:45:27","modified_gmt":"2022-03-13T21:45:27","slug":"safari-sahl-hashesh","status":"publish","type":"page","link":"https:\/\/www.safariredsea.com\/ro\/safari-sahl-hashesh\/","title":{"rendered":"Safari Sahl Hashesh"},"content":{"rendered":"<h2 style=\"text-align: center;\"><span style=\"color: #ffcc00;\"><strong>Safari Sahl Hashesh &#8211; Quad Bike Tours Sahl Hashesh , Jeep Safari Sahl Hashesh, Dune Buggy Sahl Hashesh<\/strong><\/span><\/h2>\n<p>&nbsp;<\/p>\n<p>Cu acest Best Sahl Hashesh am adus diverse alte burghie solicitate pe scar\u0103 larg\u0103. Pute\u021bi alege \u0219i savura ofertele admirate pentru Safari \u00een de\u0219ert. \u00cen timp ce vizita\u021bi Sahl Hashesh\u00a0Nu uita\u021bi s\u0103 c\u0103uta\u021bi aceste oferte incredibile care v\u0103 a\u0219teapt\u0103 \u00een Desert Safari \u00een Sahl Hashesh.<\/p>\n","protected":false},"excerpt":{"rendered":"<p>Safari Sahl Hashesh &#8211; Quad Bike Tours Sahl Hashesh , Jeep Safari Sahl Hashesh, Dune Buggy Sahl Hashesh &nbsp; Cu acest Best Sahl Hashesh am adus diverse alte burghie solicitate pe scar\u0103 larg\u0103. Pute\u021bi alege \u0219i savura ofertele admirate pentru Safari \u00een de\u0219ert. \u00cen timp ce vizita\u021bi Sahl Hashesh\u00a0Nu uita\u021bi s\u0103 c\u0103uta\u021bi aceste oferte incredibile [&hellip;]<\/p>\n","protected":false},"author":1,"featured_media":16853,"parent":0,"menu_order":0,"comment_status":"closed","ping_status":"closed","template":"page-template.php","meta":{"_acf_changed":false,"footnotes":""},"class_list":["post-13161","page","type-page","status-publish","has-post-thumbnail","hentry","entry"],"acf":[],"_links":{"self":[{"href":"https:\/\/www.safariredsea.com\/ro\/wp-json\/wp\/v2\/pages\/13161","targetHints":{"allow":["GET"]}}],"collection":[{"href":"https:\/\/www.safariredsea.com\/ro\/wp-json\/wp\/v2\/pages"}],"about":[{"href":"https:\/\/www.safariredsea.com\/ro\/wp-json\/wp\/v2\/types\/page"}],"author":[{"embeddable":true,"href":"https:\/\/www.safariredsea.com\/ro\/wp-json\/wp\/v2\/users\/1"}],"replies":[{"embeddable":true,"href":"https:\/\/www.safariredsea.com\/ro\/wp-json\/wp\/v2\/comments?post=13161"}],"version-history":[{"count":5,"href":"https:\/\/www.safariredsea.com\/ro\/wp-json\/wp\/v2\/pages\/13161\/revisions"}],"predecessor-version":[{"id":14720,"href":"https:\/\/www.safariredsea.com\/ro\/wp-json\/wp\/v2\/pages\/13161\/revisions\/14720"}],"wp:featuredmedia":[{"embeddable":true,"href":"https:\/\/www.safariredsea.com\/ro\/wp-json\/wp\/v2\/media\/16853"}],"wp:attachment":[{"href":"https:\/\/www.safariredsea.com\/ro\/wp-json\/wp\/v2\/media?parent=13161"}],"curies":[{"name":"wp","href":"https:\/\/api.w.org\/{rel}","templated":true}]}}