{"id":13209,"date":"2022-03-07T20:33:53","date_gmt":"2022-03-07T20:33:53","guid":{"rendered":"http:\/\/safariredsea.com\/?page_id=13209"},"modified":"2022-03-13T21:32:59","modified_gmt":"2022-03-13T21:32:59","slug":"safari-el-gouna","status":"publish","type":"page","link":"https:\/\/www.safariredsea.com\/ro\/safari-el-gouna\/","title":{"rendered":"Safari El Gouna"},"content":{"rendered":"<h2 style=\"text-align: center;\"><strong><span style=\"color: #ffcc00;\">Safari El Gouna &#8211; Tururi cu Quad Bike El Gouna , Jeep Safari El Gouna, Dune Buggy El Gouna<\/span><\/strong><\/h2>\n<p>&nbsp;<\/p>\n<p>Punctul El Gouna Desert Safari nu este cu mult \u00eenainte de \u00eenceperea safariului. Exist\u0103 o pauz\u0103 pentru relaxare. B\u0103ile pentru b\u0103ie\u021bi \u0219i femei sunt chiar acolo pentru u\u0219urin\u021ba ta. Acolo v\u0103 a\u0219teapt\u0103 \u0219i Quads Bike \u0219i Dune buggy. Presupun\u00e2nd c\u0103 a\u021bi dori s\u0103 participa\u021bi la c\u0103l\u0103torie, pute\u021bi c\u0103l\u0103tori timp de 20 p\u00e2n\u0103 la 30 de minute.<\/p>\n","protected":false},"excerpt":{"rendered":"<p>Safari El Gouna &#8211; Tururi cu Quad Bike El Gouna , Jeep Safari El Gouna, Dune Buggy El Gouna &nbsp; Punctul El Gouna Desert Safari nu este cu mult \u00eenainte de \u00eenceperea safariului. Exist\u0103 o pauz\u0103 pentru relaxare. B\u0103ile pentru b\u0103ie\u021bi \u0219i femei sunt chiar acolo pentru u\u0219urin\u021ba ta. Acolo v\u0103 a\u0219teapt\u0103 \u0219i Quads Bike [&hellip;]<\/p>\n","protected":false},"author":1,"featured_media":6593,"parent":0,"menu_order":0,"comment_status":"closed","ping_status":"closed","template":"page-template.php","meta":{"_acf_changed":false,"footnotes":""},"class_list":["post-13209","page","type-page","status-publish","has-post-thumbnail","hentry","entry"],"acf":[],"_links":{"self":[{"href":"https:\/\/www.safariredsea.com\/ro\/wp-json\/wp\/v2\/pages\/13209","targetHints":{"allow":["GET"]}}],"collection":[{"href":"https:\/\/www.safariredsea.com\/ro\/wp-json\/wp\/v2\/pages"}],"about":[{"href":"https:\/\/www.safariredsea.com\/ro\/wp-json\/wp\/v2\/types\/page"}],"author":[{"embeddable":true,"href":"https:\/\/www.safariredsea.com\/ro\/wp-json\/wp\/v2\/users\/1"}],"replies":[{"embeddable":true,"href":"https:\/\/www.safariredsea.com\/ro\/wp-json\/wp\/v2\/comments?post=13209"}],"version-history":[{"count":6,"href":"https:\/\/www.safariredsea.com\/ro\/wp-json\/wp\/v2\/pages\/13209\/revisions"}],"predecessor-version":[{"id":14711,"href":"https:\/\/www.safariredsea.com\/ro\/wp-json\/wp\/v2\/pages\/13209\/revisions\/14711"}],"wp:featuredmedia":[{"embeddable":true,"href":"https:\/\/www.safariredsea.com\/ro\/wp-json\/wp\/v2\/media\/6593"}],"wp:attachment":[{"href":"https:\/\/www.safariredsea.com\/ro\/wp-json\/wp\/v2\/media?parent=13209"}],"curies":[{"name":"wp","href":"https:\/\/api.w.org\/{rel}","templated":true}]}}