{"id":14252,"date":"2022-03-11T10:08:03","date_gmt":"2022-03-11T10:08:03","guid":{"rendered":"http:\/\/safariredsea.com\/?page_id=14252"},"modified":"2022-03-15T10:45:23","modified_gmt":"2022-03-15T10:45:23","slug":"quad-bicicleta-in-golful-soma","status":"publish","type":"page","link":"https:\/\/www.safariredsea.com\/ro\/safari-in-golful-soma\/quad-bicicleta-in-golful-soma\/","title":{"rendered":"Quad Biciclet\u0103 \u00een Golful Soma"},"content":{"rendered":"<h2 style=\"text-align: center;\">Quad Biciclet\u0103 \u00een Golful Soma<\/h2>\n<p>&nbsp;<\/p>\n<p>Pentru persoanele care doresc mai mult\u0103 energie \u00een safariul lor neglijat, oferim decizia de a fuziona Quad Bike Safari Soma Bay\u00a0ca una dintre activit\u0103\u021bi. Dac\u0103 nu a\u021bi condus niciodat\u0103 nava unui Quad cu patru ro\u021bi \u00een Safari Soma Bay, cu siguran\u021b\u0103 o ve\u021bi g\u0103si o baz\u0103 palpitant\u0103. Vom depune un efort curajos pentru a face ca aventura Quad Biking s\u0103 fie distractiv\u0103 \u0219i sigur\u0103 pentru tine<\/p>\n<p>&nbsp;<\/p>\n","protected":false},"excerpt":{"rendered":"<p>Quad Biciclet\u0103 \u00een Golful Soma &nbsp; Pentru persoanele care doresc mai mult\u0103 energie \u00een safariul lor neglijat, oferim decizia de a fuziona Quad Bike Safari Soma Bay\u00a0ca una dintre activit\u0103\u021bi. Dac\u0103 nu a\u021bi condus niciodat\u0103 nava unui Quad cu patru ro\u021bi \u00een Safari Soma Bay, cu siguran\u021b\u0103 o ve\u021bi g\u0103si o baz\u0103 palpitant\u0103. Vom depune [&hellip;]<\/p>\n","protected":false},"author":1,"featured_media":8041,"parent":14262,"menu_order":0,"comment_status":"closed","ping_status":"closed","template":"page-template-city.php","meta":{"_acf_changed":false,"footnotes":""},"class_list":["post-14252","page","type-page","status-publish","has-post-thumbnail","hentry","entry"],"acf":[],"_links":{"self":[{"href":"https:\/\/www.safariredsea.com\/ro\/wp-json\/wp\/v2\/pages\/14252","targetHints":{"allow":["GET"]}}],"collection":[{"href":"https:\/\/www.safariredsea.com\/ro\/wp-json\/wp\/v2\/pages"}],"about":[{"href":"https:\/\/www.safariredsea.com\/ro\/wp-json\/wp\/v2\/types\/page"}],"author":[{"embeddable":true,"href":"https:\/\/www.safariredsea.com\/ro\/wp-json\/wp\/v2\/users\/1"}],"replies":[{"embeddable":true,"href":"https:\/\/www.safariredsea.com\/ro\/wp-json\/wp\/v2\/comments?post=14252"}],"version-history":[{"count":6,"href":"https:\/\/www.safariredsea.com\/ro\/wp-json\/wp\/v2\/pages\/14252\/revisions"}],"predecessor-version":[{"id":15139,"href":"https:\/\/www.safariredsea.com\/ro\/wp-json\/wp\/v2\/pages\/14252\/revisions\/15139"}],"up":[{"embeddable":true,"href":"https:\/\/www.safariredsea.com\/ro\/wp-json\/wp\/v2\/pages\/14262"}],"wp:featuredmedia":[{"embeddable":true,"href":"https:\/\/www.safariredsea.com\/ro\/wp-json\/wp\/v2\/media\/8041"}],"wp:attachment":[{"href":"https:\/\/www.safariredsea.com\/ro\/wp-json\/wp\/v2\/media?parent=14252"}],"curies":[{"name":"wp","href":"https:\/\/api.w.org\/{rel}","templated":true}]}}