{"id":14262,"date":"2022-03-11T10:16:52","date_gmt":"2022-03-11T10:16:52","guid":{"rendered":"http:\/\/safariredsea.com\/?page_id=14262"},"modified":"2022-03-15T09:14:38","modified_gmt":"2022-03-15T09:14:38","slug":"safari-in-golful-soma","status":"publish","type":"page","link":"https:\/\/www.safariredsea.com\/ro\/safari-in-golful-soma\/","title":{"rendered":"Safari \u00een golful Soma"},"content":{"rendered":"<h1 style=\"text-align: center;\"><strong><span style=\"color: #ffcc00;\">safari Soma Bay &#8211; Tururi cu Quad Bike Soma Bay, Jeep Safari Soma Bay, Dune Buggy Soma Bay<\/span><\/strong><\/h1>\n<p>&nbsp;<\/p>\n<p>&nbsp;<\/p>\n<p>&nbsp;<\/p>\n<p>Desert Safari Soma Bay este o \u00eent\u00e2lnire minunat\u0103, deoarece \u00een orice moment v\u0103 ajuta\u021bi s\u0103 p\u0103stra\u021bi timpul \u00een care v\u0103 sim\u021bi\u021bi din nou revigorat.<\/p>\n<p>Sprijinul a milioane de persoane \u00een aceast\u0103 vizit\u0103 cu familiile \u0219i so\u021bii se angajeaz\u0103 c\u0103 Desert Safari este Soma Bay cea mai bun\u0103 vizit\u0103 din gama larg\u0103 de vizite diferite.<\/p>\n<p>&nbsp;<\/p>\n","protected":false},"excerpt":{"rendered":"<p>safari Soma Bay &#8211; Tururi cu Quad Bike Soma Bay, Jeep Safari Soma Bay, Dune Buggy Soma Bay &nbsp; &nbsp; &nbsp; Desert Safari Soma Bay este o \u00eent\u00e2lnire minunat\u0103, deoarece \u00een orice moment v\u0103 ajuta\u021bi s\u0103 p\u0103stra\u021bi timpul \u00een care v\u0103 sim\u021bi\u021bi din nou revigorat. Sprijinul a milioane de persoane \u00een aceast\u0103 vizit\u0103 cu familiile [&hellip;]<\/p>\n","protected":false},"author":1,"featured_media":16832,"parent":0,"menu_order":0,"comment_status":"closed","ping_status":"closed","template":"page-template.php","meta":{"_acf_changed":false,"footnotes":""},"class_list":["post-14262","page","type-page","status-publish","has-post-thumbnail","hentry","entry"],"acf":[],"_links":{"self":[{"href":"https:\/\/www.safariredsea.com\/ro\/wp-json\/wp\/v2\/pages\/14262","targetHints":{"allow":["GET"]}}],"collection":[{"href":"https:\/\/www.safariredsea.com\/ro\/wp-json\/wp\/v2\/pages"}],"about":[{"href":"https:\/\/www.safariredsea.com\/ro\/wp-json\/wp\/v2\/types\/page"}],"author":[{"embeddable":true,"href":"https:\/\/www.safariredsea.com\/ro\/wp-json\/wp\/v2\/users\/1"}],"replies":[{"embeddable":true,"href":"https:\/\/www.safariredsea.com\/ro\/wp-json\/wp\/v2\/comments?post=14262"}],"version-history":[{"count":4,"href":"https:\/\/www.safariredsea.com\/ro\/wp-json\/wp\/v2\/pages\/14262\/revisions"}],"predecessor-version":[{"id":15120,"href":"https:\/\/www.safariredsea.com\/ro\/wp-json\/wp\/v2\/pages\/14262\/revisions\/15120"}],"wp:featuredmedia":[{"embeddable":true,"href":"https:\/\/www.safariredsea.com\/ro\/wp-json\/wp\/v2\/media\/16832"}],"wp:attachment":[{"href":"https:\/\/www.safariredsea.com\/ro\/wp-json\/wp\/v2\/media?parent=14262"}],"curies":[{"name":"wp","href":"https:\/\/api.w.org\/{rel}","templated":true}]}}