{"id":15835,"date":"2022-03-24T04:09:58","date_gmt":"2022-03-24T04:09:58","guid":{"rendered":"http:\/\/safariredsea.com\/?page_id=15835"},"modified":"2022-03-24T08:41:28","modified_gmt":"2022-03-24T08:41:28","slug":"deveni-un-partener","status":"publish","type":"page","link":"https:\/\/www.safariredsea.com\/ro\/deveni-un-partener\/","title":{"rendered":"Deveni un partener"},"content":{"rendered":"<hr \/>\n<p>&nbsp;<\/p>\n<h1><\/h1>\n<h1 style=\"text-align: center;\"><strong><span style=\"text-shadow: -2px 1px 17px rgba(136, 136, 136, 1);\">Cum s\u0103 lucra\u021bi cu noi<\/span><\/strong><\/h1>\n<p>&nbsp;<\/p>\n<p class=\"headline\"><span style=\"font-size: 17px;\">Ar\u0103ta\u021bi-le clien\u021bilor cele mai bune excursii Safari \u00een Marea Ro\u0219ie \u0219i ajuta\u021bi-i s\u0103 planifice \u0219i s\u0103 rezerve cele mai bune excursii.<\/span><\/p>\n<p class=\"headline\"><span style=\"font-size: 17px;\"><strong>Safari Red Sea<\/strong> ofer\u0103 mai multe modalit\u0103\u021bi pentru orice parteneri de a vinde produsele noastre. Dac\u0103 sunte\u021bi un agent de turism, o companie de turism, un magazin general \u00een Egipt sau o \u00eentreprindere mare, o companie aerian\u0103, un hotel, un concierge, o influen\u021b\u0103, un creator de con\u021binut sau orice alt\u0103 afacere care este interesat\u0103 s\u0103 le ofere clien\u021bilor o modalitate distractiv\u0103 de a experimenta Egiptul , suntem bucuro\u0219i s\u0103 lucr\u0103m cu tine!<\/span><\/p>\n<div class=\"mceTemp\"><span style=\"font-size: 17px;\">\u00a0<\/span><\/div>\n<p><span style=\"font-size: 17px;\">Colabor\u0103m cu <strong>Agen\u021bii de turism online (OTA)<\/strong> \/ <strong>Companii aeriene<\/strong> \/ <strong>Conciergeri de hotel<\/strong> \/ &lt; strong&gt;Agen\u021bi de c\u0103l\u0103torie \/ <strong>Ghiduri de c\u0103l\u0103torie. <\/strong><\/span><\/p>\n<p><span style=\"font-size: 17px;\">Conecta\u021bi-v\u0103 clien\u021bii la experien\u021be incredibile cu <strong>Safari Red Sea<\/strong>. <\/span><\/p>\n<p><span style=\"font-size: 17px;\">Profita\u021bi de integrarea noastr\u0103 cu etichet\u0103 alb\u0103 sau POS, fluxul rapid de rezervare \u0219i comunicarea f\u0103r\u0103 probleme cu clien\u021bii. \u00cen schimbul promov\u0103rii produselor <strong>Safari Red Sea<\/strong> pe site-ul dvs. web, ve\u021bi c\u00e2\u0219tiga un comision pentru fiecare rezervare reu\u0219it\u0103. Pur \u0219i simplu contacta\u021bi-ne prin una dintre op\u021biunile de mai jos \u0219i v\u0103 vom contacta \u00een scurt timp.<\/span><\/p>\n<p style=\"text-align: center;\"><span style=\"font-size: 17px;\">Trimite\u021bi solicitarea dvs. aici sau trimite\u021bi un e-mail echipei noastre de v\u00e2nz\u0103ri la<\/span><a href=\"mailto: partner@safariredsea.com\"><span style=\"font-size: 19px;\"> partner@safariredsea.com<\/span><\/a><\/p>\n<p style=\"text-align: center;\">\n<div class=\"wpcf7 no-js\" id=\"wpcf7-f2130-o1\" lang=\"en-US\" dir=\"ltr\" data-wpcf7-id=\"2130\">\n<div class=\"screen-reader-response\"><p role=\"status\" aria-live=\"polite\" aria-atomic=\"true\"><\/p> <ul><\/ul><\/div>\n<form action=\"\/ro\/wp-json\/wp\/v2\/pages\/15835#wpcf7-f2130-o1\" method=\"post\" class=\"wpcf7-form init\" aria-label=\"Contact form\" novalidate=\"novalidate\" data-status=\"init\">\n<fieldset class=\"hidden-fields-container\"><input type=\"hidden\" name=\"_wpcf7\" value=\"2130\" \/><input type=\"hidden\" name=\"_wpcf7_version\" value=\"6.1.1\" \/><input type=\"hidden\" name=\"_wpcf7_locale\" value=\"en_US\" \/><input type=\"hidden\" name=\"_wpcf7_unit_tag\" value=\"wpcf7-f2130-o1\" \/><input type=\"hidden\" name=\"_wpcf7_container_post\" value=\"0\" \/><input type=\"hidden\" name=\"_wpcf7_posted_data_hash\" value=\"\" \/>\n<\/fieldset>\n<div class=\"row\">\n\t<div class=\"col-md-12 col-lg-12 col-sm-12 col-xs-12\">\n\t\t<div class=\"form-group\">\n\t\t\t<p><span class=\"wpcf7-form-control-wrap\" data-name=\"your-name\"><input size=\"40\" maxlength=\"400\" class=\"wpcf7-form-control wpcf7-text wpcf7-validates-as-required form-control\" aria-required=\"true\" aria-invalid=\"false\" placeholder=\"Your Name\" value=\"\" type=\"text\" name=\"your-name\" \/><\/span>\n\t\t\t<\/p>\n\t\t<\/div>\n\t<\/div>\n\t<div class=\"col-md-12 col-lg-12 col-sm-12 col-xs-12\">\n\t\t<div class=\"form-group\">\n\t\t\t<p><span class=\"wpcf7-form-control-wrap\" data-name=\"your-email\"><input size=\"40\" maxlength=\"400\" class=\"wpcf7-form-control wpcf7-email wpcf7-validates-as-required wpcf7-text wpcf7-validates-as-email form-control\" aria-required=\"true\" aria-invalid=\"false\" placeholder=\"Your Email\" value=\"\" type=\"email\" name=\"your-email\" \/><\/span>\n\t\t\t<\/p>\n\t\t<\/div>\n\t<\/div>\n\t<div class=\"col-md-12 col-lg-12 col-sm-12 col-xs-12\">\n\t\t<div class=\"form-group\">\n\t\t\t<p><span class=\"wpcf7-form-control-wrap\" data-name=\"your-subject\"><select class=\"wpcf7-form-control wpcf7-select wpcf7-validates-as-required form-control\" aria-required=\"true\" aria-invalid=\"false\" name=\"your-subject\"><option value=\"\">Business Type<\/option><option value=\"Online Travel agents (OTA)\">Online Travel agents (OTA)<\/option><option value=\"Airline\">Airline<\/option><option value=\"Hotel Concierge\">Hotel Concierge<\/option><option value=\"Travel Agent\">Travel Agent<\/option><option value=\"Travel Guide\">Travel Guide<\/option><option value=\"Travel Writer\">Travel Writer<\/option><option value=\"Travel News Website\">Travel News Website<\/option><option value=\"Other\">Other<\/option><\/select><\/span>\n\t\t\t<\/p>\n\t\t<\/div>\n\t<\/div>\n\t<div class=\"col-md-12 col-lg-12 col-sm-12 col-xs-12\">\n\t\t<div class=\"form-group\">\n\t\t\t<p><span class=\"wpcf7-form-control-wrap\" data-name=\"your-message\"><textarea cols=\"40\" rows=\"10\" maxlength=\"2000\" class=\"wpcf7-form-control wpcf7-textarea form-control\" aria-invalid=\"false\" placeholder=\"Tell us more about you and How you would like to sell our tours\" name=\"your-message\"><\/textarea><\/span>\n\t\t\t<\/p>\n\t\t<\/div>\n\t<\/div>\n\t<div class=\"col-md-12 col-lg-12 col-sm-12 col-xs-12\">\n\t\t<div class=\"form-group\">\n\t\t\t<p><input type=\"hidden\" name=\"_wpcf7_captcha_challenge_captcha-1\" value=\"239098624\" \/><img decoding=\"async\" class=\"wpcf7-form-control wpcf7-captchac wpcf7-captcha-captcha-1\" width=\"72\" height=\"24\" alt=\"captcha\" src=\"https:\/\/www.safariredsea.com\/wp-content\/uploads\/wpcf7_captcha\/239098624.png\" \/><span class=\"wpcf7-form-control-wrap\" data-name=\"captcha-1\"><input size=\"40\" class=\"wpcf7-form-control wpcf7-captchar\" autocomplete=\"off\" aria-invalid=\"false\" value=\"\" type=\"text\" name=\"captcha-1\" \/><\/span>\n\t\t\t<\/p>\n\t\t<\/div>\n\t<\/div>\n\t<div class=\"col-md-12 col-lg-12 col-sm-12 col-xs-12\">\n\t\t<div class=\"form-group\">\n\t\t\t<p><input class=\"wpcf7-form-control wpcf7-submit has-spinner btn_sub\" type=\"submit\" value=\"Submit Request\" \/>\n\t\t\t<\/p>\n\t\t<\/div>\n\t<\/div>\n<\/div><p style=\"display: none !important;\" class=\"akismet-fields-container\" data-prefix=\"_wpcf7_ak_\"><label>&#916;<textarea name=\"_wpcf7_ak_hp_textarea\" cols=\"45\" rows=\"8\" maxlength=\"100\"><\/textarea><\/label><input type=\"hidden\" id=\"ak_js_1\" name=\"_wpcf7_ak_js\" value=\"230\"\/><script>document.getElementById( \"ak_js_1\" ).setAttribute( \"value\", ( new Date() ).getTime() );<\/script><\/p><div class=\"wpcf7-response-output\" aria-hidden=\"true\"><\/div>\n<\/form>\n<\/div>\n<\/p>\n","protected":false},"excerpt":{"rendered":"<p>&nbsp; Cum s\u0103 lucra\u021bi cu noi &nbsp; Ar\u0103ta\u021bi-le clien\u021bilor cele mai bune excursii Safari \u00een Marea Ro\u0219ie \u0219i ajuta\u021bi-i s\u0103 planifice \u0219i s\u0103 rezerve cele mai bune excursii. Safari Red Sea ofer\u0103 mai multe modalit\u0103\u021bi pentru orice parteneri de a vinde produsele noastre. Dac\u0103 sunte\u021bi un agent de turism, o companie de turism, un magazin [&hellip;]<\/p>\n","protected":false},"author":1,"featured_media":0,"parent":0,"menu_order":0,"comment_status":"closed","ping_status":"closed","template":"","meta":{"_acf_changed":false,"footnotes":""},"class_list":["post-15835","page","type-page","status-publish","hentry","entry"],"acf":[],"_links":{"self":[{"href":"https:\/\/www.safariredsea.com\/ro\/wp-json\/wp\/v2\/pages\/15835","targetHints":{"allow":["GET"]}}],"collection":[{"href":"https:\/\/www.safariredsea.com\/ro\/wp-json\/wp\/v2\/pages"}],"about":[{"href":"https:\/\/www.safariredsea.com\/ro\/wp-json\/wp\/v2\/types\/page"}],"author":[{"embeddable":true,"href":"https:\/\/www.safariredsea.com\/ro\/wp-json\/wp\/v2\/users\/1"}],"replies":[{"embeddable":true,"href":"https:\/\/www.safariredsea.com\/ro\/wp-json\/wp\/v2\/comments?post=15835"}],"version-history":[{"count":2,"href":"https:\/\/www.safariredsea.com\/ro\/wp-json\/wp\/v2\/pages\/15835\/revisions"}],"predecessor-version":[{"id":15970,"href":"https:\/\/www.safariredsea.com\/ro\/wp-json\/wp\/v2\/pages\/15835\/revisions\/15970"}],"wp:attachment":[{"href":"https:\/\/www.safariredsea.com\/ro\/wp-json\/wp\/v2\/media?parent=15835"}],"curies":[{"name":"wp","href":"https:\/\/api.w.org\/{rel}","templated":true}]}}