{"id":15848,"date":"2022-03-24T04:27:17","date_gmt":"2022-03-24T04:27:17","guid":{"rendered":"http:\/\/safariredsea.com\/?page_id=15848"},"modified":"2022-03-24T09:35:23","modified_gmt":"2022-03-24T09:35:23","slug":"contacteaza-ne","status":"publish","type":"page","link":"https:\/\/www.safariredsea.com\/ro\/contacteaza-ne\/","title":{"rendered":"Contacteaz\u0103-ne"},"content":{"rendered":"<h4 style=\"text-align: center;\">Contact Safari Red Sea<\/h4>\n<p style=\"text-align: center;\">\u00cen cazul \u00een care ave\u021bi \u00eentreb\u0103ri sau ave\u021bi nevoie de ajutorul nostru, nu ezita\u021bi s\u0103 ne contacta\u021bi.<\/p>\n<div class=\"cotactInfoTxt\">\n<p style=\"text-align: left;\">\u00ce\u021bi \u00een\u021belegem preocup\u0103rile legate de c\u0103l\u0103torie \u0219i suntem aici pentru a te ajuta. Dac\u0103 dori\u021bi s\u0103 rezerva\u021bi un tur sau s\u0103 schimba\u021bi data, ora sau pur \u0219i simplu s\u0103 trimite\u021bi o \u00eentrebare general\u0103, completa\u021bi formularul \u0219i alege\u021bi una dintre<strong>\u00a0op\u021biunile de mai jos<\/strong>. Acesta este cel mai rapid mod de a v\u0103 procesa cererea. Dac\u0103 ave\u021bi \u00eentreb\u0103ri sau ave\u021bi nevoie de asisten\u021b\u0103 suplimentar\u0103, echipa noastr\u0103 de asisten\u021b\u0103 pentru clien\u021bi este disponibil\u0103 24\/7 \u00een mai multe limbi <em><a href=\"tel:+201002662664\">+201002662664<\/a><\/em>.<\/p>\n<\/div>\n<div class=\"contact_us_bottom\">\n<div class=\"contact_us_box\">\n<h5 style=\"text-align: center;\">Trimite-ne un mesaj<\/h5>\n<p>Ne str\u0103duim s\u0103 v\u0103 ajut\u0103m prin e-mail, trimite\u021bi-ne mesajul \u0219i v\u0103 vom r\u0103spunde \u00een cel mai scurt timp.<\/p>\n<div class=\"contact_field\" style=\"text-align: center;\">\n<div class=\"wpcf7 no-js\" id=\"wpcf7-f1905-o1\" lang=\"ro-RO\" dir=\"ltr\" data-wpcf7-id=\"1905\">\n<div class=\"screen-reader-response\"><p role=\"status\" aria-live=\"polite\" aria-atomic=\"true\"><\/p> <ul><\/ul><\/div>\n<form action=\"\/ro\/wp-json\/wp\/v2\/pages\/15848#wpcf7-f1905-o1\" method=\"post\" class=\"wpcf7-form init\" aria-label=\"Formular de contact\" novalidate=\"novalidate\" data-status=\"init\">\n<fieldset class=\"hidden-fields-container\"><input type=\"hidden\" name=\"_wpcf7\" value=\"1905\" \/><input type=\"hidden\" name=\"_wpcf7_version\" value=\"6.1.1\" \/><input type=\"hidden\" name=\"_wpcf7_locale\" value=\"ro_RO\" \/><input type=\"hidden\" name=\"_wpcf7_unit_tag\" value=\"wpcf7-f1905-o1\" \/><input type=\"hidden\" name=\"_wpcf7_container_post\" value=\"0\" \/><input type=\"hidden\" name=\"_wpcf7_posted_data_hash\" value=\"\" \/>\n<\/fieldset>\n<div class=\"row\">\n\t<div class=\"col-md-12 col-lg-12 col-sm-12 col-xs-12\">\n\t\t<div class=\"form-group\">\n\t\t\t<p><span class=\"wpcf7-form-control-wrap\" data-name=\"your-name\"><input size=\"40\" maxlength=\"400\" class=\"wpcf7-form-control wpcf7-text wpcf7-validates-as-required form-control\" aria-required=\"true\" aria-invalid=\"false\" placeholder=\"Your Name\" value=\"\" type=\"text\" name=\"your-name\" \/><\/span>\n\t\t\t<\/p>\n\t\t<\/div>\n\t<\/div>\n\t<div class=\"col-md-12 col-lg-12 col-sm-12 col-xs-12\">\n\t\t<div class=\"form-group\">\n\t\t\t<p><span class=\"wpcf7-form-control-wrap\" data-name=\"your-email\"><input size=\"40\" maxlength=\"400\" class=\"wpcf7-form-control wpcf7-email wpcf7-validates-as-required wpcf7-text wpcf7-validates-as-email form-control\" aria-required=\"true\" aria-invalid=\"false\" placeholder=\"Your Email\" value=\"\" type=\"email\" name=\"your-email\" \/><\/span>\n\t\t\t<\/p>\n\t\t<\/div>\n\t<\/div>\n\t<div class=\"col-md-12 col-lg-12 col-sm-12 col-xs-12\">\n\t\t<div class=\"form-group\">\n\t\t\t<p><span class=\"wpcf7-form-control-wrap\" data-name=\"your-subject\"><select class=\"wpcf7-form-control wpcf7-select wpcf7-validates-as-required form-control\" aria-required=\"true\" aria-invalid=\"false\" name=\"your-subject\"><option value=\"\">Subject<\/option><option value=\"Hotel pick-up time\">Hotel pick-up time<\/option><option value=\"Tour Voucher\">Tour Voucher<\/option><option value=\"Booking Cancellation\">Booking Cancellation<\/option><option value=\"Other\">Other<\/option><\/select><\/span>\n\t\t\t<\/p>\n\t\t<\/div>\n\t<\/div>\n\t<div class=\"col-md-12 col-lg-12 col-sm-12 col-xs-12\">\n\t\t<div class=\"form-group\">\n\t\t\t<p><span class=\"wpcf7-form-control-wrap\" data-name=\"your-message\"><textarea cols=\"40\" rows=\"10\" maxlength=\"2000\" class=\"wpcf7-form-control wpcf7-textarea form-control\" aria-invalid=\"false\" placeholder=\"Your Message\" name=\"your-message\"><\/textarea><\/span>\n\t\t\t<\/p>\n\t\t<\/div>\n\t<\/div>\n\t<div class=\"col-md-12 col-lg-12 col-sm-12 col-xs-12\">\n\t\t<div class=\"form-group\">\n\t\t\t<p><input type=\"hidden\" name=\"_wpcf7_captcha_challenge_captcha-1\" value=\"2764357058\" \/><img decoding=\"async\" class=\"wpcf7-form-control wpcf7-captchac wpcf7-captcha-captcha-1\" width=\"72\" height=\"24\" alt=\"captcha\" src=\"https:\/\/www.safariredsea.com\/wp-content\/uploads\/wpcf7_captcha\/2764357058.png\" \/><span class=\"wpcf7-form-control-wrap\" data-name=\"captcha-1\"><input size=\"40\" class=\"wpcf7-form-control wpcf7-captchar\" autocomplete=\"off\" aria-invalid=\"false\" value=\"\" type=\"text\" name=\"captcha-1\" \/><\/span>\n\t\t\t<\/p>\n\t\t<\/div>\n\t<\/div>\n\t<div class=\"col-md-12 col-lg-12 col-sm-12 col-xs-12\">\n\t\t<div class=\"form-group\">\n\t\t\t<p><input class=\"wpcf7-form-control wpcf7-submit has-spinner btn\" type=\"submit\" value=\"Send my Question\" \/>\n\t\t\t<\/p>\n\t\t<\/div>\n\t<\/div>\n<\/div><p style=\"display: none !important;\" class=\"akismet-fields-container\" data-prefix=\"_wpcf7_ak_\"><label>&#916;<textarea name=\"_wpcf7_ak_hp_textarea\" cols=\"45\" rows=\"8\" maxlength=\"100\"><\/textarea><\/label><input type=\"hidden\" id=\"ak_js_1\" name=\"_wpcf7_ak_js\" value=\"133\"\/><script>document.getElementById( \"ak_js_1\" ).setAttribute( \"value\", ( new Date() ).getTime() );<\/script><\/p><div class=\"wpcf7-response-output\" aria-hidden=\"true\"><\/div>\n<\/form>\n<\/div>\n<\/div>\n<\/div>\n<\/div>\n","protected":false},"excerpt":{"rendered":"<p>Contact Safari Red Sea \u00cen cazul \u00een care ave\u021bi \u00eentreb\u0103ri sau ave\u021bi nevoie de ajutorul nostru, nu ezita\u021bi s\u0103 ne contacta\u021bi. \u00ce\u021bi \u00een\u021belegem preocup\u0103rile legate de c\u0103l\u0103torie \u0219i suntem aici pentru a te ajuta. Dac\u0103 dori\u021bi s\u0103 rezerva\u021bi un tur sau s\u0103 schimba\u021bi data, ora sau pur \u0219i simplu s\u0103 trimite\u021bi o \u00eentrebare general\u0103, completa\u021bi [&hellip;]<\/p>\n","protected":false},"author":1,"featured_media":0,"parent":0,"menu_order":0,"comment_status":"closed","ping_status":"closed","template":"page-contact.php","meta":{"_acf_changed":false,"footnotes":""},"class_list":["post-15848","page","type-page","status-publish","hentry","entry"],"acf":[],"_links":{"self":[{"href":"https:\/\/www.safariredsea.com\/ro\/wp-json\/wp\/v2\/pages\/15848","targetHints":{"allow":["GET"]}}],"collection":[{"href":"https:\/\/www.safariredsea.com\/ro\/wp-json\/wp\/v2\/pages"}],"about":[{"href":"https:\/\/www.safariredsea.com\/ro\/wp-json\/wp\/v2\/types\/page"}],"author":[{"embeddable":true,"href":"https:\/\/www.safariredsea.com\/ro\/wp-json\/wp\/v2\/users\/1"}],"replies":[{"embeddable":true,"href":"https:\/\/www.safariredsea.com\/ro\/wp-json\/wp\/v2\/comments?post=15848"}],"version-history":[{"count":4,"href":"https:\/\/www.safariredsea.com\/ro\/wp-json\/wp\/v2\/pages\/15848\/revisions"}],"predecessor-version":[{"id":16014,"href":"https:\/\/www.safariredsea.com\/ro\/wp-json\/wp\/v2\/pages\/15848\/revisions\/16014"}],"wp:attachment":[{"href":"https:\/\/www.safariredsea.com\/ro\/wp-json\/wp\/v2\/media?parent=15848"}],"curies":[{"name":"wp","href":"https:\/\/api.w.org\/{rel}","templated":true}]}}