{"id":15867,"date":"2022-03-24T04:44:56","date_gmt":"2022-03-24T04:44:56","guid":{"rendered":"http:\/\/safariredsea.com\/?page_id=15867"},"modified":"2022-03-24T09:03:24","modified_gmt":"2022-03-24T09:03:24","slug":"termeni-si-conditii","status":"publish","type":"page","link":"https:\/\/www.safariredsea.com\/ro\/termeni-si-conditii\/","title":{"rendered":"Termeni si conditii"},"content":{"rendered":"<p>V\u0103 mul\u021bumim pentru interesul fa\u021b\u0103 de <strong>Safari Red Sea<\/strong>, rezervarea turului dumneavoastr\u0103 Safari se poate face prin intermediul site-ului nostru online. Odat\u0103 ce a\u021bi f\u0103cut rezervarea pachetului Safari, acesta va fi considerat c\u0103 a\u021bi citit termenii \u0219i condi\u021biile asociate cu turul dvs. V\u0103 rug\u0103m s\u0103 discuta\u021bi \u00een detaliu termenii \u0219i condi\u021biile \u00eenainte de a beneficia de rezervare. Ne rezerv\u0103m dreptul de a schimba\/amenda orice politic\u0103, \u00een orice moment, \u021bin\u00e2nd cont de circumstan\u021be.<\/p>\n<p><strong>1. PRE\u021aURI \u0218I TARIFE<\/strong><br \/>\nPolitica noastr\u0103 este asigurarea unei evalu\u0103ri reglementare, pe l\u00e2ng\u0103 cazarea \u0219i rezervarea locului de preluare pe web. Planul de costuri cotat pentru pachetul turistic, pe site-ul nostru este calculat pe persoan\u0103\/persoan\u0103. Aceste costuri nu includ niciun fel de bac\u0219i\u0219 pentru lucr\u0103torii\/personalul \u0219i \u0219oferii. Tarifele men\u021bionate pe site-ul nostru web pot fi modificate f\u0103r\u0103 nicio notificare prealabil\u0103. Aceast\u0103 cre\u0219tere sau sc\u0103dere se va face numai atunci c\u00e2nd pre\u021burile la combustibil, rata for\u021bei de munc\u0103, tarifele de cazare sau orice tarif de transport sunt afectate economic.<\/p>\n<p><strong>2. MOD DE PLATA<\/strong><br \/>\n\u00cen momentul ridic\u0103rii, clientul trebuie s\u0103 pl\u0103teasc\u0103 integral \u00een numerar. Clien\u021bii pot pl\u0103ti \u0219i online cu cardul de credit.<\/p>\n<p><strong>3. CONFIRMARE<\/strong><br \/>\nC\u00e2nd rezerva\u021bi cu noi, personalul nostru de tur v\u0103 va reveni cu un e-mail de confirmare. Sunte\u021bi rugat s\u0103 parcurge\u021bi planul oferit, deoarece personalul nostru v\u0103 ofer\u0103 cel mai bun plan de meci \u00een func\u021bie de sezon.<\/p>\n<p><strong>4. ANULARE &amp; POLITICA DE NU PREZENTARE<\/strong><br \/>\n<strong>4.1<\/strong> Anulare<br \/>\n\u2022 \u00cen cazul oric\u0103rei anul\u0103ri, se pot aplica taxe.<br \/>\n\u2022 Nu se vor aplica taxe \u00een cazul modific\u0103rii sau revizuirii planului \u00eenainte de 24 de ore.<br \/>\n\u2022 \u00cen cazul modific\u0103rii sau anul\u0103rii turului \u00een termen de 24 de ore, se vor deduce taxele de 50%.<br \/>\n\u2022 \u00cen cazul modific\u0103rii, modific\u0103rilor sau anul\u0103rii turului cu c\u00e2teva ore \u00eenainte, se vor deduce taxele 100%. \u0218i nu vor fi returna\u021bi numerar.<br \/>\n<strong>4.2<\/strong> Nicio prezentare<br \/>\nDac\u0103 nu v\u0103 prezenta\u021bi la tur, atunci toate reducerile oferite vor duce la anulare \u0219i nu vor putea fi utilizate data viitoare. \u00cen cazul reprogram\u0103rii, va fi considerat\u0103 vizita dumneavoastr\u0103 confirmat\u0103.<\/p>\n<p><strong>5. PROCEDURI DE ANULARE<\/strong><br \/>\n\u00cenainte de a merge la orice anulare, v\u0103 suger\u0103m s\u0103 citi\u021bi cu aten\u021bie regulile \u0219i regulamentele de anulare care se aplic\u0103 turului Safari selectat. Pentru a anula complet sau oricare dintre activit\u0103\u021bile rezervate, asigura\u021bi-v\u0103 c\u0103 a\u021bi informat Safari Red Sea despre aceasta, \u00een caz contrar, va fi considerat\u0103 ultima rezervare finalizat\u0103 cu noi. Pe m\u0103sur\u0103 ce genera\u021bi o cerere de anulare, v\u0103 vom reveni prin e-mail sau printr-un apel telefonic, confirm\u00e2nd c\u0103 am confirmat solicitarea dvs. \u0219i, de asemenea, dac\u0103 se aplic\u0103 taxe la anulare. Safari Red Sea nu este responsabil pentru nicio tax\u0103 f\u0103cut\u0103 \u00eempotriva anul\u0103rii sau pentru cele care nu au fost confirmate de noi.<\/p>\n<p><strong>6. ALTER\u0102RI DE ITINERARE<\/strong><br \/>\nG\u0103sirea direc\u021biei \u0219i instruc\u021biunile securizate \u00een pachetul dvs. sunt susceptibile de a se modifica captivant, \u021bin\u00e2nd cont de condi\u021biile vecine\/meteologice, planurile de direc\u021bie a drumului \u0219i alte lucruri legate de acesta. Daca in caz de ambiguitate puteti contacta direct managementul pentru a va oferi cea mai buna alternativa in functie de disponibilitate. Safari Red Sea \u00ee\u0219i rezerv\u0103 dreptul complet de a efectua modific\u0103ri\/ajust\u0103ri u\u0219oare \u00een program ori de c\u00e2te ori este necesar, f\u0103r\u0103 nicio rambursare asociat\u0103 cu aceasta. \u00cen plus, nu s-ar pl\u0103ti nicio desp\u0103gubire pentru incidentul oric\u0103ror dezastre naturale, cum ar fi inunda\u021bii \u0219i cutremure.<\/p>\n<p><strong>7. ASIGURARE DE C\u0102L\u0102TORI<\/strong><br \/>\nSafari Red Sea nu este responsabil pentru niciun incident sau orice daune ca urmare a oric\u0103rui accident, boal\u0103, deteriorare sau pierdere a bunurilor individuale sau chiar retragerea turului. Este foarte recomandat ca C\u0103l\u0103torul s\u0103 treac\u0103 printr-o politic\u0103 de protec\u021bie a c\u0103l\u0103toriei pentru a face fa\u021b\u0103 incidentelor nea\u0219teptate.<\/p>\n<p><strong>9. LIMITARI DE UTILIZARE A SITE-ULUI WEB<\/strong><br \/>\nToate materialele de pe acest site apar\u021bin doar Safari Red Sea, inclusiv logo-ul acestuia, imaginile, datele furnizate pe pachetele turistice, evaluarea punctelor de interes \u0219i alte componente importante \u0219i delicate, apar\u021bin\u00e2nd \u00een \u00eentregime Safari Red Sea. Sunte\u021bi de acord s\u0103 nu abuza\u021bi de acest site sau de orice material \u00een scopuri non-individuale, de afaceri sau ilegale.<\/p>\n<p>&nbsp;<\/p>\n","protected":false},"excerpt":{"rendered":"<p>V\u0103 mul\u021bumim pentru interesul fa\u021b\u0103 de Safari Red Sea, rezervarea turului dumneavoastr\u0103 Safari se poate face prin intermediul site-ului nostru online. Odat\u0103 ce a\u021bi f\u0103cut rezervarea pachetului Safari, acesta va fi considerat c\u0103 a\u021bi citit termenii \u0219i condi\u021biile asociate cu turul dvs. V\u0103 rug\u0103m s\u0103 discuta\u021bi \u00een detaliu termenii \u0219i condi\u021biile \u00eenainte de a beneficia [&hellip;]<\/p>\n","protected":false},"author":1,"featured_media":0,"parent":0,"menu_order":0,"comment_status":"closed","ping_status":"closed","template":"","meta":{"_acf_changed":false,"footnotes":""},"class_list":["post-15867","page","type-page","status-publish","hentry","entry"],"acf":[],"_links":{"self":[{"href":"https:\/\/www.safariredsea.com\/ro\/wp-json\/wp\/v2\/pages\/15867","targetHints":{"allow":["GET"]}}],"collection":[{"href":"https:\/\/www.safariredsea.com\/ro\/wp-json\/wp\/v2\/pages"}],"about":[{"href":"https:\/\/www.safariredsea.com\/ro\/wp-json\/wp\/v2\/types\/page"}],"author":[{"embeddable":true,"href":"https:\/\/www.safariredsea.com\/ro\/wp-json\/wp\/v2\/users\/1"}],"replies":[{"embeddable":true,"href":"https:\/\/www.safariredsea.com\/ro\/wp-json\/wp\/v2\/comments?post=15867"}],"version-history":[{"count":2,"href":"https:\/\/www.safariredsea.com\/ro\/wp-json\/wp\/v2\/pages\/15867\/revisions"}],"predecessor-version":[{"id":15985,"href":"https:\/\/www.safariredsea.com\/ro\/wp-json\/wp\/v2\/pages\/15867\/revisions\/15985"}],"wp:attachment":[{"href":"https:\/\/www.safariredsea.com\/ro\/wp-json\/wp\/v2\/media?parent=15867"}],"curies":[{"name":"wp","href":"https:\/\/api.w.org\/{rel}","templated":true}]}}