{"id":15915,"date":"2022-03-24T05:42:40","date_gmt":"2022-03-24T05:42:40","guid":{"rendered":"http:\/\/safariredsea.com\/?page_id=15915"},"modified":"2022-03-24T09:14:46","modified_gmt":"2022-03-24T09:14:46","slug":"politica-de-confidentialitate","status":"publish","type":"page","link":"https:\/\/www.safariredsea.com\/ro\/politica-de-confidentialitate\/","title":{"rendered":"Politica de Confiden\u021bialitate"},"content":{"rendered":"<p><em><strong>Ultima actualizare: 2022-03-15<\/strong><\/em><\/p>\n<p><strong>POLITICA DE CONFIDENTIALITATE<\/strong><br \/>\nSite-ul web <strong>Safariredsea.com<\/strong> indic\u0103 doar siguran\u021ba clien\u021bilor s\u0103i care \u00eel folosesc. Aceast\u0103 politic\u0103 de confiden\u021bialitate apar\u021bine numai <strong>Safari Red Sea<\/strong> Siguran\u021ba clien\u021bilor este prima noastr\u0103 prioritate \u0219i face parte din politica noastr\u0103, acord\u0103m prioritate maxim\u0103 clien\u021bilor no\u0219tri, \u00eendeplinind cerin\u021bele lor respective, inclusiv drepturile site-ului \u0219i ale proprietarilor site-ului . Mai mult, modul \u00een care acest site utilit\u0103\u021bile, stocurile \u0219i documentele clien\u021bilor sunt \u00eenregistrate \u00een mod similar \u00een cadrul acestei proceduri.<\/p>\n<p><strong>SITE-UL<\/strong><br \/>\nAcest site web \u0219i de\u021bin\u0103torii s\u0103i exclusivi adopt\u0103 o abordare practic\u0103 pentru a se ocupa de protec\u021bia clien\u021bilor \u0219i se asigur\u0103 c\u0103 c\u0103l\u0103toria dinamic\u0103 a avut-o pentru a confirma securitatea clien\u021bilor s\u0103i pe parcursul experien\u021bei lor aventuroase de c\u0103l\u0103torie.<\/p>\n<p><strong>UTILIZAREA COOKIELOR<\/strong><br \/>\nPentru a \u00eembun\u0103t\u0103\u021bi rela\u021biile cu clien\u021bii, acest site web con\u021bine cookie-uri, \u00een timp ce navighezi pe acest site. Acolo unde este cazul, acest site folose\u0219te cookie-uri cadru organizat care autorizeaz\u0103 clientul, ori de c\u00e2te ori navigheaz\u0103 ini\u021bial pe site \u0219i, de asemenea, le permite s\u0103 autorizeze sau s\u0103 evite utilizarea cookie-urilor pe computerele lor sau pe alte dispozitive inteligente. Pentru a evita orice cookie-uri de pe acest site, clien\u021bii sunt sugera\u021bi ca, dac\u0103 doresc s\u0103 refuze utilizarea cookie-urilor \u0219i, de asemenea, partajarea cookie-urilor de pe site-ul Safariredsea.com, trebuie s\u0103 utilizeze set\u0103rile de confiden\u021bialitate ale programelor web \u00een acest caz.<\/p>\n<p>Acest site web practic\u0103 software de urm\u0103rire, de asemenea, software a fost dezvoltat sub Google Analytics, care practic\u0103 cookie-uri pentru a urm\u0103ri activitatea utilizatorului. Acest software stocheaz\u0103 un cookie pe dispozitivul de stocare al computerului cu un anumit rezultat pentru a urm\u0103ri \u0219i monitoriza mi\u0219carea dvs. \u0219i orice face\u021bi \u00een timp ce consuma\u021bi \u0219i utiliza\u021bi site-ul web, de\u0219i nu va stoca sau colecta date individuale. Pentru orice ambiguitate, vi se sugereaz\u0103 s\u0103 urma\u021bi acordul de securitate al Google. \u00cen orice caz, nu colect\u0103m niciun fel de date \u0219i nu le salv\u0103m pentru referin\u021be viitoare.<\/p>\n<p><strong>CONTACT &amp; COMUNICARE<\/strong><br \/>\nDatele dumneavoastr\u0103 private sunt rezervate confiden\u021biale \u0219i p\u0103strate cu aten\u021bie \u00een baza noastr\u0103 de date, iar acele date sunt doar pentru perioada de timp, pentru utilizarea cerin\u021belor noastre, a\u0219a cum se precizeaz\u0103 \u00een Protec\u021bia datelor.<\/p>\n<p><strong>Buletin informativ prin e-mail<\/strong><br \/>\nComunic\u0103m \u0219i folosim informa\u021biile actualizate prin scrisorile noastre de e-mail, abona\u021bii sunt actualiza\u021bi prin produsele \u0219i serviciile noastre furnizate de acest site web. Clien\u021bii complet dornici se pot abona prin procesul nostru programat online.<\/p>\n<p><strong>CONTINUT EXTERN<\/strong><br \/>\nPozele f\u0103cute sunt de la ter\u021bi. Tot con\u021binutul este de\u021binut de <strong>Safari Red Sea<\/strong>. Site-ul nu ar trebui s\u0103 fie deliberat \u00een responsabilitatea vreunei v\u0103t\u0103m\u0103ri sub nicio form\u0103 la orice punct specificat. PUBLICITATE \u0218I LINK-URI SPONSORIZATE Acest site web are reclame \u0219i pu\u021bine link-uri acceptate, care sunt \u00een general ajutate de conexiunile noastre publicitare, care respect\u0103 politicile de confiden\u021bialitate referitoare la reclamele pe care le difuzeaz\u0103. Ori de c\u00e2te ori da\u021bi clic pe link sau pe orice reclam\u0103, aceasta v\u0103 va reflecta c\u0103tre pagina principal\u0103 de publicitate. Acesta poate con\u021bine, de asemenea, consumul de cookie-uri care, \u00een schimb, pot fi p\u0103strate pe unitatea de stocare a computerului dumneavoastr\u0103. PLATFORME DE RE\u021aE SOCIAL\u0102 Clien\u021bii sunt sf\u0103tui\u021bi s\u0103 foloseasc\u0103 platformele de re\u021bele online cu pruden\u021b\u0103 \u0219i s\u0103 contribuie cu o atitudine receptiv\u0103 \u0219i s\u0103 partajeze cu aten\u021bie informa\u021bii personale sau sensibile prin platformele de re\u021bele online. Este foarte recomandat s\u0103 partaja\u021bi informa\u021bii folosind un canal autentic solid.<\/p>\n","protected":false},"excerpt":{"rendered":"<p>Ultima actualizare: 2022-03-15 POLITICA DE CONFIDENTIALITATE Site-ul web Safariredsea.com indic\u0103 doar siguran\u021ba clien\u021bilor s\u0103i care \u00eel folosesc. Aceast\u0103 politic\u0103 de confiden\u021bialitate apar\u021bine numai Safari Red Sea Siguran\u021ba clien\u021bilor este prima noastr\u0103 prioritate \u0219i face parte din politica noastr\u0103, acord\u0103m prioritate maxim\u0103 clien\u021bilor no\u0219tri, \u00eendeplinind cerin\u021bele lor respective, inclusiv drepturile site-ului \u0219i ale proprietarilor site-ului . [&hellip;]<\/p>\n","protected":false},"author":1,"featured_media":0,"parent":0,"menu_order":0,"comment_status":"closed","ping_status":"closed","template":"","meta":{"_acf_changed":false,"footnotes":""},"class_list":["post-15915","page","type-page","status-publish","hentry","entry"],"acf":[],"_links":{"self":[{"href":"https:\/\/www.safariredsea.com\/ro\/wp-json\/wp\/v2\/pages\/15915","targetHints":{"allow":["GET"]}}],"collection":[{"href":"https:\/\/www.safariredsea.com\/ro\/wp-json\/wp\/v2\/pages"}],"about":[{"href":"https:\/\/www.safariredsea.com\/ro\/wp-json\/wp\/v2\/types\/page"}],"author":[{"embeddable":true,"href":"https:\/\/www.safariredsea.com\/ro\/wp-json\/wp\/v2\/users\/1"}],"replies":[{"embeddable":true,"href":"https:\/\/www.safariredsea.com\/ro\/wp-json\/wp\/v2\/comments?post=15915"}],"version-history":[{"count":2,"href":"https:\/\/www.safariredsea.com\/ro\/wp-json\/wp\/v2\/pages\/15915\/revisions"}],"predecessor-version":[{"id":16000,"href":"https:\/\/www.safariredsea.com\/ro\/wp-json\/wp\/v2\/pages\/15915\/revisions\/16000"}],"wp:attachment":[{"href":"https:\/\/www.safariredsea.com\/ro\/wp-json\/wp\/v2\/media?parent=15915"}],"curies":[{"name":"wp","href":"https:\/\/api.w.org\/{rel}","templated":true}]}}