{"id":16093,"date":"2022-03-31T10:10:43","date_gmt":"2022-03-31T10:10:43","guid":{"rendered":"http:\/\/safariredsea.com\/?page_id=16093"},"modified":"2022-03-31T10:12:29","modified_gmt":"2022-03-31T10:12:29","slug":"despre-noi","status":"publish","type":"page","link":"https:\/\/www.safariredsea.com\/ro\/despre-noi\/","title":{"rendered":"Despre noi"},"content":{"rendered":"<h1>Cine suntem<\/h1>\n<p><strong>Nr. 1<\/strong> Furnizor de safari \u00een Marea Ro\u0219ie, Hurghada, El Gouna, Golful Makadi, Golful Soma, Marsa Alam \u0219i Sharm El Sheikh.<\/p>\n<p><strong>Safari Red Sea<\/strong> ofer\u0103 o gam\u0103 larg\u0103 de pachete Safari all-inclusive \u00een Egipt pentru diferite tipuri de safari \u00een de\u0219ert, cu multe op\u021biuni suplimentare, cum ar fi amatorii de aventuri off-road, cum ar fi dune buggy \u0219i quad biciclete cu ghizi profesioni\u0219ti califica\u021bi. .<\/p>\n<p>Toate <strong>ma\u0219inile 4&#215;4<\/strong>, <strong>quad-bicicletele<\/strong>, <strong>Dune Buggy<\/strong> sunt noi \u0219i bine \u00eentre\u021binute doar pentru a fi preg\u0103tite pentru dvs., cu \u0219oferi \u0219i ghizi autoriza\u021bi.<\/p>\n<p>Suntem cel mai preferat agent online pentru rezerv\u0103rile de <strong>safari \u00een de\u0219ert Hurghada<\/strong>, deoarece nu credem \u00een c\u00e2\u0219tigul de bani \u00een plus doar pentru c\u0103 avem o \u0219ans\u0103.<\/p>\n<p>Da! Tu visezi \u0219i noi te ajut\u0103m s\u0103-\u021bi \u00eempline\u0219ti visul cu entuziasm. Rezerv\u0103 acum \u0219i bucur\u0103-te de diferen\u021ba cu noi.<\/p>\n<h2><strong>De ce s\u0103 rezerva\u021bi excursii cu Safari Red Sea?<\/strong><\/h2>\n<div class=\"abtlst\">\n<ul>\n<li><i><img decoding=\"async\" src=\"http:\/\/safariredsea.com\/wp-content\/uploads\/assets\/destination1.png\" alt=\"\" \/><\/i><em>Varietate de op\u021biuni Safari , Loca\u021bii.<\/em><\/li>\n<li><i><img decoding=\"async\" src=\"http:\/\/safariredsea.com\/wp-content\/uploads\/assets\/Group1838.png\" alt=\"\" \/><\/i><em>Rezervare \u0219i pl\u0103\u021bi online sunt sigure \u0219i simple.<\/em><\/li>\n<li><i><img decoding=\"async\" src=\"http:\/\/safariredsea.com\/wp-content\/uploads\/assets\/Group.png\" alt=\"\" \/><\/i><em>Top Local Guides. <\/em><\/li>\n<\/ul>\n<ul>\n<li><i><img decoding=\"async\" src=\"http:\/\/safariredsea.com\/wp-content\/uploads\/assets\/offer1.png\" alt=\"\" \/><\/i><em>Cel mai bun pre\u021b la web.<\/em><\/li>\n<li><i><img decoding=\"async\" src=\"http:\/\/safariredsea.com\/wp-content\/uploads\/assets\/honesty1.png\" alt=\"\" \/><\/i><em>Organiza\u021bie autorizat\u0103 pe care o pot avea \u00eencredere.<\/em><\/li>\n<li><i><img decoding=\"async\" src=\"http:\/\/safariredsea.com\/wp-content\/uploads\/assets\/Vector.png\" alt=\"\" \/><\/i><em>Serviciul prietenos pentru clien\u021bi 24 \/7.<\/em><\/li>\n<\/ul>\n<\/div>\n","protected":false},"excerpt":{"rendered":"<p>Cine suntem Nr. 1 Furnizor de safari \u00een Marea Ro\u0219ie, Hurghada, El Gouna, Golful Makadi, Golful Soma, Marsa Alam \u0219i Sharm El Sheikh. Safari Red Sea ofer\u0103 o gam\u0103 larg\u0103 de pachete Safari all-inclusive \u00een Egipt pentru diferite tipuri de safari \u00een de\u0219ert, cu multe op\u021biuni suplimentare, cum ar fi amatorii de aventuri off-road, cum [&hellip;]<\/p>\n","protected":false},"author":1,"featured_media":16050,"parent":0,"menu_order":0,"comment_status":"closed","ping_status":"closed","template":"","meta":{"_acf_changed":false,"footnotes":""},"class_list":["post-16093","page","type-page","status-publish","has-post-thumbnail","hentry","entry"],"acf":[],"_links":{"self":[{"href":"https:\/\/www.safariredsea.com\/ro\/wp-json\/wp\/v2\/pages\/16093","targetHints":{"allow":["GET"]}}],"collection":[{"href":"https:\/\/www.safariredsea.com\/ro\/wp-json\/wp\/v2\/pages"}],"about":[{"href":"https:\/\/www.safariredsea.com\/ro\/wp-json\/wp\/v2\/types\/page"}],"author":[{"embeddable":true,"href":"https:\/\/www.safariredsea.com\/ro\/wp-json\/wp\/v2\/users\/1"}],"replies":[{"embeddable":true,"href":"https:\/\/www.safariredsea.com\/ro\/wp-json\/wp\/v2\/comments?post=16093"}],"version-history":[{"count":2,"href":"https:\/\/www.safariredsea.com\/ro\/wp-json\/wp\/v2\/pages\/16093\/revisions"}],"predecessor-version":[{"id":16096,"href":"https:\/\/www.safariredsea.com\/ro\/wp-json\/wp\/v2\/pages\/16093\/revisions\/16096"}],"wp:featuredmedia":[{"embeddable":true,"href":"https:\/\/www.safariredsea.com\/ro\/wp-json\/wp\/v2\/media\/16050"}],"wp:attachment":[{"href":"https:\/\/www.safariredsea.com\/ro\/wp-json\/wp\/v2\/media?parent=16093"}],"curies":[{"name":"wp","href":"https:\/\/api.w.org\/{rel}","templated":true}]}}