{"id":9512,"date":"2022-02-07T14:36:28","date_gmt":"2022-02-07T14:36:28","guid":{"rendered":"http:\/\/safariredsea.com\/?page_id=9512"},"modified":"2025-08-16T01:29:53","modified_gmt":"2025-08-15T22:29:53","slug":"tur-de-safari-marin-in-buggy-in-golful-makadi","status":"publish","type":"page","link":"https:\/\/www.safariredsea.com\/ro\/tur-de-safari-marin-in-buggy-in-golful-makadi\/","title":{"rendered":"Tur de safari marin \u00een buggy \u00een golful Makadi"},"content":{"rendered":"<p>Tur de safari marin \u00een buggy \u00een golful Makadi<\/p>\n","protected":false},"excerpt":{"rendered":"<p>Tur de safari marin \u00een buggy \u00een golful Makadi<\/p>\n","protected":false},"author":1,"featured_media":9035,"parent":0,"menu_order":0,"comment_status":"closed","ping_status":"closed","template":"page-tours.php","meta":{"_acf_changed":false,"footnotes":""},"class_list":["post-9512","page","type-page","status-publish","has-post-thumbnail","hentry","entry"],"acf":[],"_links":{"self":[{"href":"https:\/\/www.safariredsea.com\/ro\/wp-json\/wp\/v2\/pages\/9512","targetHints":{"allow":["GET"]}}],"collection":[{"href":"https:\/\/www.safariredsea.com\/ro\/wp-json\/wp\/v2\/pages"}],"about":[{"href":"https:\/\/www.safariredsea.com\/ro\/wp-json\/wp\/v2\/types\/page"}],"author":[{"embeddable":true,"href":"https:\/\/www.safariredsea.com\/ro\/wp-json\/wp\/v2\/users\/1"}],"replies":[{"embeddable":true,"href":"https:\/\/www.safariredsea.com\/ro\/wp-json\/wp\/v2\/comments?post=9512"}],"version-history":[{"count":12,"href":"https:\/\/www.safariredsea.com\/ro\/wp-json\/wp\/v2\/pages\/9512\/revisions"}],"predecessor-version":[{"id":18620,"href":"https:\/\/www.safariredsea.com\/ro\/wp-json\/wp\/v2\/pages\/9512\/revisions\/18620"}],"wp:featuredmedia":[{"embeddable":true,"href":"https:\/\/www.safariredsea.com\/ro\/wp-json\/wp\/v2\/media\/9035"}],"wp:attachment":[{"href":"https:\/\/www.safariredsea.com\/ro\/wp-json\/wp\/v2\/media?parent=9512"}],"curies":[{"name":"wp","href":"https:\/\/api.w.org\/{rel}","templated":true}]}}