{"id":9543,"date":"2022-02-07T19:22:58","date_gmt":"2022-02-07T19:22:58","guid":{"rendered":"http:\/\/safariredsea.com\/?page_id=9543"},"modified":"2025-08-16T01:43:58","modified_gmt":"2025-08-15T22:43:58","slug":"safari-in-buggy-din-golful-makadi-catre-valea-beduinilor","status":"publish","type":"page","link":"https:\/\/www.safariredsea.com\/ro\/safari-in-buggy-din-golful-makadi-catre-valea-beduinilor\/","title":{"rendered":"Safari \u00een Buggy din Golful Makadi c\u0103tre Valea Beduinilor"},"content":{"rendered":"<p>Safari \u00een Buggy din Golful Makadi c\u0103tre Valea Beduinilor<\/p>\n","protected":false},"excerpt":{"rendered":"<p>Safari \u00een Buggy din Golful Makadi c\u0103tre Valea Beduinilor<\/p>\n","protected":false},"author":1,"featured_media":4715,"parent":0,"menu_order":0,"comment_status":"closed","ping_status":"closed","template":"page-tours.php","meta":{"_acf_changed":false,"footnotes":""},"class_list":["post-9543","page","type-page","status-publish","has-post-thumbnail","hentry","entry"],"acf":[],"_links":{"self":[{"href":"https:\/\/www.safariredsea.com\/ro\/wp-json\/wp\/v2\/pages\/9543","targetHints":{"allow":["GET"]}}],"collection":[{"href":"https:\/\/www.safariredsea.com\/ro\/wp-json\/wp\/v2\/pages"}],"about":[{"href":"https:\/\/www.safariredsea.com\/ro\/wp-json\/wp\/v2\/types\/page"}],"author":[{"embeddable":true,"href":"https:\/\/www.safariredsea.com\/ro\/wp-json\/wp\/v2\/users\/1"}],"replies":[{"embeddable":true,"href":"https:\/\/www.safariredsea.com\/ro\/wp-json\/wp\/v2\/comments?post=9543"}],"version-history":[{"count":13,"href":"https:\/\/www.safariredsea.com\/ro\/wp-json\/wp\/v2\/pages\/9543\/revisions"}],"predecessor-version":[{"id":18632,"href":"https:\/\/www.safariredsea.com\/ro\/wp-json\/wp\/v2\/pages\/9543\/revisions\/18632"}],"wp:featuredmedia":[{"embeddable":true,"href":"https:\/\/www.safariredsea.com\/ro\/wp-json\/wp\/v2\/media\/4715"}],"wp:attachment":[{"href":"https:\/\/www.safariredsea.com\/ro\/wp-json\/wp\/v2\/media?parent=9543"}],"curies":[{"name":"wp","href":"https:\/\/api.w.org\/{rel}","templated":true}]}}