{"id":9701,"date":"2022-02-09T18:35:55","date_gmt":"2022-02-09T18:35:55","guid":{"rendered":"http:\/\/safariredsea.com\/?page_id=9701"},"modified":"2025-08-15T13:46:04","modified_gmt":"2025-08-15T10:46:04","slug":"hurghada-jeep-safari-pana-la-grand-valley","status":"publish","type":"page","link":"https:\/\/www.safariredsea.com\/ro\/hurghada-jeep-safari-pana-la-grand-valley\/","title":{"rendered":"Hurghada Jeep Safari p\u00e2n\u0103 la Grand Valley"},"content":{"rendered":"<p>Hurghada Jeep Safari p\u00e2n\u0103 la Grand Valley<\/p>\n","protected":false},"excerpt":{"rendered":"<p>Hurghada Jeep Safari p\u00e2n\u0103 la Grand Valley<\/p>\n","protected":false},"author":1,"featured_media":4051,"parent":0,"menu_order":0,"comment_status":"closed","ping_status":"closed","template":"page-tours.php","meta":{"_acf_changed":false,"footnotes":""},"class_list":["post-9701","page","type-page","status-publish","has-post-thumbnail","hentry","entry"],"acf":[],"_links":{"self":[{"href":"https:\/\/www.safariredsea.com\/ro\/wp-json\/wp\/v2\/pages\/9701","targetHints":{"allow":["GET"]}}],"collection":[{"href":"https:\/\/www.safariredsea.com\/ro\/wp-json\/wp\/v2\/pages"}],"about":[{"href":"https:\/\/www.safariredsea.com\/ro\/wp-json\/wp\/v2\/types\/page"}],"author":[{"embeddable":true,"href":"https:\/\/www.safariredsea.com\/ro\/wp-json\/wp\/v2\/users\/1"}],"replies":[{"embeddable":true,"href":"https:\/\/www.safariredsea.com\/ro\/wp-json\/wp\/v2\/comments?post=9701"}],"version-history":[{"count":15,"href":"https:\/\/www.safariredsea.com\/ro\/wp-json\/wp\/v2\/pages\/9701\/revisions"}],"predecessor-version":[{"id":18602,"href":"https:\/\/www.safariredsea.com\/ro\/wp-json\/wp\/v2\/pages\/9701\/revisions\/18602"}],"wp:featuredmedia":[{"embeddable":true,"href":"https:\/\/www.safariredsea.com\/ro\/wp-json\/wp\/v2\/media\/4051"}],"wp:attachment":[{"href":"https:\/\/www.safariredsea.com\/ro\/wp-json\/wp\/v2\/media?parent=9701"}],"curies":[{"name":"wp","href":"https:\/\/api.w.org\/{rel}","templated":true}]}}