{"id":9815,"date":"2022-02-10T01:07:21","date_gmt":"2022-02-10T01:07:21","guid":{"rendered":"http:\/\/safariredsea.com\/?page_id=9815"},"modified":"2025-08-17T23:39:16","modified_gmt":"2025-08-17T20:39:16","slug":"eveniment-cu-luna-plina-marsa-alam","status":"publish","type":"page","link":"https:\/\/www.safariredsea.com\/ro\/eveniment-cu-luna-plina-marsa-alam\/","title":{"rendered":"Eveniment cu lun\u0103 plin\u0103, Marsa Alam"},"content":{"rendered":"<p>Eveniment cu lun\u0103 plin\u0103, Marsa Alam<\/p>\n","protected":false},"excerpt":{"rendered":"<p>Eveniment cu lun\u0103 plin\u0103, Marsa Alam<\/p>\n","protected":false},"author":1,"featured_media":6128,"parent":0,"menu_order":0,"comment_status":"closed","ping_status":"closed","template":"page-tours.php","meta":{"_acf_changed":false,"footnotes":""},"class_list":["post-9815","page","type-page","status-publish","has-post-thumbnail","hentry","entry"],"acf":[],"_links":{"self":[{"href":"https:\/\/www.safariredsea.com\/ro\/wp-json\/wp\/v2\/pages\/9815","targetHints":{"allow":["GET"]}}],"collection":[{"href":"https:\/\/www.safariredsea.com\/ro\/wp-json\/wp\/v2\/pages"}],"about":[{"href":"https:\/\/www.safariredsea.com\/ro\/wp-json\/wp\/v2\/types\/page"}],"author":[{"embeddable":true,"href":"https:\/\/www.safariredsea.com\/ro\/wp-json\/wp\/v2\/users\/1"}],"replies":[{"embeddable":true,"href":"https:\/\/www.safariredsea.com\/ro\/wp-json\/wp\/v2\/comments?post=9815"}],"version-history":[{"count":10,"href":"https:\/\/www.safariredsea.com\/ro\/wp-json\/wp\/v2\/pages\/9815\/revisions"}],"predecessor-version":[{"id":18804,"href":"https:\/\/www.safariredsea.com\/ro\/wp-json\/wp\/v2\/pages\/9815\/revisions\/18804"}],"wp:featuredmedia":[{"embeddable":true,"href":"https:\/\/www.safariredsea.com\/ro\/wp-json\/wp\/v2\/media\/6128"}],"wp:attachment":[{"href":"https:\/\/www.safariredsea.com\/ro\/wp-json\/wp\/v2\/media?parent=9815"}],"curies":[{"name":"wp","href":"https:\/\/api.w.org\/{rel}","templated":true}]}}