{"id":9878,"date":"2022-02-10T12:53:16","date_gmt":"2022-02-10T12:53:16","guid":{"rendered":"http:\/\/safariredsea.com\/?page_id=9878"},"modified":"2025-08-16T14:06:09","modified_gmt":"2025-08-16T11:06:09","slug":"safari-in-golful-makadi-cu-quad-bike-catre-valea-beduinilor-cu-apus","status":"publish","type":"page","link":"https:\/\/www.safariredsea.com\/ro\/safari-in-golful-makadi-cu-quad-bike-catre-valea-beduinilor-cu-apus\/","title":{"rendered":"Safari \u00een golful Makadi cu Quad Bike c\u0103tre Valea Beduinilor cu apus"},"content":{"rendered":"<p>Safari \u00een golful Makadi cu Quad Bike c\u0103tre Valea Beduinilor cu apus<\/p>\n","protected":false},"excerpt":{"rendered":"<p>Safari \u00een golful Makadi cu Quad Bike c\u0103tre Valea Beduinilor cu apus<\/p>\n","protected":false},"author":1,"featured_media":16867,"parent":0,"menu_order":0,"comment_status":"closed","ping_status":"closed","template":"page-tours.php","meta":{"_acf_changed":false,"footnotes":""},"class_list":["post-9878","page","type-page","status-publish","has-post-thumbnail","hentry","entry"],"acf":[],"_links":{"self":[{"href":"https:\/\/www.safariredsea.com\/ro\/wp-json\/wp\/v2\/pages\/9878","targetHints":{"allow":["GET"]}}],"collection":[{"href":"https:\/\/www.safariredsea.com\/ro\/wp-json\/wp\/v2\/pages"}],"about":[{"href":"https:\/\/www.safariredsea.com\/ro\/wp-json\/wp\/v2\/types\/page"}],"author":[{"embeddable":true,"href":"https:\/\/www.safariredsea.com\/ro\/wp-json\/wp\/v2\/users\/1"}],"replies":[{"embeddable":true,"href":"https:\/\/www.safariredsea.com\/ro\/wp-json\/wp\/v2\/comments?post=9878"}],"version-history":[{"count":12,"href":"https:\/\/www.safariredsea.com\/ro\/wp-json\/wp\/v2\/pages\/9878\/revisions"}],"predecessor-version":[{"id":18674,"href":"https:\/\/www.safariredsea.com\/ro\/wp-json\/wp\/v2\/pages\/9878\/revisions\/18674"}],"wp:featuredmedia":[{"embeddable":true,"href":"https:\/\/www.safariredsea.com\/ro\/wp-json\/wp\/v2\/media\/16867"}],"wp:attachment":[{"href":"https:\/\/www.safariredsea.com\/ro\/wp-json\/wp\/v2\/media?parent=9878"}],"curies":[{"name":"wp","href":"https:\/\/api.w.org\/{rel}","templated":true}]}}